{"id":732877,"date":"2025-08-27T21:59:03","date_gmt":"2025-08-27T18:59:03","guid":{"rendered":"https:\/\/roveyayinevi.com.tr\/index.php\/urun\/merhale\/"},"modified":"2026-04-16T02:40:45","modified_gmt":"2026-04-15T23:40:45","slug":"merhale","status":"publish","type":"product","link":"https:\/\/roveyayinevi.com.tr\/index.php\/urun\/merhale\/","title":{"rendered":"Merhale"},"content":{"rendered":"<p>Murat Ar\u0131&#8217;n\u0131n ilk roman\u0131 ve yaz\u0131n d\u00fcnyas\u0131ndaki ilk yap\u0131t\u0131. \u0130lk olman\u0131n \u00e7ok \u00f6tesinde bilgi birikimini ve yaz\u0131nsal deneyimini yans\u0131t\u0131yor. Roman\u0131n i\u00e7eri\u011fi bu birikimi hemen ele veriyor. \u00c7\u00fcnk\u00fc yap\u0131lan yolculuk insanad\u0131r, yani t\u00fcm de\u011fi\u015fimlere ve ger\u00e7e\u011fe. Zaman denen s\u00fcreci \u00e7ok iyi kavrayabilmek i\u00e7in d\u00fc\u015f\u00fcnen insan\u0131n an&#8217;lara h\u00fckmetmesi gerekir. H\u00fckmedilen an, kimlik kazan\u0131r ve kendi co\u011frafyas\u0131n\u0131 \u00e7izerek, o co\u011frafyan\u0131n tarihini olu\u015fturmaya ba\u015flar. An&#8217;lar\u0131na h\u00fckmedilmeyen zaman s\u0131radand\u0131r, herkesin zaman\u0131d\u0131r ve sanal ger\u00e7e\u011fi koldaki saat, duvardaki takvim yapraklar\u0131d\u0131r. Oysa hi\u00e7bir insan\u0131n zaman\u0131 s\u0131radan de\u011fildir. H\u00fckmedilmemi\u015ftir ve ortal\u0131\u011fa sal\u0131narak &#8216;mevlam kay\u0131ra&#8217; denilmi\u015ftir. Asl\u0131nda insan an&#8217;lar\u0131na h\u00fckmetmeyi, onun i\u00e7ini hem doldurmay\u0131 hem kavramay\u0131 kotarabilse, an&#8217;\u0131n de\u011ferini de saptayabilecektir. Asl\u0131nda de\u011feri saptanamam\u0131\u015f an&#8217;lar\u0131n zaman\u0131n\u0131 ya\u015f\u0131yoruz genelde. &#8220;Merhale&#8221;, kahramanlar\u0131n\u0131 bilin\u00e7li olarak zamanda dola\u015ft\u0131ran ve de\u011ferlendirmelerini zaman ve mekan\u0131 unutmadan yapt\u0131ran bir k\u0131sa roman. Bir\u00e7ok kahraman\u0131 tan\u0131d\u0131k gelecek, bir\u00e7ok kahraman\u0131n\u0131 da kendiniz sanacaks\u0131n\u0131z. \u0130nsana yap\u0131lan bu yolculuk hem derinlemesine hem de geni\u015flemesine akmaktad\u0131r. Burada insana yap\u0131lan alg\u0131lama y\u00fcr\u00fcy\u00fc\u015f\u00fc felsefi boyutuyla da \u00f6ne \u00e7\u0131kmaktad\u0131r. Murat Ar\u0131, bu yolculu\u011fun roman\u0131n\u0131 kurarken ayr\u0131ca yar\u0131n\u0131n insan\u0131 ad\u0131na da ip u\u00e7lar\u0131 sunmaktad\u0131r. Ya\u015famak bir yolculuksa, hangi durakta bindi\u011fimizi, hangi durakta inece\u011fimizi de \u00f6\u011fretecektir bize.\u0130yi bir ilk romana edebiyat\u0131m\u0131z ad\u0131na ho\u015f geldin diyorum. \u015eair ve Yazar, Hasan H\u00fcseyin YALVA\u00c7<\/p>\n","protected":false},"excerpt":{"rendered":"<p>Murat Ar\u0131&#8217;n\u0131n ilk roman\u0131 ve yaz\u0131n d\u00fcnyas\u0131ndaki ilk yap\u0131t\u0131. \u0130lk olman\u0131n \u00e7ok \u00f6tesinde bilgi birikimini ve yaz\u0131nsal deneyimini yans\u0131t\u0131yor. Roman\u0131n i\u00e7eri\u011fi bu birikimi hemen ele veriyor.<span class=\"excerpt-hellip\"> [\u2026]<\/span><\/p>\n","protected":false},"featured_media":0,"template":"","meta":{"_monsterinsights_skip_tracking":false,"_monsterinsights_sitenote_active":false,"_monsterinsights_sitenote_note":"","_monsterinsights_sitenote_category":0},"product_brand":[],"product_cat":[12291,12711],"product_tag":[],"class_list":{"0":"post-732877","1":"product","2":"type-product","3":"status-publish","5":"product_cat-edebiyat","6":"product_cat-roman-oyku","7":"pa_cilt-ciltsiz","8":"pa_tur-kitap","9":"pa_yayinevi-baris-kitap","10":"pa_yazar-murat-ari","12":"first","13":"instock","14":"sale","15":"shipping-taxable","16":"purchasable","17":"product-type-simple"},"_links":{"self":[{"href":"https:\/\/roveyayinevi.com.tr\/index.php\/wp-json\/wp\/v2\/product\/732877","targetHints":{"allow":["GET"]}}],"collection":[{"href":"https:\/\/roveyayinevi.com.tr\/index.php\/wp-json\/wp\/v2\/product"}],"about":[{"href":"https:\/\/roveyayinevi.com.tr\/index.php\/wp-json\/wp\/v2\/types\/product"}],"wp:attachment":[{"href":"https:\/\/roveyayinevi.com.tr\/index.php\/wp-json\/wp\/v2\/media?parent=732877"}],"wp:term":[{"taxonomy":"product_brand","embeddable":true,"href":"https:\/\/roveyayinevi.com.tr\/index.php\/wp-json\/wp\/v2\/product_brand?post=732877"},{"taxonomy":"product_cat","embeddable":true,"href":"https:\/\/roveyayinevi.com.tr\/index.php\/wp-json\/wp\/v2\/product_cat?post=732877"},{"taxonomy":"product_tag","embeddable":true,"href":"https:\/\/roveyayinevi.com.tr\/index.php\/wp-json\/wp\/v2\/product_tag?post=732877"}],"curies":[{"name":"wp","href":"https:\/\/api.w.org\/{rel}","templated":true}]}}