{"id":732876,"date":"2025-08-27T21:59:02","date_gmt":"2025-08-27T18:59:02","guid":{"rendered":"https:\/\/roveyayinevi.com.tr\/index.php\/urun\/seni-okumak\/"},"modified":"2026-04-16T02:40:45","modified_gmt":"2026-04-15T23:40:45","slug":"seni-okumak","status":"publish","type":"product","link":"https:\/\/roveyayinevi.com.tr\/index.php\/urun\/seni-okumak\/","title":{"rendered":"Sen\u2019i Okumak"},"content":{"rendered":"<p>Ak\u0131p giden hayat yolculu\u011fumuzda, heybemizdeki her \u015fey kendi se\u00e7imlerimizin meyvesidir. Ya\u015fam\u0131m\u0131zda olmas\u0131n\u0131 istedi\u011fimiz e\u015fyalar, ki\u015filer biz se\u00e7ti\u011fimiz i\u00e7in ordad\u0131r. Yan\u0131m\u0131za ald\u0131\u011f\u0131m\u0131z yol arkada\u015flar\u0131m\u0131z, kap\u0131lar\u0131m\u0131z\u0131 a\u00e7\u0131p buyur ettiklerimizdir. Hayat\u0131m\u0131zda olmas\u0131ndan pi\u015fman oldu\u011fumuz ki\u015fileri dahi zaman\u0131nda biz davet etmi\u015fizdir hayat\u0131m\u0131za. Bazen istedi\u011fimiz, bazense hay\u0131r diyemedi\u011fimiz i\u00e7in kalm\u0131\u015flard\u0131r yan\u0131m\u0131zda. Olumlu ya da olumsuz t\u00fcm tercihlerin kayna\u011f\u0131, tercihi yapand\u0131r. Se\u00e7tiklerimiz ve se\u00e7mediklerimiz, kendimizi ke\u015ffimiz, a\u015fmam\u0131z gerekenler, ama ille de kendimizi tan\u0131mam\u0131z, anlamam\u0131z, Sen\u2019e tembellik etmeden, do\u011fru tercihlerle ve korkmadan kendimize bakarak, o a\u00e7\u0131dan, o derinlikten bakabilmemiz\u2026 Sen\u2019i okumak ge\u00e7mi\u015fe tak\u0131l\u0131p kalmadan, gelece\u011fin hayalleriyle vakit kaybetmeden, konfor alanlar\u0131m\u0131zdan \u00e7\u0131k\u0131p anda kalarak ve kendimizi bilerek m\u00fcmk\u00fcnd\u00fcr ancak. Tek engel kendimiziz. Yollara ta\u015flar\u0131 kendimizden ba\u015fka hi\u00e7 kimse koyamaz. <\/p>\n","protected":false},"excerpt":{"rendered":"<p>Ak\u0131p giden hayat yolculu\u011fumuzda, heybemizdeki her \u015fey kendi se\u00e7imlerimizin meyvesidir. Ya\u015fam\u0131m\u0131zda olmas\u0131n\u0131 istedi\u011fimiz e\u015fyalar, ki\u015filer biz se\u00e7ti\u011fimiz i\u00e7in ordad\u0131r. Yan\u0131m\u0131za ald\u0131\u011f\u0131m\u0131z yol arkada\u015flar\u0131m\u0131z, kap\u0131lar\u0131m\u0131z\u0131 a\u00e7\u0131p buyur<span class=\"excerpt-hellip\"> [\u2026]<\/span><\/p>\n","protected":false},"featured_media":0,"template":"","meta":{"_monsterinsights_skip_tracking":false,"_monsterinsights_sitenote_active":false,"_monsterinsights_sitenote_note":"","_monsterinsights_sitenote_category":0},"product_brand":[],"product_cat":[12777,12291],"product_tag":[],"class_list":{"0":"post-732876","1":"product","2":"type-product","3":"status-publish","5":"product_cat-deneme","6":"product_cat-edebiyat","7":"pa_cilt-ciltsiz","8":"pa_tur-kitap","9":"pa_yayinevi-hayykitap","10":"pa_yazar-zuhal-ugurtay-ayaydin","12":"first","13":"instock","14":"sale","15":"shipping-taxable","16":"purchasable","17":"product-type-simple"},"_links":{"self":[{"href":"https:\/\/roveyayinevi.com.tr\/index.php\/wp-json\/wp\/v2\/product\/732876","targetHints":{"allow":["GET"]}}],"collection":[{"href":"https:\/\/roveyayinevi.com.tr\/index.php\/wp-json\/wp\/v2\/product"}],"about":[{"href":"https:\/\/roveyayinevi.com.tr\/index.php\/wp-json\/wp\/v2\/types\/product"}],"wp:attachment":[{"href":"https:\/\/roveyayinevi.com.tr\/index.php\/wp-json\/wp\/v2\/media?parent=732876"}],"wp:term":[{"taxonomy":"product_brand","embeddable":true,"href":"https:\/\/roveyayinevi.com.tr\/index.php\/wp-json\/wp\/v2\/product_brand?post=732876"},{"taxonomy":"product_cat","embeddable":true,"href":"https:\/\/roveyayinevi.com.tr\/index.php\/wp-json\/wp\/v2\/product_cat?post=732876"},{"taxonomy":"product_tag","embeddable":true,"href":"https:\/\/roveyayinevi.com.tr\/index.php\/wp-json\/wp\/v2\/product_tag?post=732876"}],"curies":[{"name":"wp","href":"https:\/\/api.w.org\/{rel}","templated":true}]}}