{"id":732872,"date":"2025-08-27T21:58:58","date_gmt":"2025-08-27T18:58:58","guid":{"rendered":"https:\/\/roveyayinevi.com.tr\/index.php\/urun\/kurani-seven-cocuk-sahabiler-5li-set\/"},"modified":"2026-04-16T02:40:45","modified_gmt":"2026-04-15T23:40:45","slug":"kurani-seven-cocuk-sahabiler-5li-set","status":"publish","type":"product","link":"https:\/\/roveyayinevi.com.tr\/index.php\/urun\/kurani-seven-cocuk-sahabiler-5li-set\/","title":{"rendered":"Kur\u2019an\u2019\u0131 Seven \u00c7ocuk Sahabiler 5\u2019li Set"},"content":{"rendered":"<p>Be\u015f k\u00fc\u00e7\u00fck sahabi. Bil bakal\u0131m ortak yanlar\u0131 ne? Kur\u2019an\u2019\u0131 \u00e7ok seviyorlar, \u00d6\u011frenip \u00f6\u011fretiyorlar hepsi de\u2026 \u00dcbeyy Bin K\u00e2\u2019b \u00dcseyd Bin Hudayr Ebu Mahzure Mus\u2019ab Bin Umeyr ve Erkam Bin Ebul Erkam. Kur\u2019an\u2019la tan\u0131\u015fma \u00f6yk\u00fcleriyle Bekliyorlar seni bu setin i\u00e7inde.   Kur\u2019an\u2019\u0131 Seven \u00c7ocuk Sahabiler 5\u2019li Set\u2019te Yer Alan Kitaplar: 1.Kur\u2019an\u2019\u0131 En G\u00fczel Okuyan Sahabi: \u00dcbeyy Bir K\u00e2\u2019b, 16 sayfa, renkli, tel diki\u015f 2.Meleklerin Dinledi\u011fi Sahabi: \u00dcseyd Bin Hudayr, 16 sayfa, renkli, tel diki\u015f 3.Ezan\u0131 \u00c7ok Seven Sahabi: Ebu Mahzure, 16 sayfa, renkli, tel diki\u015f 4.Kur\u2019an\u2019\u0131 Herkese \u00d6\u011freten Sahabi: Mus\u2019ab Bin Umeyr, 16 sayfa, renkli, tel diki\u015f 5.Evini Kur\u2019an Okulu Yapan Sahabi: Erkam Bir Ebu\u2019l Erkam, 16 sayfa, renkli, tel diki\u015f <\/p>\n","protected":false},"excerpt":{"rendered":"<p>Be\u015f k\u00fc\u00e7\u00fck sahabi. Bil bakal\u0131m ortak yanlar\u0131 ne? Kur\u2019an\u2019\u0131 \u00e7ok seviyorlar, \u00d6\u011frenip \u00f6\u011fretiyorlar hepsi de\u2026 \u00dcbeyy Bin K\u00e2\u2019b \u00dcseyd Bin Hudayr Ebu Mahzure Mus\u2019ab Bin Umeyr<span class=\"excerpt-hellip\"> [\u2026]<\/span><\/p>\n","protected":false},"featured_media":0,"template":"","meta":{"_monsterinsights_skip_tracking":false,"_monsterinsights_sitenote_active":false,"_monsterinsights_sitenote_note":"","_monsterinsights_sitenote_category":0},"product_brand":[],"product_cat":[12274,18802],"product_tag":[],"class_list":{"0":"post-732872","1":"product","2":"type-product","3":"status-publish","5":"product_cat-cocuk-ve-genclik-kitaplari","6":"product_cat-din-egitimi","7":"pa_cilt-ciltsiz","8":"pa_tur-kitap","9":"pa_yayinevi-hayykitap","10":"pa_yazar-hatice-kubra-tongar","12":"first","13":"instock","14":"sale","15":"shipping-taxable","16":"purchasable","17":"product-type-simple"},"_links":{"self":[{"href":"https:\/\/roveyayinevi.com.tr\/index.php\/wp-json\/wp\/v2\/product\/732872","targetHints":{"allow":["GET"]}}],"collection":[{"href":"https:\/\/roveyayinevi.com.tr\/index.php\/wp-json\/wp\/v2\/product"}],"about":[{"href":"https:\/\/roveyayinevi.com.tr\/index.php\/wp-json\/wp\/v2\/types\/product"}],"wp:attachment":[{"href":"https:\/\/roveyayinevi.com.tr\/index.php\/wp-json\/wp\/v2\/media?parent=732872"}],"wp:term":[{"taxonomy":"product_brand","embeddable":true,"href":"https:\/\/roveyayinevi.com.tr\/index.php\/wp-json\/wp\/v2\/product_brand?post=732872"},{"taxonomy":"product_cat","embeddable":true,"href":"https:\/\/roveyayinevi.com.tr\/index.php\/wp-json\/wp\/v2\/product_cat?post=732872"},{"taxonomy":"product_tag","embeddable":true,"href":"https:\/\/roveyayinevi.com.tr\/index.php\/wp-json\/wp\/v2\/product_tag?post=732872"}],"curies":[{"name":"wp","href":"https:\/\/api.w.org\/{rel}","templated":true}]}}