{"id":732870,"date":"2025-08-27T21:58:56","date_gmt":"2025-08-27T18:58:56","guid":{"rendered":"https:\/\/roveyayinevi.com.tr\/index.php\/urun\/bir-agac-ol\/"},"modified":"2026-04-16T02:40:45","modified_gmt":"2026-04-15T23:40:45","slug":"bir-agac-ol","status":"publish","type":"product","link":"https:\/\/roveyayinevi.com.tr\/index.php\/urun\/bir-agac-ol\/","title":{"rendered":"Bir A\u011fa\u00e7 Ol!"},"content":{"rendered":"<p>Dimdik dur.Dallar\u0131n\u0131 gu\u0308ne\u015fe uzat.Bir a\u011fa\u00e7 ol!Hepimiz a\u011fa\u00e7lar gibiyiz:Omurgam\u0131z, g\u00f6vde;derimiz, kabuk;kalplerimiz ise \u00f6z odunu gibibize gu\u0308\u00e7 verir ve bizi destekler.A\u011fa\u00e7lar da insanlar gibi sosyal varl\u0131klard\u0131r.Bilgi yaymak i\u00e7in kendilerince \u201ckonu\u015furlar\u201d;besinleri ve kaynaklar\u0131 payla\u015f\u0131rlar.Birbirlerine s\u0131\u011f\u0131nak olur ve birbirlerini korurlar.Birlikte dayan\u0131\u015fma ile daha gu\u0308\u00e7lu\u0308du\u0308rler.Bu muhte\u015fem ve \u015fiirsel anlat\u0131mda, yazar Maria Gianferrari ve \u00e7izer Felicita Sala, bizi do\u011fan\u0131n en bu\u0308yu\u0308k yarat\u0131mlar\u0131ndan biri olan a\u011fa\u00e7lara benzetiyor. A\u011fa\u00e7lar, daha iyi insanlar olmam\u0131z i\u00e7in bize ilham veriyor.<\/p>\n","protected":false},"excerpt":{"rendered":"<p>Dimdik dur.Dallar\u0131n\u0131 gu\u0308ne\u015fe uzat.Bir a\u011fa\u00e7 ol!Hepimiz a\u011fa\u00e7lar gibiyiz:Omurgam\u0131z, g\u00f6vde;derimiz, kabuk;kalplerimiz ise \u00f6z odunu gibibize gu\u0308\u00e7 verir ve bizi destekler.A\u011fa\u00e7lar da insanlar gibi sosyal varl\u0131klard\u0131r.Bilgi yaymak i\u00e7in<span class=\"excerpt-hellip\"> [\u2026]<\/span><\/p>\n","protected":false},"featured_media":0,"template":"","meta":{"_monsterinsights_skip_tracking":false,"_monsterinsights_sitenote_active":false,"_monsterinsights_sitenote_note":"","_monsterinsights_sitenote_category":0},"product_brand":[],"product_cat":[12274,12631],"product_tag":[],"class_list":{"0":"post-732870","1":"product","2":"type-product","3":"status-publish","5":"product_cat-cocuk-ve-genclik-kitaplari","6":"product_cat-diger-cocuk-ve-genclik-kitaplari","7":"pa_cilt-ciltsiz","8":"pa_tur-kitap","9":"pa_yayinevi-koc-universitesi-yayinlari","10":"pa_yazar-maria-gianferrari","12":"first","13":"instock","14":"sale","15":"shipping-taxable","16":"purchasable","17":"product-type-simple"},"_links":{"self":[{"href":"https:\/\/roveyayinevi.com.tr\/index.php\/wp-json\/wp\/v2\/product\/732870","targetHints":{"allow":["GET"]}}],"collection":[{"href":"https:\/\/roveyayinevi.com.tr\/index.php\/wp-json\/wp\/v2\/product"}],"about":[{"href":"https:\/\/roveyayinevi.com.tr\/index.php\/wp-json\/wp\/v2\/types\/product"}],"wp:attachment":[{"href":"https:\/\/roveyayinevi.com.tr\/index.php\/wp-json\/wp\/v2\/media?parent=732870"}],"wp:term":[{"taxonomy":"product_brand","embeddable":true,"href":"https:\/\/roveyayinevi.com.tr\/index.php\/wp-json\/wp\/v2\/product_brand?post=732870"},{"taxonomy":"product_cat","embeddable":true,"href":"https:\/\/roveyayinevi.com.tr\/index.php\/wp-json\/wp\/v2\/product_cat?post=732870"},{"taxonomy":"product_tag","embeddable":true,"href":"https:\/\/roveyayinevi.com.tr\/index.php\/wp-json\/wp\/v2\/product_tag?post=732870"}],"curies":[{"name":"wp","href":"https:\/\/api.w.org\/{rel}","templated":true}]}}