{"id":732869,"date":"2025-08-27T21:58:55","date_gmt":"2025-08-27T18:58:55","guid":{"rendered":"https:\/\/roveyayinevi.com.tr\/index.php\/urun\/cankayanin-isiklari-ve-edipler\/"},"modified":"2026-04-16T02:40:45","modified_gmt":"2026-04-15T23:40:45","slug":"cankayanin-isiklari-ve-edipler","status":"publish","type":"product","link":"https:\/\/roveyayinevi.com.tr\/index.php\/urun\/cankayanin-isiklari-ve-edipler\/","title":{"rendered":"\u00c7ankaya&#8217;n\u0131n I\u015f\u0131klar\u0131 ve Edipler"},"content":{"rendered":"<p>\u00c7ankaya\u2019n\u0131n I\u015f\u0131klar\u0131 ve Edipler \/ Atat\u00fcrk\u2019\u00fcn Dostlar\u0131, Yakup Kadri Karaosmano\u011flu\u2019dan Falih R\u0131fk\u0131 Atay\u2019a, Ahmet Hamdi Tanp\u0131nar\u2019dan Yusuf Ak\u00e7ura\u2019ya, Neyzen Tevfik\u2019ten N\u00e2z\u0131m Hikmet\u2019e, Yahya Kemal\u2019den Halide Edip Ad\u0131var\u2019a, Tevfik Fikret\u2019ten Beh\u00e7et Kemal \u00c7a\u011flar\u2019a a\u00e7\u0131lan yelpazede, Mustafa Kemal Atat\u00fcrk\u2019\u00fcn d\u00fc\u015f\u00fcn, g\u00f6n\u00fcl ve sofra dostlar\u0131n\u0131n portrelerini \u00e7iziyor, ilham kaynaklar\u0131n\u0131 tan\u0131t\u0131yor, an\u0131lardan kesitler aktar\u0131yor.\u015eair, yazar ve e\u011fitimci Cafer Y\u0131ld\u0131r\u0131m\u2019\u0131n \u00e7al\u0131\u015fmas\u0131, Atat\u00fcrk\u2019\u00fcn karar ve d\u00fc\u015f\u00fcnce s\u00fcre\u00e7lerinde yak\u0131n\u0131nda bulunan \u015fahsiyetlerin tan\u0131kl\u0131klar\u0131n\u0131 aktard\u0131\u011f\u0131 kadar Milli M\u00fccadele ve Cumhuriyet&#8217;in ilk d\u00f6neminin de tarihsel foto\u011fraf\u0131n\u0131 veriyor, benzersiz bir \u201cakademi\u201d yap\u0131s\u0131n\u0131n ayr\u0131nt\u0131lar\u0131na dal\u0131yor.Cumhuriyetimizin kurucusu Mustafa Kemal Atat\u00fcrk\u2019\u00fcn, d\u00f6nemin \u00fcnl\u00fc yazar ve \u015fairleriyle sofra bulu\u015fmalar\u0131ndan, sohbetlerinden, fikir ve feyz al\u0131\u015fveri\u015finden \u00e7ok \u015fey \u00f6\u011freneceksiniz.\u201c\u00c7ankaya K\u00f6\u015fk\u00fc&#8217;n\u00fcn, Dolmabah\u00e7e Saray\u0131&#8217;n\u0131n ve misafir oldu\u011fu b\u00fct\u00fcn evlerin pencereleri t\u00e2besabah elektrik \u0131\u015f\u0131klar\u0131yla yanard\u0131.\u201d(Yakup Kadri Karaosmano\u011flu)<\/p>\n","protected":false},"excerpt":{"rendered":"<p>\u00c7ankaya\u2019n\u0131n I\u015f\u0131klar\u0131 ve Edipler \/ Atat\u00fcrk\u2019\u00fcn Dostlar\u0131, Yakup Kadri Karaosmano\u011flu\u2019dan Falih R\u0131fk\u0131 Atay\u2019a, Ahmet Hamdi Tanp\u0131nar\u2019dan Yusuf Ak\u00e7ura\u2019ya, Neyzen Tevfik\u2019ten N\u00e2z\u0131m Hikmet\u2019e, Yahya Kemal\u2019den Halide Edip<span class=\"excerpt-hellip\"> [\u2026]<\/span><\/p>\n","protected":false},"featured_media":0,"template":"","meta":{"_monsterinsights_skip_tracking":false,"_monsterinsights_sitenote_active":false,"_monsterinsights_sitenote_note":"","_monsterinsights_sitenote_category":0},"product_brand":[],"product_cat":[12370,12304],"product_tag":[],"class_list":{"0":"post-732869","1":"product","2":"type-product","3":"status-publish","5":"product_cat-arastirma-inceleme","6":"product_cat-tarih","7":"pa_cilt-ciltsiz","8":"pa_tur-kitap","9":"pa_yayinevi-kaynak-yayinlari","10":"pa_yazar-cafer-yildirim","12":"first","13":"instock","14":"sale","15":"shipping-taxable","16":"purchasable","17":"product-type-simple"},"_links":{"self":[{"href":"https:\/\/roveyayinevi.com.tr\/index.php\/wp-json\/wp\/v2\/product\/732869","targetHints":{"allow":["GET"]}}],"collection":[{"href":"https:\/\/roveyayinevi.com.tr\/index.php\/wp-json\/wp\/v2\/product"}],"about":[{"href":"https:\/\/roveyayinevi.com.tr\/index.php\/wp-json\/wp\/v2\/types\/product"}],"wp:attachment":[{"href":"https:\/\/roveyayinevi.com.tr\/index.php\/wp-json\/wp\/v2\/media?parent=732869"}],"wp:term":[{"taxonomy":"product_brand","embeddable":true,"href":"https:\/\/roveyayinevi.com.tr\/index.php\/wp-json\/wp\/v2\/product_brand?post=732869"},{"taxonomy":"product_cat","embeddable":true,"href":"https:\/\/roveyayinevi.com.tr\/index.php\/wp-json\/wp\/v2\/product_cat?post=732869"},{"taxonomy":"product_tag","embeddable":true,"href":"https:\/\/roveyayinevi.com.tr\/index.php\/wp-json\/wp\/v2\/product_tag?post=732869"}],"curies":[{"name":"wp","href":"https:\/\/api.w.org\/{rel}","templated":true}]}}