{"id":732868,"date":"2025-08-27T21:58:54","date_gmt":"2025-08-27T18:58:54","guid":{"rendered":"https:\/\/roveyayinevi.com.tr\/index.php\/urun\/genc-istihdamda-kuresel-trendler\/"},"modified":"2026-04-16T02:40:45","modified_gmt":"2026-04-15T23:40:45","slug":"genc-istihdamda-kuresel-trendler","status":"publish","type":"product","link":"https:\/\/roveyayinevi.com.tr\/index.php\/urun\/genc-istihdamda-kuresel-trendler\/","title":{"rendered":"Gen\u00e7 \u0130stihdamda K\u00fcresel Trendler"},"content":{"rendered":"<p>Gen\u00e7 kad\u0131n ve erkekler i\u00e7in en son istihdam trendlerini i\u00e7eren Gen\u00e7 \u0130stihdamda K\u00fcresel Trendler, gen\u00e7 i\u015f g\u00fcc\u00fc piyasas\u0131n\u0131n i\u00e7inde bulundu\u011fu durumu d\u00fcnya \u00f6l\u00e7e\u011finde g\u00f6zler \u00f6n\u00fcne sermektedir. Bu konuda bir ilerleme kaydedilen ya da kaydedilmeyen yerlere i\u015faret etmekte, d\u00fcnya ve b\u00f6lge \u00f6l\u00e7e\u011findeki gen\u00e7 i\u015f g\u00fcc\u00fc piyasas\u0131 g\u00f6stergelerini g\u00fcncellemekte ve gen\u00e7 n\u00fcfus, i\u015f g\u00fcc\u00fc, istihdam, i\u015fsizlik, \u00e7al\u0131\u015fan yoksullar ve kay\u0131t d\u0131\u015f\u0131l\u0131k alanlar\u0131ndaki orta vadeli e\u011filimlerin ayr\u0131nt\u0131l\u0131 \u00e7\u00f6z\u00fcmlemesini sunmaktad\u0131r.2017 bask\u0131s\u0131, gen\u00e7 i\u015f g\u00fcc\u00fc piyasas\u0131n\u0131n ba\u015far\u0131 \u015fans\u0131 \u00fczerinde teknolojik de\u011fi\u015fimin olas\u0131 sonu\u00e7lar\u0131n\u0131 tart\u0131\u015fmakta, sekt\u00f6rsel istihdam ve gen\u00e7ler i\u00e7in ge\u00e7erli \u00e7al\u0131\u015fma bi\u00e7imleri \u00fczerine odaklanmaktad\u0131r.Elinizdeki rapor, bug\u00fcn i\u015f d\u00fcnyas\u0131na girmekte olan gen\u00e7 kad\u0131n ve erkeklerin kar\u015f\u0131 kar\u015f\u0131ya oldu\u011fu g\u00fc\u00e7l\u00fcklere kar\u015f\u0131l\u0131k vermeye d\u00f6n\u00fck yenilik\u00e7i ve etkili politikalar\u0131 ana hatlar\u0131yla sunmak amac\u0131yla ILO ve di\u011fer kurumlar\u0131n son y\u0131llarda yapt\u0131klar\u0131 kapsaml\u0131 analizler yelpazesinden yaralanm\u0131\u015ft\u0131r. Ayr\u0131ca, yar\u0131n\u0131n gen\u00e7li\u011finin sayg\u0131n i\u015flere giri\u015f noktalar\u0131 aray\u0131\u015f\u0131nda kar\u015f\u0131s\u0131na \u00e7\u0131kacak g\u00fc\u00e7l\u00fcklerle tan\u0131\u015fmaya y\u00f6nelik ulusal politika ve programlar i\u00e7in gerekli do\u011frultuya dair de i\u00e7 g\u00f6r\u00fcler sunmaktad\u0131r.<\/p>\n","protected":false},"excerpt":{"rendered":"<p>Gen\u00e7 kad\u0131n ve erkekler i\u00e7in en son istihdam trendlerini i\u00e7eren Gen\u00e7 \u0130stihdamda K\u00fcresel Trendler, gen\u00e7 i\u015f g\u00fcc\u00fc piyasas\u0131n\u0131n i\u00e7inde bulundu\u011fu durumu d\u00fcnya \u00f6l\u00e7e\u011finde g\u00f6zler \u00f6n\u00fcne sermektedir.<span class=\"excerpt-hellip\"> [\u2026]<\/span><\/p>\n","protected":false},"featured_media":0,"template":"","meta":{"_monsterinsights_skip_tracking":false,"_monsterinsights_sitenote_active":false,"_monsterinsights_sitenote_note":"","_monsterinsights_sitenote_category":0},"product_brand":[],"product_cat":[14787,13488],"product_tag":[],"class_list":{"0":"post-732868","1":"product","2":"type-product","3":"status-publish","5":"product_cat-diger-toplum-ve-insan","6":"product_cat-toplum-ve-insan","7":"pa_cilt-ciltsiz","8":"pa_tur-kitap","9":"pa_yayinevi-efil-yayinevi","10":"pa_yazar-efil-yayinevi-kolektif","12":"first","13":"instock","14":"sale","15":"shipping-taxable","16":"purchasable","17":"product-type-simple"},"_links":{"self":[{"href":"https:\/\/roveyayinevi.com.tr\/index.php\/wp-json\/wp\/v2\/product\/732868","targetHints":{"allow":["GET"]}}],"collection":[{"href":"https:\/\/roveyayinevi.com.tr\/index.php\/wp-json\/wp\/v2\/product"}],"about":[{"href":"https:\/\/roveyayinevi.com.tr\/index.php\/wp-json\/wp\/v2\/types\/product"}],"wp:attachment":[{"href":"https:\/\/roveyayinevi.com.tr\/index.php\/wp-json\/wp\/v2\/media?parent=732868"}],"wp:term":[{"taxonomy":"product_brand","embeddable":true,"href":"https:\/\/roveyayinevi.com.tr\/index.php\/wp-json\/wp\/v2\/product_brand?post=732868"},{"taxonomy":"product_cat","embeddable":true,"href":"https:\/\/roveyayinevi.com.tr\/index.php\/wp-json\/wp\/v2\/product_cat?post=732868"},{"taxonomy":"product_tag","embeddable":true,"href":"https:\/\/roveyayinevi.com.tr\/index.php\/wp-json\/wp\/v2\/product_tag?post=732868"}],"curies":[{"name":"wp","href":"https:\/\/api.w.org\/{rel}","templated":true}]}}