{"id":732867,"date":"2025-08-27T21:58:53","date_gmt":"2025-08-27T18:58:53","guid":{"rendered":"https:\/\/roveyayinevi.com.tr\/index.php\/urun\/gelismekte-olan-ulkelerde-yesil-is-potansiyelinin-degerlendirilmesi\/"},"modified":"2026-04-16T02:40:45","modified_gmt":"2026-04-15T23:40:45","slug":"gelismekte-olan-ulkelerde-yesil-is-potansiyelinin-degerlendirilmesi","status":"publish","type":"product","link":"https:\/\/roveyayinevi.com.tr\/index.php\/urun\/gelismekte-olan-ulkelerde-yesil-is-potansiyelinin-degerlendirilmesi\/","title":{"rendered":"Geli\u015fmekte Olan \u00dclkelerde Ye\u015fil \u0130\u015f Potansiyelinin De\u011ferlendirilmesi"},"content":{"rendered":"<p>End\u00fcstrile\u015fmi\u015f \u00fclkeler hakk\u0131nda yap\u0131lan baz\u0131 \u00e7al\u0131\u015fmalar, s\u00fcrd\u00fcr\u00fclebilir ve d\u00fc\u015f\u00fck karbonlu bir ekonomiye ge\u00e7i\u015fin istihdam\u0131 nas\u0131l etkileyebilece\u011fini ele almaktad\u0131r. Bunlar genel anlamda, \u201cnormal i\u015f\u201d senaryolar\u0131na k\u0131yasla toplam i\u015f kazan\u00e7lar\u0131na ula\u015f\u0131r. Bu \u00e7al\u0131\u015fmalar\u0131n daha ayr\u0131nt\u0131l\u0131 hali, yaln\u0131zca toplam i\u015f say\u0131s\u0131ndaki de\u011fi\u015fimlere de\u011finmez fakat ayn\u0131 zamanda, i\u015f hareketlerinin yan\u0131 s\u0131ra i\u015flerin niteli\u011finin de alt\u0131n\u0131 \u00e7izer. Bu t\u00fcr bir malumat, ye\u015fil ekonomiye do\u011fru bir bi\u00e7imde ge\u00e7meye y\u00f6nelik politikalar hakk\u0131nda bilgi vermesi bak\u0131m\u0131ndan \u00e7ok b\u00fcy\u00fck \u00f6nem ta\u015f\u0131makla birlikte, geli\u015fmekte olan \u00fclkeler \u00fczerine yap\u0131lan kar\u015f\u0131la\u015ft\u0131r\u0131labilir \u00e7al\u0131\u015fma say\u0131s\u0131 ise azd\u0131r. Bilgilerin, \u00f6zellikle de hem ye\u015fil i\u015f istihdam\u0131 ve \u00fcretimi hem de ekonominin geri kalan\u0131yla olan ba\u011flant\u0131larla ilgili verilerin yetersiz olu\u015fu, \u00f6nemli bir engel te\u015fkil etmektedir. Bu k\u0131lavuz, ILO\u2019nun K\u00fcresel Ye\u015fil \u0130\u015fler Program\u0131\u2019n\u0131n bir par\u00e7as\u0131 olarak, bu bilgi bo\u015fluklar\u0131n\u0131n doldurulmas\u0131na yard\u0131mc\u0131 olabilecek, geli\u015fmekte olan \u00fclkelerin de\u011ferlendirmelerine uygun hale getirilmi\u015f pratik \u00e7\u00f6z\u00fcmler sunar. K\u0131lavuz, politika yap\u0131c\u0131lar i\u00e7in, zaman ve kaynak k\u0131s\u0131tlamalar\u0131na oldu\u011fu kadar politika \u00f6nceliklerine de ba\u011fl\u0131 geni\u015f bir se\u00e7enek yelpazesi sunan bir m\u00f6n\u00fc yakla\u015f\u0131m\u0131 benimsemektedir. K\u0131lavuz, \u00f6zerk olmas\u0131 istenmekle beraber, ILO taraf\u0131ndan ayr\u0131 olarak yay\u0131mlanm\u0131\u015f ve k\u0131lavuzun ne \u015fekilde uygulanaca\u011f\u0131 konusunda \u00fclkelere \u00f6zg\u00fc ayr\u0131nt\u0131lar sa\u011flayan \u00fclke \u00e7al\u0131\u015fmalar\u0131 serisi i\u00e7in rehber i\u015flevi de g\u00f6rmektedir.<\/p>\n","protected":false},"excerpt":{"rendered":"<p>End\u00fcstrile\u015fmi\u015f \u00fclkeler hakk\u0131nda yap\u0131lan baz\u0131 \u00e7al\u0131\u015fmalar, s\u00fcrd\u00fcr\u00fclebilir ve d\u00fc\u015f\u00fck karbonlu bir ekonomiye ge\u00e7i\u015fin istihdam\u0131 nas\u0131l etkileyebilece\u011fini ele almaktad\u0131r. Bunlar genel anlamda, \u201cnormal i\u015f\u201d senaryolar\u0131na k\u0131yasla toplam<span class=\"excerpt-hellip\"> [\u2026]<\/span><\/p>\n","protected":false},"featured_media":0,"template":"","meta":{"_monsterinsights_skip_tracking":false,"_monsterinsights_sitenote_active":false,"_monsterinsights_sitenote_note":"","_monsterinsights_sitenote_category":0},"product_brand":[],"product_cat":[12325,12324],"product_tag":[],"class_list":{"0":"post-732867","1":"product","2":"type-product","3":"status-publish","5":"product_cat-diger-sosyoloji","6":"product_cat-sosyoloji","7":"pa_cilt-ciltsiz","8":"pa_tur-kitap","9":"pa_yayinevi-efil-yayinevi","10":"pa_yazar-efil-yayinevi-kolektif","12":"first","13":"instock","14":"sale","15":"shipping-taxable","16":"purchasable","17":"product-type-simple"},"_links":{"self":[{"href":"https:\/\/roveyayinevi.com.tr\/index.php\/wp-json\/wp\/v2\/product\/732867","targetHints":{"allow":["GET"]}}],"collection":[{"href":"https:\/\/roveyayinevi.com.tr\/index.php\/wp-json\/wp\/v2\/product"}],"about":[{"href":"https:\/\/roveyayinevi.com.tr\/index.php\/wp-json\/wp\/v2\/types\/product"}],"wp:attachment":[{"href":"https:\/\/roveyayinevi.com.tr\/index.php\/wp-json\/wp\/v2\/media?parent=732867"}],"wp:term":[{"taxonomy":"product_brand","embeddable":true,"href":"https:\/\/roveyayinevi.com.tr\/index.php\/wp-json\/wp\/v2\/product_brand?post=732867"},{"taxonomy":"product_cat","embeddable":true,"href":"https:\/\/roveyayinevi.com.tr\/index.php\/wp-json\/wp\/v2\/product_cat?post=732867"},{"taxonomy":"product_tag","embeddable":true,"href":"https:\/\/roveyayinevi.com.tr\/index.php\/wp-json\/wp\/v2\/product_tag?post=732867"}],"curies":[{"name":"wp","href":"https:\/\/api.w.org\/{rel}","templated":true}]}}