{"id":732865,"date":"2025-08-27T21:58:51","date_gmt":"2025-08-27T18:58:51","guid":{"rendered":"https:\/\/roveyayinevi.com.tr\/index.php\/urun\/sanatin-buyuk-ustalari-19-mondrian\/"},"modified":"2026-03-12T02:50:53","modified_gmt":"2026-03-11T23:50:53","slug":"sanatin-buyuk-ustalari-19-mondrian","status":"publish","type":"product","link":"https:\/\/roveyayinevi.com.tr\/index.php\/urun\/sanatin-buyuk-ustalari-19-mondrian\/","title":{"rendered":"Sanat\u0131n B\u00fcy\u00fck Ustalar\u0131 19 &#8211; Mondrian"},"content":{"rendered":"<p>Yirminci y\u00fczy\u0131l Bat\u0131 sanat\u0131n\u0131n en tan\u0131nm\u0131\u015f ressamlar\u0131ndan Piet Mondrian, geleneksel resim e\u011fitimiyle ba\u015flayan sanat kariyerini geli\u015ftirdi\u011fi son derece \u00f6zg\u00fcn ve rafine \u00fcslupla s\u00fcrd\u00fcrm\u00fc\u015ft\u00fc. Yaln\u0131zca \u00e7a\u011fda\u015f\u0131 sanat\u00e7\u0131lar\u0131 de\u011fil, kendinden sonraki neslin moda tasar\u0131mc\u0131lar\u0131n\u0131, grafik tasar\u0131mc\u0131lar\u0131n\u0131, reklamc\u0131lar\u0131n\u0131, hatta m\u00fczisyenlerini derinden etkileyen Mondrian, sahip oldu\u011fu derin entelekt\u00fcel bilgi birikimini eserlerinin hepsine yans\u0131tm\u0131\u015ft\u0131.Modern Sanat\u2019ta \u201cnesnesiz sanat\u201d anlay\u0131\u015f\u0131n\u0131n \u00f6nc\u00fc temsilcilerinden Piet Mondrian, renkli-renksiz dikey ve yatay \u00e7izgileri kullanarak olu\u015fturdu\u011fu g\u00f6r\u00fcn\u00fcrde basit kompozisyonlar\u0131yla duygular\u0131n, cisimlerin, d\u00fc\u015f\u00fcncelerin mutlak \u00f6z\u00fcn\u00fc tuvale aktarmay\u0131 ba\u015farm\u0131\u015ft\u0131. Kapsaml\u0131 bir felsefi altyap\u0131 \u00fczerinde in\u015fa etti\u011fi eserleriyle sanat\u00e7\u0131, ilk bak\u0131\u015fta \u201cben de yapar\u0131m\u201d hissi uyand\u0131ran ancak i\u015f prati\u011fe d\u00f6k\u00fcld\u00fc\u011f\u00fcnde zek\u00e2s\u0131na ve ustal\u0131\u011f\u0131na h\u00fcrmet ettiren tuvalleriyle yirminci y\u00fczy\u0131l\u0131n en b\u00fcy\u00fck Hollandal\u0131 oldu\u011funu hen\u00fcz ya\u015farken kan\u0131tlam\u0131\u015ft\u0131.Hayalperest Yay\u0131nevi\u2019nin \u201cSanat B\u00fcy\u00fck Ustalar\u0131\u201d serisinin on dokuzuncu kitab\u0131 Piet Mondrian, ya\u015fam\u0131 boyunca ta\u015fk\u0131nl\u0131ktan uzak duran, dansa ve m\u00fczi\u011fe tutkun, fikir d\u00fcnyas\u0131 olduk\u00e7a zengin ve akl\u0131selim bir sanat\u00e7\u0131n\u0131n hem ya\u015fam\u0131na hem de eserlerine odaklan\u0131yor. Okurun, Mondrian\u2019\u0131n sade, \u00fcretken, sab\u0131rl\u0131 ve sakin d\u00fcnyas\u0131na girerek zihninin i\u015fleyi\u015fini anlamas\u0131na yard\u0131mc\u0131 olacak ipu\u00e7lar\u0131n\u0131 veriyor. Onun eserlerine bakma yollar\u0131na \u0131\u015f\u0131k tutuyor ve Mondrian\u2019\u0131 derinlemesine ke\u015ffetmek isteyecek okurlara \u00f6nbilgi sunuyor.<\/p>\n","protected":false},"excerpt":{"rendered":"<p>Yirminci y\u00fczy\u0131l Bat\u0131 sanat\u0131n\u0131n en tan\u0131nm\u0131\u015f ressamlar\u0131ndan Piet Mondrian, geleneksel resim e\u011fitimiyle ba\u015flayan sanat kariyerini geli\u015ftirdi\u011fi son derece \u00f6zg\u00fcn ve rafine \u00fcslupla s\u00fcrd\u00fcrm\u00fc\u015ft\u00fc. Yaln\u0131zca \u00e7a\u011fda\u015f\u0131 sanat\u00e7\u0131lar\u0131<span class=\"excerpt-hellip\"> [\u2026]<\/span><\/p>\n","protected":false},"featured_media":0,"template":"","meta":{"_monsterinsights_skip_tracking":false,"_monsterinsights_sitenote_active":false,"_monsterinsights_sitenote_note":"","_monsterinsights_sitenote_category":0},"product_brand":[],"product_cat":[13548,12408],"product_tag":[],"class_list":{"0":"post-732865","1":"product","2":"type-product","3":"status-publish","5":"product_cat-kuram","6":"product_cat-sanat","7":"pa_cilt-ciltsiz","8":"pa_tur-kitap","9":"pa_yayinevi-hayalperest-yayinlari","10":"pa_yazar-firdevs-candil-erdogan","12":"first","13":"instock","14":"sale","15":"shipping-taxable","16":"purchasable","17":"product-type-simple"},"_links":{"self":[{"href":"https:\/\/roveyayinevi.com.tr\/index.php\/wp-json\/wp\/v2\/product\/732865","targetHints":{"allow":["GET"]}}],"collection":[{"href":"https:\/\/roveyayinevi.com.tr\/index.php\/wp-json\/wp\/v2\/product"}],"about":[{"href":"https:\/\/roveyayinevi.com.tr\/index.php\/wp-json\/wp\/v2\/types\/product"}],"wp:attachment":[{"href":"https:\/\/roveyayinevi.com.tr\/index.php\/wp-json\/wp\/v2\/media?parent=732865"}],"wp:term":[{"taxonomy":"product_brand","embeddable":true,"href":"https:\/\/roveyayinevi.com.tr\/index.php\/wp-json\/wp\/v2\/product_brand?post=732865"},{"taxonomy":"product_cat","embeddable":true,"href":"https:\/\/roveyayinevi.com.tr\/index.php\/wp-json\/wp\/v2\/product_cat?post=732865"},{"taxonomy":"product_tag","embeddable":true,"href":"https:\/\/roveyayinevi.com.tr\/index.php\/wp-json\/wp\/v2\/product_tag?post=732865"}],"curies":[{"name":"wp","href":"https:\/\/api.w.org\/{rel}","templated":true}]}}