{"id":732864,"date":"2025-08-27T21:58:51","date_gmt":"2025-08-27T18:58:51","guid":{"rendered":"https:\/\/roveyayinevi.com.tr\/index.php\/urun\/nasil-sanatci-olunur\/"},"modified":"2026-03-12T02:50:53","modified_gmt":"2026-03-11T23:50:53","slug":"nasil-sanatci-olunur","status":"publish","type":"product","link":"https:\/\/roveyayinevi.com.tr\/index.php\/urun\/nasil-sanatci-olunur\/","title":{"rendered":"Nas\u0131l Sanat\u00e7\u0131 Olunur"},"content":{"rendered":"<p>\u201cJerry Saltz\u2019\u0131n yarat\u0131c\u0131l\u0131k \u00fcst\u00fcne yeni kitab\u0131n\u0131n sayfalar\u0131ndan ilham f\u0131\u015fk\u0131r\u0131yor. Bu kitap sanat\u00e7\u0131lar ya da sanat\u00e7\u0131 olmayanlar, yal\u0131n \u0130ngilizce\u2019yi anlayanlar, s\u0131radan konu\u015fmalar\u0131n altta yatan gizemli mesajlar\u0131 ortaya \u00e7\u0131karabilece\u011fini anlayanlar i\u00e7in.\u201d-Steve Martin\u201cNas\u0131l daha iyi bir sanat\u00e7\u0131 olunur? Jerry Saltz hakl\u0131: En do\u011fru cevap \u00e7al\u0131\u015fmak. Al\u0131\u015ft\u0131rma yapmak. Hatalar yapmak. Y\u0131kmak. Tekrar Yapmak. Daha iyi hale gelmek. Devam etmek.\u201d-Roz Chat\u201cNas\u0131l Sanat\u00e7\u0131 Olunur\u2019da Jerry Saltz o kadar isabetli ki bu beni korkutuyor.\u201d-Cindy Sherman\u201cHer t\u00fcr sanat\u00e7\u0131 i\u00e7in e\u011flenceli ve \u00e7ekici bir okuma.\u2019Sanat\u00e7\u0131lar kedidir.\u2019diyor; sanat\u00e7\u0131n\u0131n d\u00fcnyayla ili\u015fkisinin b\u00f6ylesine basit ama dahice bir betimlemesi. Kitab\u0131 okudum ve d\u00fc\u015f\u00fcnd\u00fcm, san\u0131r\u0131m ben ger\u00e7ek bir sanat\u00e7\u0131y\u0131m.\u201d-Kim Gordon\u201cSanat\u0131n\u0131z\u0131 yapmak, d\u00fcnyaya sunmak ve sonu\u00e7lar\u0131yla ba\u015fa \u00e7\u0131kmak i\u00e7in ilham verici bir rehber. Burada \u00e7alacak \u00e7ok fazla \u015fey buldum ve siz de bulacaks\u0131n\u0131z.\u201d-Austin Kleon<\/p>\n","protected":false},"excerpt":{"rendered":"<p>\u201cJerry Saltz\u2019\u0131n yarat\u0131c\u0131l\u0131k \u00fcst\u00fcne yeni kitab\u0131n\u0131n sayfalar\u0131ndan ilham f\u0131\u015fk\u0131r\u0131yor. Bu kitap sanat\u00e7\u0131lar ya da sanat\u00e7\u0131 olmayanlar, yal\u0131n \u0130ngilizce\u2019yi anlayanlar, s\u0131radan konu\u015fmalar\u0131n altta yatan gizemli mesajlar\u0131 ortaya<span class=\"excerpt-hellip\"> [\u2026]<\/span><\/p>\n","protected":false},"featured_media":0,"template":"","meta":{"_monsterinsights_skip_tracking":false,"_monsterinsights_sitenote_active":false,"_monsterinsights_sitenote_note":"","_monsterinsights_sitenote_category":0},"product_brand":[],"product_cat":[44608,12408],"product_tag":[],"class_list":{"0":"post-732864","1":"product","2":"type-product","3":"status-publish","5":"product_cat-diger-sanat","6":"product_cat-sanat","7":"pa_cilt-ciltsiz","8":"pa_tur-kitap","9":"pa_yayinevi-hayalperest-yayinlari","10":"pa_yazar-jery-saltz","12":"first","13":"instock","14":"sale","15":"shipping-taxable","16":"purchasable","17":"product-type-simple"},"_links":{"self":[{"href":"https:\/\/roveyayinevi.com.tr\/index.php\/wp-json\/wp\/v2\/product\/732864","targetHints":{"allow":["GET"]}}],"collection":[{"href":"https:\/\/roveyayinevi.com.tr\/index.php\/wp-json\/wp\/v2\/product"}],"about":[{"href":"https:\/\/roveyayinevi.com.tr\/index.php\/wp-json\/wp\/v2\/types\/product"}],"wp:attachment":[{"href":"https:\/\/roveyayinevi.com.tr\/index.php\/wp-json\/wp\/v2\/media?parent=732864"}],"wp:term":[{"taxonomy":"product_brand","embeddable":true,"href":"https:\/\/roveyayinevi.com.tr\/index.php\/wp-json\/wp\/v2\/product_brand?post=732864"},{"taxonomy":"product_cat","embeddable":true,"href":"https:\/\/roveyayinevi.com.tr\/index.php\/wp-json\/wp\/v2\/product_cat?post=732864"},{"taxonomy":"product_tag","embeddable":true,"href":"https:\/\/roveyayinevi.com.tr\/index.php\/wp-json\/wp\/v2\/product_tag?post=732864"}],"curies":[{"name":"wp","href":"https:\/\/api.w.org\/{rel}","templated":true}]}}