{"id":732863,"date":"2025-08-27T21:58:50","date_gmt":"2025-08-27T18:58:50","guid":{"rendered":"https:\/\/roveyayinevi.com.tr\/index.php\/urun\/sanatin-ekonomisi\/"},"modified":"2026-03-12T02:50:53","modified_gmt":"2026-03-11T23:50:53","slug":"sanatin-ekonomisi","status":"publish","type":"product","link":"https:\/\/roveyayinevi.com.tr\/index.php\/urun\/sanatin-ekonomisi\/","title":{"rendered":"Sanat\u0131n Ekonomisi"},"content":{"rendered":"<p>Estetik, felsefe hatta siyasetin konular\u0131ndan biri olarak kabul edilen sanat, ekonominin de ilgi alan\u0131na giriyor. Bir piyasa olarak sanat, 1970\u2019li y\u0131llardan itibaren dikkat \u00e7ekici \u015fekilde \u00f6ne \u00e7\u0131kan bir ara\u015ft\u0131ma ve inceleme konusu olsa da, sanat piyasas\u0131n\u0131n k\u00f6kleri asl\u0131nda antik d\u00f6neme kadar dayan\u0131yor. Sanat eserinin bir yat\u0131r\u0131m arac\u0131 olarak yat\u0131r\u0131m portf\u00f6ylerine girmesi ise yine 1980\u2019li y\u0131llardan itibaren ba\u015fl\u0131yor. \u00dcstelik sanat eseri yaln\u0131zca finans sekt\u00f6r\u00fcnde de\u011fil, emlak sekt\u00f6r\u00fcnde de bir art\u0131 de\u011fer olarak ele al\u0131n\u0131yor.Akademisyen Ekonomist Aylin Se\u00e7kin\u2019in yazd\u0131\u011f\u0131 Sanat\u0131n Ekonomisi, bir meta olarak sanat eserinin sanat\u00e7\u0131n\u0131n at\u00f6lyesinden \u00e7\u0131k\u0131p koleksiyoncuya ula\u015fmas\u0131 ve gerek m\u00fczayedeler gerekse galeriler yoluyla el de\u011fi\u015ftirerek sat\u0131lmas\u0131n\u0131n ard\u0131nda i\u015fleyen ekonomik sistemi anla\u015f\u0131l\u0131r bir dille a\u00e7\u0131kl\u0131yor. Sanat eserinin sahip oldu\u011fu ekonomik de\u011feri, para piyasalar\u0131ndaki yat\u0131r\u0131m g\u00fcc\u00fcn\u00fc, farkl\u0131 co\u011frafyalardaki sanat piyasalar\u0131n\u0131, kripto piyasalarda sanat sat\u0131\u015f\u0131n\u0131 ele alan Sanat\u0131n Ekonomisi, yaln\u0131zca sanat ekonomistlerinin de\u011fil, sanat tarih\u00e7ilerinin, kuramc\u0131lar\u0131n, sanat\u00e7\u0131lar\u0131n, galericilerin, m\u00fczayedecilerin, koleksiyoncular\u0131n ve t\u00fcm sanat severlerin akl\u0131na gelebilecek sorulara \u0131\u015f\u0131k tutuyor.<\/p>\n","protected":false},"excerpt":{"rendered":"<p>Estetik, felsefe hatta siyasetin konular\u0131ndan biri olarak kabul edilen sanat, ekonominin de ilgi alan\u0131na giriyor. Bir piyasa olarak sanat, 1970\u2019li y\u0131llardan itibaren dikkat \u00e7ekici \u015fekilde \u00f6ne<span class=\"excerpt-hellip\"> [\u2026]<\/span><\/p>\n","protected":false},"featured_media":0,"template":"","meta":{"_monsterinsights_skip_tracking":false,"_monsterinsights_sitenote_active":false,"_monsterinsights_sitenote_note":"","_monsterinsights_sitenote_category":0},"product_brand":[],"product_cat":[44608,12408],"product_tag":[],"class_list":{"0":"post-732863","1":"product","2":"type-product","3":"status-publish","5":"product_cat-diger-sanat","6":"product_cat-sanat","7":"pa_cilt-ciltsiz","8":"pa_tur-kitap","9":"pa_yayinevi-hayalperest-yayinlari","10":"pa_yazar-aylin-seckin","12":"first","13":"instock","14":"sale","15":"shipping-taxable","16":"purchasable","17":"product-type-simple"},"_links":{"self":[{"href":"https:\/\/roveyayinevi.com.tr\/index.php\/wp-json\/wp\/v2\/product\/732863","targetHints":{"allow":["GET"]}}],"collection":[{"href":"https:\/\/roveyayinevi.com.tr\/index.php\/wp-json\/wp\/v2\/product"}],"about":[{"href":"https:\/\/roveyayinevi.com.tr\/index.php\/wp-json\/wp\/v2\/types\/product"}],"wp:attachment":[{"href":"https:\/\/roveyayinevi.com.tr\/index.php\/wp-json\/wp\/v2\/media?parent=732863"}],"wp:term":[{"taxonomy":"product_brand","embeddable":true,"href":"https:\/\/roveyayinevi.com.tr\/index.php\/wp-json\/wp\/v2\/product_brand?post=732863"},{"taxonomy":"product_cat","embeddable":true,"href":"https:\/\/roveyayinevi.com.tr\/index.php\/wp-json\/wp\/v2\/product_cat?post=732863"},{"taxonomy":"product_tag","embeddable":true,"href":"https:\/\/roveyayinevi.com.tr\/index.php\/wp-json\/wp\/v2\/product_tag?post=732863"}],"curies":[{"name":"wp","href":"https:\/\/api.w.org\/{rel}","templated":true}]}}