{"id":732861,"date":"2025-08-27T21:58:47","date_gmt":"2025-08-27T18:58:47","guid":{"rendered":"https:\/\/roveyayinevi.com.tr\/index.php\/urun\/lal-umutlar\/"},"modified":"2026-04-16T02:40:45","modified_gmt":"2026-04-15T23:40:45","slug":"lal-umutlar","status":"publish","type":"product","link":"https:\/\/roveyayinevi.com.tr\/index.php\/urun\/lal-umutlar\/","title":{"rendered":"Lal Umutlar"},"content":{"rendered":"<p>Bazen t\u00fcnelin ucunda \u0131\u015f\u0131k yoktur. Bazen sadece kay\u0131plardan ibaretsindir. Bazen umutlar bile lal olur\u2026 \u00c7\u00fcnk\u00fc konu\u015fsalar da kimse duyamaz seslerini. Cemre Erdem; konu\u015fma engelli, \u015fiddet ma\u011fduru ama yine de umut etmekten hi\u00e7 vazge\u00e7meyen, her yeni g\u00fcn\u00fc hayallerini ger\u00e7ekle\u015ftirmek i\u00e7in bir ad\u0131m olarak g\u00f6ren gen\u00e7 bir kad\u0131nd\u0131r. Sessizlik onun tek s\u0131\u011f\u0131na\u011f\u0131d\u0131r, so\u011fuk ondan bir par\u00e7ad\u0131r. Hayat\u0131na giren Kuvars Demirhan, bu sessiz kad\u0131n\u0131n m\u00fczi\u011fine \u00e2\u015f\u0131k olur. \u201cSessizli\u011fe s\u0131\u011f\u0131nan bir kad\u0131n ile onun m\u00fczi\u011fine \u00e2\u015f\u0131k bir adam\u0131n hik\u00e2yesi.\u201d Cemre, m\u00fccadelesini yaln\u0131z ba\u015f\u0131na verirken kendi ayaklar\u0131 \u00fczerinde durup ailesinden g\u00f6rd\u00fc\u011f\u00fc \u015fiddetten kurtulmaya, ge\u00e7mi\u015f y\u0131llar\u0131n\u0131 telafi edip \u00fcniversiteyi kazanarak doktor olmak i\u00e7in elinden gelen her \u015feyi yapmaya ant i\u00e7er. Bir g\u00fcn kurdu\u011fu hayallerin ger\u00e7e\u011fe d\u00f6n\u00fc\u015fmesi i\u00e7in \u00e7abalarken umut ettik\u00e7e \u00f6zg\u00fcrle\u015fir. Belki de ge\u00e7mi\u015fimizdeki t\u00fcm ac\u0131lara bizi oldu\u011fumuz ki\u015fi h\u00e2line getirdi\u011fi i\u00e7in \u015f\u00fckretmeliyiz.<\/p>\n","protected":false},"excerpt":{"rendered":"<p>Bazen t\u00fcnelin ucunda \u0131\u015f\u0131k yoktur. Bazen sadece kay\u0131plardan ibaretsindir. Bazen umutlar bile lal olur\u2026 \u00c7\u00fcnk\u00fc konu\u015fsalar da kimse duyamaz seslerini. Cemre Erdem; konu\u015fma engelli, \u015fiddet ma\u011fduru<span class=\"excerpt-hellip\"> [\u2026]<\/span><\/p>\n","protected":false},"featured_media":0,"template":"","meta":{"_monsterinsights_skip_tracking":false,"_monsterinsights_sitenote_active":false,"_monsterinsights_sitenote_note":"","_monsterinsights_sitenote_category":0},"product_brand":[],"product_cat":[12291,12711],"product_tag":[],"class_list":{"0":"post-732861","1":"product","2":"type-product","3":"status-publish","5":"product_cat-edebiyat","6":"product_cat-roman-oyku","7":"pa_cilt-ciltsiz","8":"pa_tur-kitap","9":"pa_yayinevi-epsilon-yayinlari","10":"pa_yazar-dilek-tarinci","12":"first","13":"instock","14":"sale","15":"shipping-taxable","16":"purchasable","17":"product-type-simple"},"_links":{"self":[{"href":"https:\/\/roveyayinevi.com.tr\/index.php\/wp-json\/wp\/v2\/product\/732861","targetHints":{"allow":["GET"]}}],"collection":[{"href":"https:\/\/roveyayinevi.com.tr\/index.php\/wp-json\/wp\/v2\/product"}],"about":[{"href":"https:\/\/roveyayinevi.com.tr\/index.php\/wp-json\/wp\/v2\/types\/product"}],"wp:attachment":[{"href":"https:\/\/roveyayinevi.com.tr\/index.php\/wp-json\/wp\/v2\/media?parent=732861"}],"wp:term":[{"taxonomy":"product_brand","embeddable":true,"href":"https:\/\/roveyayinevi.com.tr\/index.php\/wp-json\/wp\/v2\/product_brand?post=732861"},{"taxonomy":"product_cat","embeddable":true,"href":"https:\/\/roveyayinevi.com.tr\/index.php\/wp-json\/wp\/v2\/product_cat?post=732861"},{"taxonomy":"product_tag","embeddable":true,"href":"https:\/\/roveyayinevi.com.tr\/index.php\/wp-json\/wp\/v2\/product_tag?post=732861"}],"curies":[{"name":"wp","href":"https:\/\/api.w.org\/{rel}","templated":true}]}}