{"id":732860,"date":"2025-08-27T21:58:46","date_gmt":"2025-08-27T18:58:46","guid":{"rendered":"https:\/\/roveyayinevi.com.tr\/index.php\/urun\/musluman-dunyada-medeniyet-tartismalari\/"},"modified":"2026-04-16T02:40:45","modified_gmt":"2026-04-15T23:40:45","slug":"musluman-dunyada-medeniyet-tartismalari","status":"publish","type":"product","link":"https:\/\/roveyayinevi.com.tr\/index.php\/urun\/musluman-dunyada-medeniyet-tartismalari\/","title":{"rendered":"M\u00fcsl\u00fcman D\u00fcnyada Medeniyet Tart\u0131\u015fmalar\u0131"},"content":{"rendered":"<p>Do\u011fu\u015fundan bu yana Medeniyet kavram\u0131 &#8220;\u00f6teki&#8221; ile kar\u015f\u0131la\u015fma \u00e7er\u00e7evesinde tan\u0131mland\u0131. Kar\u015f\u0131 kavramlar olarak vah\u015filik ve barbarl\u0131k ise, di\u011fer toplumlar\u0131 &#8220;uygarla\u015ft\u0131rmak&#8221; i\u00e7in \u015fiddet uygulaman\u0131n bir gerek\u00e7esine d\u00f6n\u00fc\u015ft\u00fc. M\u00fcsl\u00fcman toplumlarda medeniyet, zamanla s\u00f6m\u00fcrgecilerin ve onlar\u0131n yerel muadillerinin dayatt\u0131\u011f\u0131 bir hayat tarz\u0131 olan modernle\u015fme ile e\u015f anlaml\u0131 hale geldi. Bununla birlikte, bu eserde vurguland\u0131\u011f\u0131 gibi, Bat\u0131l\u0131 olmayan toplumlar\u0131n moderniteye direni\u015fi veya onu kabul\u00fc homojen olmam\u0131\u015ft\u0131r ve &#8220;\u00f6tekile\u015ftirme&#8221; de tek y\u00f6nl\u00fc de\u011fildir. \u015earkiyat\u00e7\u0131 s\u00f6ylem \u0130slami Do\u011fu&#8217;yu egzotik, ba\u015ftan \u00e7\u0131kar\u0131c\u0131 ve evcille\u015fmemi\u015f bir &#8220;\u00f6teki&#8221; olarak tasvir etmi\u015fse de buna kar\u015f\u0131l\u0131k gelen garbiyat\u00e7\u0131l\u0131k da Bat\u0131&#8217;y\u0131 ruhsuz, mekanik bir &#8220;\u00f6teki&#8221; olarak kli\u015fele\u015ftirmi\u015ftir.Avrupal\u0131 d\u00fc\u015f\u00fcn\u00fcrler, \u00f6tekile\u015ftirme ekseninde medeniyetin s\u0131n\u0131rlar\u0131n\u0131 s\u00fcrekli tahkim etmi\u015ftir. M\u00fcsl\u00fcman toplumlar\u0131n medeniyet d\u00fc\u015f\u00fcncesiyle kar\u015f\u0131la\u015fmas\u0131 da bu kar\u015f\u0131tl\u0131k \u00e7er\u00e7evesinde ger\u00e7ekle\u015fmi\u015ftir. Bununla birlikte M\u00fcsl\u00fcman toplumlarda Bat\u0131l\u0131 medeniyet kavram\u0131na kar\u015f\u0131 \u00fc\u00e7 ana yakla\u015f\u0131m ortaya \u00e7\u0131km\u0131\u015ft\u0131r: Medeniyeti tamamen reddeden tutucu yakla\u015f\u0131m, Bat\u0131 medeniyetini sorgusuz sualsiz kabul eden modernist yakla\u015f\u0131m ve modernli\u011fi \u0130slami miras\u0131n ele\u015ftirel merce\u011finden ge\u00e7irerek benimsemeyi ama\u00e7layan \u0131slah\u00e7\u0131 yakla\u015f\u0131m. \u0130slam medeniyetinin do\u011fas\u0131, tarihi ve gelece\u011fi ile ilgili tart\u0131\u015fmalar bu \u00fc\u00e7 g\u00f6r\u00fc\u015f ba\u011flam\u0131nda form\u00fcle edilmi\u015ftir. Bu ba\u011flamda sosyal teorideki yerle\u015fik \u00f6nyarg\u0131lara meydan okuyan bu kitapta, Avrupamerkezci medeniyet anlay\u0131\u015f\u0131 sorgulan\u0131rken ayn\u0131 zamanda modernle\u015fme, k\u00fcreselle\u015fme ve medeniyet tart\u0131\u015fmalar\u0131n\u0131n gelece\u011fine bir \u0131\u015f\u0131k tutulmaktad\u0131r.<\/p>\n","protected":false},"excerpt":{"rendered":"<p>Do\u011fu\u015fundan bu yana Medeniyet kavram\u0131 &#8220;\u00f6teki&#8221; ile kar\u015f\u0131la\u015fma \u00e7er\u00e7evesinde tan\u0131mland\u0131. Kar\u015f\u0131 kavramlar olarak vah\u015filik ve barbarl\u0131k ise, di\u011fer toplumlar\u0131 &#8220;uygarla\u015ft\u0131rmak&#8221; i\u00e7in \u015fiddet uygulaman\u0131n bir gerek\u00e7esine d\u00f6n\u00fc\u015ft\u00fc.<span class=\"excerpt-hellip\"> [\u2026]<\/span><\/p>\n","protected":false},"featured_media":0,"template":"","meta":{"_monsterinsights_skip_tracking":false,"_monsterinsights_sitenote_active":false,"_monsterinsights_sitenote_note":"","_monsterinsights_sitenote_category":0},"product_brand":[],"product_cat":[13036,12718,12719],"product_tag":[],"class_list":{"0":"post-732860","1":"product","2":"type-product","3":"status-publish","5":"product_cat-arastirma-inceleme-islam","6":"product_cat-din","7":"product_cat-islam","8":"pa_cilt-ciltsiz","9":"pa_tur-kitap","10":"pa_yayinevi-albaraka-yayinlari","11":"pa_yazar-lutfi-sunar","13":"first","14":"instock","15":"sale","16":"shipping-taxable","17":"purchasable","18":"product-type-simple"},"_links":{"self":[{"href":"https:\/\/roveyayinevi.com.tr\/index.php\/wp-json\/wp\/v2\/product\/732860","targetHints":{"allow":["GET"]}}],"collection":[{"href":"https:\/\/roveyayinevi.com.tr\/index.php\/wp-json\/wp\/v2\/product"}],"about":[{"href":"https:\/\/roveyayinevi.com.tr\/index.php\/wp-json\/wp\/v2\/types\/product"}],"wp:attachment":[{"href":"https:\/\/roveyayinevi.com.tr\/index.php\/wp-json\/wp\/v2\/media?parent=732860"}],"wp:term":[{"taxonomy":"product_brand","embeddable":true,"href":"https:\/\/roveyayinevi.com.tr\/index.php\/wp-json\/wp\/v2\/product_brand?post=732860"},{"taxonomy":"product_cat","embeddable":true,"href":"https:\/\/roveyayinevi.com.tr\/index.php\/wp-json\/wp\/v2\/product_cat?post=732860"},{"taxonomy":"product_tag","embeddable":true,"href":"https:\/\/roveyayinevi.com.tr\/index.php\/wp-json\/wp\/v2\/product_tag?post=732860"}],"curies":[{"name":"wp","href":"https:\/\/api.w.org\/{rel}","templated":true}]}}