{"id":732859,"date":"2025-08-27T21:58:45","date_gmt":"2025-08-27T18:58:45","guid":{"rendered":"https:\/\/roveyayinevi.com.tr\/index.php\/urun\/hayata-dair-ufak-sikintilar\/"},"modified":"2026-04-16T02:40:45","modified_gmt":"2026-04-15T23:40:45","slug":"hayata-dair-ufak-sikintilar","status":"publish","type":"product","link":"https:\/\/roveyayinevi.com.tr\/index.php\/urun\/hayata-dair-ufak-sikintilar\/","title":{"rendered":"Hayata Dair Ufak S\u0131k\u0131nt\u0131lar"},"content":{"rendered":"<p>\u0130lk ayd\u0131nlanmam o anda geldi \u00e7att\u0131. \u201cKi\u015fisel geli\u015fememe b\u00f6yle oluyor demek\u2026\u201d dedim. Bu kadar zorlama ile zorlay\u0131c\u0131 beni benden \u00f6te benden ziyade ba\u015fka bir \u015feye \u00e7eviren. Toplumda kabul g\u00f6rmek, kabul eden g\u00fcruha dahil olmak i\u00e7in harcanan onca cm. Cetvelin de bir sonu var, az m\u0131 \u00e7ok mu bilmesem de bir bakt\u0131m ki hala k\u00fcnklerin oraday\u0131m. Hala aya\u011f\u0131m\u0131 bir ad\u0131m \u00f6teye ta\u015f\u0131yamad\u0131m. Ayn\u0131 olmaya \u00e7al\u0131\u015fmaktan i\u015fte o saniye vazge\u00e7tim. Ayn\u0131la\u015famayanlardan m\u0131s\u0131n\u0131z? Ayn\u0131la\u015fmay\u0131 reddedenlerden mi?Delirmeye karar verdim, geli\u015fmek yerine. \u00d6yle hassasiyet g\u00f6stermeyelim l\u00fctfen. Delirmek g\u00fczeldir, kirlenmenin aksine. Delirdi\u011fim an \u201cOh be!\u201d dedim. Kirlensem ne olur, yelken a\u00e7sam denizlere, la\u011f\u0131m derelerinde banyo yapsam ya da gidilmesi gereken limanlara gitsem\u2026<\/p>\n","protected":false},"excerpt":{"rendered":"<p>\u0130lk ayd\u0131nlanmam o anda geldi \u00e7att\u0131. \u201cKi\u015fisel geli\u015fememe b\u00f6yle oluyor demek\u2026\u201d dedim. Bu kadar zorlama ile zorlay\u0131c\u0131 beni benden \u00f6te benden ziyade ba\u015fka bir \u015feye \u00e7eviren.<span class=\"excerpt-hellip\"> [\u2026]<\/span><\/p>\n","protected":false},"featured_media":0,"template":"","meta":{"_monsterinsights_skip_tracking":false,"_monsterinsights_sitenote_active":false,"_monsterinsights_sitenote_note":"","_monsterinsights_sitenote_category":0},"product_brand":[],"product_cat":[12291,12711],"product_tag":[],"class_list":{"0":"post-732859","1":"product","2":"type-product","3":"status-publish","5":"product_cat-edebiyat","6":"product_cat-roman-oyku","7":"pa_cilt-ciltsiz","8":"pa_tur-kitap","9":"pa_yayinevi-elpis-yayinlari","10":"pa_yazar-nazli-feyza-erhan","12":"first","13":"instock","14":"sale","15":"shipping-taxable","16":"purchasable","17":"product-type-simple"},"_links":{"self":[{"href":"https:\/\/roveyayinevi.com.tr\/index.php\/wp-json\/wp\/v2\/product\/732859","targetHints":{"allow":["GET"]}}],"collection":[{"href":"https:\/\/roveyayinevi.com.tr\/index.php\/wp-json\/wp\/v2\/product"}],"about":[{"href":"https:\/\/roveyayinevi.com.tr\/index.php\/wp-json\/wp\/v2\/types\/product"}],"wp:attachment":[{"href":"https:\/\/roveyayinevi.com.tr\/index.php\/wp-json\/wp\/v2\/media?parent=732859"}],"wp:term":[{"taxonomy":"product_brand","embeddable":true,"href":"https:\/\/roveyayinevi.com.tr\/index.php\/wp-json\/wp\/v2\/product_brand?post=732859"},{"taxonomy":"product_cat","embeddable":true,"href":"https:\/\/roveyayinevi.com.tr\/index.php\/wp-json\/wp\/v2\/product_cat?post=732859"},{"taxonomy":"product_tag","embeddable":true,"href":"https:\/\/roveyayinevi.com.tr\/index.php\/wp-json\/wp\/v2\/product_tag?post=732859"}],"curies":[{"name":"wp","href":"https:\/\/api.w.org\/{rel}","templated":true}]}}