{"id":732858,"date":"2025-08-27T21:58:44","date_gmt":"2025-08-27T18:58:44","guid":{"rendered":"https:\/\/roveyayinevi.com.tr\/index.php\/urun\/uzaklar-2\/"},"modified":"2026-04-16T02:40:45","modified_gmt":"2026-04-15T23:40:45","slug":"uzaklar-2","status":"publish","type":"product","link":"https:\/\/roveyayinevi.com.tr\/index.php\/urun\/uzaklar-2\/","title":{"rendered":"Uzaklar"},"content":{"rendered":"<p>\u201cG\u00f6z k\u0131rp\u0131yordu uzaklar, Nisan\u0131n ortalar\u0131nda son trende bekliyordu. Ya\u011fmur \u00f6ylece ya\u011f\u0131yor, Bir toprak kokusu, Bir de annemin kokusuydu benimle gelen\u2026 Y\u00fcklenmi\u015fti s\u0131rt\u0131ma s\u0131la, S\u0131k\u0131\u015fm\u0131\u015f g\u00f6\u011fs\u00fcm\u00fcn aras\u0131na gidi\u015f, Kaybolmu\u015f g\u00f6zlerim, Tutulmu\u015f dilim, \u00c7\u0131kt\u0131m yola \u015fim\u015fekler \u00e7ak\u0131yor\u2026 Ya\u011fmur h\u00fcng\u00fcr h\u00fcng\u00fcr ya\u011f\u0131yor, Kendine iyi bak diyordu oradan bir ses. Can\u0131m annem, Her ad\u0131m att\u0131\u011f\u0131mda uzakla\u015f\u0131yordum, Annemin e\u015farb\u0131ndan, yele\u011finden, fistan\u0131ndan. Gitme diyemedi \u201cgit\u201d derken, A\u011f\u0131r yaral\u0131yd\u0131, S\u00f6zler keskin bir b\u0131\u00e7ak misali, Doland\u0131 ayaklar\u0131m birbirine, d\u00fc\u015fer de kal\u0131r m\u0131y\u0131m diye ge\u00e7ti i\u00e7imden. Arkamdan bakan o iki g\u00f6z, Hi\u00e7 ayr\u0131lmam\u0131\u015ft\u0131 benden, O son tren gelene kadar, \u201cSak\u0131n \u00fc\u015f\u00fctme, oralar so\u011fuk\u2026\u201d diyordu ayn\u0131 ses. Adeta g\u00f6zlerim buz kesmi\u015f, Bakamad\u0131m geriye, bakamad\u0131m anneme, O iki g\u00f6z\u00fcn\u00fc de Hi\u00e7 ay\u0131rmad\u0131 arkamdan&#8230;\u201d<\/p>\n","protected":false},"excerpt":{"rendered":"<p>\u201cG\u00f6z k\u0131rp\u0131yordu uzaklar, Nisan\u0131n ortalar\u0131nda son trende bekliyordu. Ya\u011fmur \u00f6ylece ya\u011f\u0131yor, Bir toprak kokusu, Bir de annemin kokusuydu benimle gelen\u2026 Y\u00fcklenmi\u015fti s\u0131rt\u0131ma s\u0131la, S\u0131k\u0131\u015fm\u0131\u015f g\u00f6\u011fs\u00fcm\u00fcn aras\u0131na<span class=\"excerpt-hellip\"> [\u2026]<\/span><\/p>\n","protected":false},"featured_media":0,"template":"","meta":{"_monsterinsights_skip_tracking":false,"_monsterinsights_sitenote_active":false,"_monsterinsights_sitenote_note":"","_monsterinsights_sitenote_category":0},"product_brand":[],"product_cat":[12291,12509],"product_tag":[],"class_list":{"0":"post-732858","1":"product","2":"type-product","3":"status-publish","5":"product_cat-edebiyat","6":"product_cat-siir","7":"pa_cilt-ciltsiz","8":"pa_tur-kitap","9":"pa_yayinevi-elpis-yayinlari","10":"pa_yazar-ugur-altay","12":"first","13":"instock","14":"sale","15":"shipping-taxable","16":"purchasable","17":"product-type-simple"},"_links":{"self":[{"href":"https:\/\/roveyayinevi.com.tr\/index.php\/wp-json\/wp\/v2\/product\/732858","targetHints":{"allow":["GET"]}}],"collection":[{"href":"https:\/\/roveyayinevi.com.tr\/index.php\/wp-json\/wp\/v2\/product"}],"about":[{"href":"https:\/\/roveyayinevi.com.tr\/index.php\/wp-json\/wp\/v2\/types\/product"}],"wp:attachment":[{"href":"https:\/\/roveyayinevi.com.tr\/index.php\/wp-json\/wp\/v2\/media?parent=732858"}],"wp:term":[{"taxonomy":"product_brand","embeddable":true,"href":"https:\/\/roveyayinevi.com.tr\/index.php\/wp-json\/wp\/v2\/product_brand?post=732858"},{"taxonomy":"product_cat","embeddable":true,"href":"https:\/\/roveyayinevi.com.tr\/index.php\/wp-json\/wp\/v2\/product_cat?post=732858"},{"taxonomy":"product_tag","embeddable":true,"href":"https:\/\/roveyayinevi.com.tr\/index.php\/wp-json\/wp\/v2\/product_tag?post=732858"}],"curies":[{"name":"wp","href":"https:\/\/api.w.org\/{rel}","templated":true}]}}