{"id":732857,"date":"2025-08-27T21:58:42","date_gmt":"2025-08-27T18:58:42","guid":{"rendered":"https:\/\/roveyayinevi.com.tr\/index.php\/urun\/hasmet\/"},"modified":"2026-04-16T02:40:45","modified_gmt":"2026-04-15T23:40:45","slug":"hasmet","status":"publish","type":"product","link":"https:\/\/roveyayinevi.com.tr\/index.php\/urun\/hasmet\/","title":{"rendered":"Ha\u015fmet"},"content":{"rendered":"<p>Ya\u015fad\u0131\u011f\u0131m\u0131z d\u00fcnyan\u0131n i\u00e7erisinde herkesin kendisini anlataca\u011f\u0131 bir hikayesi vard\u0131r muhakkak. Ha\u015fmet&#8217;in hikayesi ise yak\u0131nlar\u0131 taraf\u0131ndan birer birer terkedilen ve var\u0131n\u0131 yo\u011funu kaybederek ya\u015fam m\u00fccadelesi veren bir adam\u0131n hikayesidir. Kimi zaman d\u00fc\u015f\u00fcnece\u011finiz, kimi zaman g\u00fclece\u011finiz, kimi zaman da acaba diyece\u011finiz bu eserde, belki de kendinizden bir pay bulacaks\u0131n\u0131z. Haydi Ha\u015fmet&#8217;i tan\u0131maya! \u201cSen hi\u00e7 B\u00fcy\u00fck Anya \u0130mparatorlu\u011fu duydun mu?\u201d Ha\u015fmet<\/p>\n","protected":false},"excerpt":{"rendered":"<p>Ya\u015fad\u0131\u011f\u0131m\u0131z d\u00fcnyan\u0131n i\u00e7erisinde herkesin kendisini anlataca\u011f\u0131 bir hikayesi vard\u0131r muhakkak. Ha\u015fmet&#8217;in hikayesi ise yak\u0131nlar\u0131 taraf\u0131ndan birer birer terkedilen ve var\u0131n\u0131 yo\u011funu kaybederek ya\u015fam m\u00fccadelesi veren bir<span class=\"excerpt-hellip\"> [\u2026]<\/span><\/p>\n","protected":false},"featured_media":0,"template":"","meta":{"_monsterinsights_skip_tracking":false,"_monsterinsights_sitenote_active":false,"_monsterinsights_sitenote_note":"","_monsterinsights_sitenote_category":0},"product_brand":[],"product_cat":[12291,12711],"product_tag":[],"class_list":{"0":"post-732857","1":"product","2":"type-product","3":"status-publish","5":"product_cat-edebiyat","6":"product_cat-roman-oyku","7":"pa_cilt-ciltsiz","8":"pa_tur-kitap","9":"pa_yayinevi-elpis-yayinlari","10":"pa_yazar-birol-koc","12":"first","13":"instock","14":"sale","15":"shipping-taxable","16":"purchasable","17":"product-type-simple"},"_links":{"self":[{"href":"https:\/\/roveyayinevi.com.tr\/index.php\/wp-json\/wp\/v2\/product\/732857","targetHints":{"allow":["GET"]}}],"collection":[{"href":"https:\/\/roveyayinevi.com.tr\/index.php\/wp-json\/wp\/v2\/product"}],"about":[{"href":"https:\/\/roveyayinevi.com.tr\/index.php\/wp-json\/wp\/v2\/types\/product"}],"wp:attachment":[{"href":"https:\/\/roveyayinevi.com.tr\/index.php\/wp-json\/wp\/v2\/media?parent=732857"}],"wp:term":[{"taxonomy":"product_brand","embeddable":true,"href":"https:\/\/roveyayinevi.com.tr\/index.php\/wp-json\/wp\/v2\/product_brand?post=732857"},{"taxonomy":"product_cat","embeddable":true,"href":"https:\/\/roveyayinevi.com.tr\/index.php\/wp-json\/wp\/v2\/product_cat?post=732857"},{"taxonomy":"product_tag","embeddable":true,"href":"https:\/\/roveyayinevi.com.tr\/index.php\/wp-json\/wp\/v2\/product_tag?post=732857"}],"curies":[{"name":"wp","href":"https:\/\/api.w.org\/{rel}","templated":true}]}}