{"id":732856,"date":"2025-08-27T21:58:41","date_gmt":"2025-08-27T18:58:41","guid":{"rendered":"https:\/\/roveyayinevi.com.tr\/index.php\/urun\/iplik-ailesi-kesirler\/"},"modified":"2026-04-16T02:40:45","modified_gmt":"2026-04-15T23:40:45","slug":"iplik-ailesi-kesirler","status":"publish","type":"product","link":"https:\/\/roveyayinevi.com.tr\/index.php\/urun\/iplik-ailesi-kesirler\/","title":{"rendered":"\u0130plik Ailesi &#8211; Kesirler"},"content":{"rendered":"<p>\u0130plik Ailesi di\u011ferlerine hi\u00e7 benzemiyor. Bu ailenin nesilden nesile aktard\u0131\u011f\u0131 \u00e7ok \u00f6zel bir g\u00f6revi var. T\u00fcm aile bireyleri \u015feyleribirbirine ba\u011flayabiliyor.  Peki, nedir bu \u015feyler? Birbiriyle ili\u015fkisi, ortak noktas\u0131 olan vebirlikte anlam ifade eden her \u015fey.  Tam bitti derken yeni bir maceran\u0131n i\u00e7ine dald\u0131 Oruz ve \u0130da.Oruz her gece ayn\u0131 r\u00fcyay\u0131 g\u00f6r\u00fcyor, bir t\u00fcrl\u00fc nedenini \u00e7\u00f6zemiyordu. Neyse ki \u0130plik Ailesi Oruz\u2019un hep yan\u0131nda. \u0130plik karde\u015flerin Kirpi Masa ile m\u00fccadelesi bu kez kesirler \u00fczerinden olacak, s\u0131rlar g\u00fcny\u00fcz\u00fcne \u00e7\u0131kacak. Kesirler sizi \u00e7ok heyecanland\u0131racak. Bu ne\u015feli aileyle kesirleri \u00f6\u011frenmeksand\u0131\u011f\u0131n\u0131zdan da e\u011flenceli! \u0130plik Ailesi Kesirler matemati\u011fi oyunlarla birle\u015ftirene\u011flenceli bir zek\u00e2 oyunu kitab\u0131. <\/p>\n","protected":false},"excerpt":{"rendered":"<p>\u0130plik Ailesi di\u011ferlerine hi\u00e7 benzemiyor. Bu ailenin nesilden nesile aktard\u0131\u011f\u0131 \u00e7ok \u00f6zel bir g\u00f6revi var. T\u00fcm aile bireyleri \u015feyleribirbirine ba\u011flayabiliyor. Peki, nedir bu \u015feyler? Birbiriyle ili\u015fkisi,<span class=\"excerpt-hellip\"> [\u2026]<\/span><\/p>\n","protected":false},"featured_media":0,"template":"","meta":{"_monsterinsights_skip_tracking":false,"_monsterinsights_sitenote_active":false,"_monsterinsights_sitenote_note":"","_monsterinsights_sitenote_category":0},"product_brand":[],"product_cat":[12913,12274],"product_tag":[],"class_list":{"0":"post-732856","1":"product","2":"type-product","3":"status-publish","5":"product_cat-3-6-yas-kitaplari","6":"product_cat-cocuk-ve-genclik-kitaplari","7":"pa_cilt-ciltsiz","8":"pa_tur-kitap","9":"pa_yayinevi-masalperest-ozel-urun","10":"pa_yazar-serkan-yurekli","12":"first","13":"instock","14":"sale","15":"shipping-taxable","16":"purchasable","17":"product-type-simple"},"_links":{"self":[{"href":"https:\/\/roveyayinevi.com.tr\/index.php\/wp-json\/wp\/v2\/product\/732856","targetHints":{"allow":["GET"]}}],"collection":[{"href":"https:\/\/roveyayinevi.com.tr\/index.php\/wp-json\/wp\/v2\/product"}],"about":[{"href":"https:\/\/roveyayinevi.com.tr\/index.php\/wp-json\/wp\/v2\/types\/product"}],"wp:attachment":[{"href":"https:\/\/roveyayinevi.com.tr\/index.php\/wp-json\/wp\/v2\/media?parent=732856"}],"wp:term":[{"taxonomy":"product_brand","embeddable":true,"href":"https:\/\/roveyayinevi.com.tr\/index.php\/wp-json\/wp\/v2\/product_brand?post=732856"},{"taxonomy":"product_cat","embeddable":true,"href":"https:\/\/roveyayinevi.com.tr\/index.php\/wp-json\/wp\/v2\/product_cat?post=732856"},{"taxonomy":"product_tag","embeddable":true,"href":"https:\/\/roveyayinevi.com.tr\/index.php\/wp-json\/wp\/v2\/product_tag?post=732856"}],"curies":[{"name":"wp","href":"https:\/\/api.w.org\/{rel}","templated":true}]}}