{"id":732855,"date":"2025-08-27T21:58:40","date_gmt":"2025-08-27T18:58:40","guid":{"rendered":"https:\/\/roveyayinevi.com.tr\/index.php\/urun\/kup-kokusu\/"},"modified":"2026-04-16T02:40:45","modified_gmt":"2026-04-15T23:40:45","slug":"kup-kokusu","status":"publish","type":"product","link":"https:\/\/roveyayinevi.com.tr\/index.php\/urun\/kup-kokusu\/","title":{"rendered":"K\u00fcp Kokusu"},"content":{"rendered":"<p>Her biri farkl\u0131 bir hayat, her biri farkl\u0131 bir nefes ve her bir \u00f6yk\u00fc, ayr\u0131 bir kader.T\u00fcnelin i\u00e7erisinde me\u00e7hule do\u011fru yol alan farkl\u0131 vagonlar&#8230;Ve bu vagonlar\u0131n tek tek ula\u015ft\u0131\u011f\u0131 kap\u0131lar&#8230;Farkl\u0131 d\u00fcnyalar\u0131n kap\u0131lar\u0131n\u0131 gelin birlikte a\u00e7al\u0131m&#8230;<\/p>\n","protected":false},"excerpt":{"rendered":"<p>Her biri farkl\u0131 bir hayat, her biri farkl\u0131 bir nefes ve her bir \u00f6yk\u00fc, ayr\u0131 bir kader.T\u00fcnelin i\u00e7erisinde me\u00e7hule do\u011fru yol alan farkl\u0131 vagonlar&#8230;Ve bu vagonlar\u0131n<span class=\"excerpt-hellip\"> [\u2026]<\/span><\/p>\n","protected":false},"featured_media":0,"template":"","meta":{"_monsterinsights_skip_tracking":false,"_monsterinsights_sitenote_active":false,"_monsterinsights_sitenote_note":"","_monsterinsights_sitenote_category":0},"product_brand":[],"product_cat":[12291,12711],"product_tag":[],"class_list":{"0":"post-732855","1":"product","2":"type-product","3":"status-publish","5":"product_cat-edebiyat","6":"product_cat-roman-oyku","7":"pa_cilt-ciltsiz","8":"pa_tur-kitap","9":"pa_yayinevi-elpis-yayinlari","10":"pa_yazar-osman-akyol","12":"first","13":"instock","14":"sale","15":"shipping-taxable","16":"purchasable","17":"product-type-simple"},"_links":{"self":[{"href":"https:\/\/roveyayinevi.com.tr\/index.php\/wp-json\/wp\/v2\/product\/732855","targetHints":{"allow":["GET"]}}],"collection":[{"href":"https:\/\/roveyayinevi.com.tr\/index.php\/wp-json\/wp\/v2\/product"}],"about":[{"href":"https:\/\/roveyayinevi.com.tr\/index.php\/wp-json\/wp\/v2\/types\/product"}],"wp:attachment":[{"href":"https:\/\/roveyayinevi.com.tr\/index.php\/wp-json\/wp\/v2\/media?parent=732855"}],"wp:term":[{"taxonomy":"product_brand","embeddable":true,"href":"https:\/\/roveyayinevi.com.tr\/index.php\/wp-json\/wp\/v2\/product_brand?post=732855"},{"taxonomy":"product_cat","embeddable":true,"href":"https:\/\/roveyayinevi.com.tr\/index.php\/wp-json\/wp\/v2\/product_cat?post=732855"},{"taxonomy":"product_tag","embeddable":true,"href":"https:\/\/roveyayinevi.com.tr\/index.php\/wp-json\/wp\/v2\/product_tag?post=732855"}],"curies":[{"name":"wp","href":"https:\/\/api.w.org\/{rel}","templated":true}]}}