{"id":732854,"date":"2025-08-27T21:58:39","date_gmt":"2025-08-27T18:58:39","guid":{"rendered":"https:\/\/roveyayinevi.com.tr\/index.php\/urun\/mucize-2\/"},"modified":"2026-04-16T02:40:45","modified_gmt":"2026-04-15T23:40:45","slug":"mucize-2","status":"publish","type":"product","link":"https:\/\/roveyayinevi.com.tr\/index.php\/urun\/mucize-2\/","title":{"rendered":"Mucize"},"content":{"rendered":"<p>\u201cSen beni zaten \u00e7ok sevmi\u015ftin, benden vazge\u00e7meyecektin ama bana bunu o g\u00fcnlerde s\u00f6yleyemezdin&#8230;\u201d \u201cYaln\u0131zl\u0131\u011f\u0131n en a\u011f\u0131r an\u0131nda, h\u0131\u00e7k\u0131r\u0131klara bo\u011fulman\u0131n tam da bir ad\u0131m sonras\u0131nda apans\u0131z durur ya g\u00f6zya\u015fya\u015flar\u0131n, birden tuhaf bir g\u00fc\u00e7 hissedersin ya i\u00e7inde; kadimlerden gelen en soylu ruhun sesleni\u015fidir o, &#8216;A\u011flamak ar\u0131nmakt\u0131r, susma.&#8217; diyen. \u0130\u015fte o an &#8216;Neden sevilmedim, neden gitti, neden bu ac\u0131lar i\u00e7indeyim?&#8217; diye sorgulamay\u0131 b\u0131rak\u0131p son bir kez, doyas\u0131ya a\u011fla. Sonsuz sevgi \u015felalesi, ancak ar\u0131nd\u0131\u011f\u0131nda inecek \u00fczerine, t\u00fcm ha\u015fmetiyle\u2026\u201d \u201cOysa a\u015fk\u0131 bulmak \u00f6yle kolayd\u0131 ki. Beni \u00e7a\u011f\u0131rma, sen gel\u2026\u201d  \u201cHayat\u0131ndan gidenlere te\u015fekk\u00fcr et. \u00c7\u00fcnk\u00fc ancak o gitti\u011finde yerine yeni biri gelebilir\u2026\u201d \u201cMutsuz musun? &#8216;M\u00fczi\u011fin sesini neden duymuyorsun, \u015fark\u0131 s\u00f6ylemeyi ne zaman b\u0131rakt\u0131n?&#8217;\u201d \u201c\u2026Ger\u00e7ekte, -Burcu kabul etmek istemese de- olduk\u00e7a etkili ve ilkel bir duygu olarak tan\u0131mlanan korkuyu ya\u015f\u0131yordu. Beynin en eski ve tamamen duygular taraf\u0131ndan domine edilen k\u0131sm\u0131 amigdala; yeni korkular\u0131n\u0131 ge\u00e7mi\u015ftekilerle e\u015fle\u015ftiriyordu. Olas\u0131 durumlara kar\u015f\u0131 kendisini korumas\u0131 gerekti\u011fini ise r\u00fcya yoluyla hat\u0131rlat\u0131yordu.\u201d<\/p>\n","protected":false},"excerpt":{"rendered":"<p>\u201cSen beni zaten \u00e7ok sevmi\u015ftin, benden vazge\u00e7meyecektin ama bana bunu o g\u00fcnlerde s\u00f6yleyemezdin&#8230;\u201d \u201cYaln\u0131zl\u0131\u011f\u0131n en a\u011f\u0131r an\u0131nda, h\u0131\u00e7k\u0131r\u0131klara bo\u011fulman\u0131n tam da bir ad\u0131m sonras\u0131nda apans\u0131z durur<span class=\"excerpt-hellip\"> [\u2026]<\/span><\/p>\n","protected":false},"featured_media":0,"template":"","meta":{"_monsterinsights_skip_tracking":false,"_monsterinsights_sitenote_active":false,"_monsterinsights_sitenote_note":"","_monsterinsights_sitenote_category":0},"product_brand":[],"product_cat":[12291,12711],"product_tag":[],"class_list":{"0":"post-732854","1":"product","2":"type-product","3":"status-publish","5":"product_cat-edebiyat","6":"product_cat-roman-oyku","7":"pa_cilt-ciltsiz","8":"pa_tur-kitap","9":"pa_yayinevi-perseus","10":"pa_yazar-bilge-gungor","12":"first","13":"instock","14":"sale","15":"shipping-taxable","16":"purchasable","17":"product-type-simple"},"_links":{"self":[{"href":"https:\/\/roveyayinevi.com.tr\/index.php\/wp-json\/wp\/v2\/product\/732854","targetHints":{"allow":["GET"]}}],"collection":[{"href":"https:\/\/roveyayinevi.com.tr\/index.php\/wp-json\/wp\/v2\/product"}],"about":[{"href":"https:\/\/roveyayinevi.com.tr\/index.php\/wp-json\/wp\/v2\/types\/product"}],"wp:attachment":[{"href":"https:\/\/roveyayinevi.com.tr\/index.php\/wp-json\/wp\/v2\/media?parent=732854"}],"wp:term":[{"taxonomy":"product_brand","embeddable":true,"href":"https:\/\/roveyayinevi.com.tr\/index.php\/wp-json\/wp\/v2\/product_brand?post=732854"},{"taxonomy":"product_cat","embeddable":true,"href":"https:\/\/roveyayinevi.com.tr\/index.php\/wp-json\/wp\/v2\/product_cat?post=732854"},{"taxonomy":"product_tag","embeddable":true,"href":"https:\/\/roveyayinevi.com.tr\/index.php\/wp-json\/wp\/v2\/product_tag?post=732854"}],"curies":[{"name":"wp","href":"https:\/\/api.w.org\/{rel}","templated":true}]}}