{"id":732853,"date":"2025-08-27T21:58:38","date_gmt":"2025-08-27T18:58:38","guid":{"rendered":"https:\/\/roveyayinevi.com.tr\/index.php\/urun\/feveda\/"},"modified":"2026-04-16T02:40:45","modified_gmt":"2026-04-15T23:40:45","slug":"feveda","status":"publish","type":"product","link":"https:\/\/roveyayinevi.com.tr\/index.php\/urun\/feveda\/","title":{"rendered":"Feveda"},"content":{"rendered":"<p>\u201cO, benim bilmedi\u011fim yerlerden gelmi\u015fti hayat\u0131ma, ans\u0131z\u0131n girmi\u015fti kalbimin engebeli yollar\u0131na\u2026\u201dB\u00f6yle ba\u015flam\u0131\u015ft\u0131 Edirne&#8217;de yaz\u0131lan b\u00fcy\u00fck a\u015fk\u0131n zamans\u0131z hik\u00e2yesi\u2026Edirne&#8217;de \u00f6\u011frencili\u011finin son senesinde olan Engin&#8217;in yolu, bu \u015fehirde ilk senesi olan G\u00f6n\u00fcl M\u00fchendisi&#8217;yle bir edebiyat toplant\u0131s\u0131nda kesi\u015fir.Konu\u015fma g\u00fc\u00e7l\u00fc\u011f\u00fc \u00e7ekmesinden dolay\u0131 insanlarla ileti\u015fim kurmakta zorlanan dili, G\u00f6n\u00fcl M\u00fchendisi&#8217;nin kar\u015f\u0131s\u0131nda b\u00fclb\u00fcl kesilir ve sevin\u00e7le geldi\u011fi bu \u015fehre h\u00fcz\u00fcnle veda ederken a\u015fk\u0131n\u0131 ilan edebilmek i\u00e7in tercihini, bildi\u011fi en iyi yoldan yani yazarak kullan\u0131r.Hayat\u0131n onlara kar\u015f\u0131 oynad\u0131\u011f\u0131 oyunlar, imk\u00e2ns\u0131z\u0131 m\u00fcmk\u00fcn m\u00fc k\u0131lacak, yoksa m\u00fcmk\u00fcn olan\u0131 m\u0131 imk\u00e2ns\u0131z yapacak?\u201cSanki bir idam mahk\u00fbmunun hayattan ayr\u0131lmadan \u00f6nceki ya\u015fad\u0131\u011f\u0131 son \u00e7aresizli\u011fi and\u0131r\u0131yordu g\u00f6zleri.\u201dBa\u015flar ba\u015flamaz sizi i\u00e7ine \u00e7ekecek olan ve i\u00e7inde bir\u00e7ok duyguyu bar\u0131nd\u0131ran bu hik\u00e2yede, yap\u0131lan t\u00fcrl\u00fc fedak\u00e2rl\u0131klar sizi hayrete d\u00fc\u015f\u00fcr\u00fcp ismindeki gizemiyle de kendisine hayran b\u0131rakt\u0131racak.<\/p>\n","protected":false},"excerpt":{"rendered":"<p>\u201cO, benim bilmedi\u011fim yerlerden gelmi\u015fti hayat\u0131ma, ans\u0131z\u0131n girmi\u015fti kalbimin engebeli yollar\u0131na\u2026\u201dB\u00f6yle ba\u015flam\u0131\u015ft\u0131 Edirne&#8217;de yaz\u0131lan b\u00fcy\u00fck a\u015fk\u0131n zamans\u0131z hik\u00e2yesi\u2026Edirne&#8217;de \u00f6\u011frencili\u011finin son senesinde olan Engin&#8217;in yolu, bu \u015fehirde<span class=\"excerpt-hellip\"> [\u2026]<\/span><\/p>\n","protected":false},"featured_media":0,"template":"","meta":{"_monsterinsights_skip_tracking":false,"_monsterinsights_sitenote_active":false,"_monsterinsights_sitenote_note":"","_monsterinsights_sitenote_category":0},"product_brand":[],"product_cat":[12291,12711],"product_tag":[],"class_list":{"0":"post-732853","1":"product","2":"type-product","3":"status-publish","5":"product_cat-edebiyat","6":"product_cat-roman-oyku","7":"pa_cilt-ciltsiz","8":"pa_tur-kitap","9":"pa_yayinevi-perseus","10":"pa_yazar-engincan-cetin","12":"first","13":"instock","14":"sale","15":"shipping-taxable","16":"purchasable","17":"product-type-simple"},"_links":{"self":[{"href":"https:\/\/roveyayinevi.com.tr\/index.php\/wp-json\/wp\/v2\/product\/732853","targetHints":{"allow":["GET"]}}],"collection":[{"href":"https:\/\/roveyayinevi.com.tr\/index.php\/wp-json\/wp\/v2\/product"}],"about":[{"href":"https:\/\/roveyayinevi.com.tr\/index.php\/wp-json\/wp\/v2\/types\/product"}],"wp:attachment":[{"href":"https:\/\/roveyayinevi.com.tr\/index.php\/wp-json\/wp\/v2\/media?parent=732853"}],"wp:term":[{"taxonomy":"product_brand","embeddable":true,"href":"https:\/\/roveyayinevi.com.tr\/index.php\/wp-json\/wp\/v2\/product_brand?post=732853"},{"taxonomy":"product_cat","embeddable":true,"href":"https:\/\/roveyayinevi.com.tr\/index.php\/wp-json\/wp\/v2\/product_cat?post=732853"},{"taxonomy":"product_tag","embeddable":true,"href":"https:\/\/roveyayinevi.com.tr\/index.php\/wp-json\/wp\/v2\/product_tag?post=732853"}],"curies":[{"name":"wp","href":"https:\/\/api.w.org\/{rel}","templated":true}]}}