{"id":732851,"date":"2025-08-27T21:58:36","date_gmt":"2025-08-27T18:58:36","guid":{"rendered":"https:\/\/roveyayinevi.com.tr\/index.php\/urun\/antik-cinde-iktisadi-dusunce-tarihi\/"},"modified":"2026-04-16T02:40:45","modified_gmt":"2026-04-15T23:40:45","slug":"antik-cinde-iktisadi-dusunce-tarihi","status":"publish","type":"product","link":"https:\/\/roveyayinevi.com.tr\/index.php\/urun\/antik-cinde-iktisadi-dusunce-tarihi\/","title":{"rendered":"Antik \u00c7in\u2019de \u0130ktisadi D\u00fc\u015f\u00fcnce Tarihi"},"content":{"rendered":"<p>Bir\u00e7ok teorisyenin ekonomik verilere dayanarak g\u00f6zlemledi\u011fi yeni bir y\u00fckseli\u015f var d\u00fcnyada. Bu yeni y\u00fckseli\u015fin ad\u0131 \u00c7in. Ekonomik ve politik alanda, 21. y\u00fczy\u0131l\u0131n en \u00f6nemli belirleyicisi olmas\u0131 beklenen \u00c7in, yay\u0131lmac\u0131 politikalar\u0131yla da s\u0131k s\u0131k g\u00fcndeme geliyor. Peki \u00c7in\u2019i bilhassa ekonomik alanda ad\u0131m ad\u0131m daha g\u00fc\u00e7l\u00fc ve s\u00f6z sahibi k\u0131lan temel \u00f6zellikler nelerdir?Bu kitap, \u00c7inli uzmanlar taraf\u0131ndan, \u00c7in\u2019in iktisadi d\u00fc\u015f\u00fcnce tarihi \u00fczerine kaleme al\u0131nm\u0131\u015f on iki makaleden olu\u015fmaktad\u0131r. S\u00f6z konusu makalelerde uzmanlar, \u00c7in\u2019in iktisadi d\u00fc\u015f\u00fcnce tarihinin geli\u015fimini ak\u0131c\u0131 bir \u00fcslupla ele almaktad\u0131r. Ayr\u0131ca okurlara, antik \u00c7in\u2019in ekonomiye bak\u0131\u015f\u0131n\u0131 belirleyen ba\u015fl\u0131ca \u201cekollerin\u201d arkas\u0131ndaki isimlere dair tarih\u00ee bir perspektif sunmaktad\u0131r.Bu \u00e7al\u0131\u015fmada, s\u00f6z konusu \u201cekollerin\u201d ortaya koydu\u011fu metodoloji ve ana metinlere dair ayr\u0131nt\u0131l\u0131 ve bazen tart\u0131\u015fmal\u0131 yorumlar\u0131 okuyacak; \u00c7in ekonomik d\u00fc\u015f\u00fcncesinin uluslararas\u0131 alandaki artan etkisinin k\u00f6kenlerini \u00f6\u011freneceksiniz. Bu \u00e7er\u00e7evede, antik \u00c7in d\u00fc\u015f\u00fcncesinin \u00e7a\u011fda\u015f teorisyenlere en az antik Bat\u0131 d\u00fc\u015f\u00fcncesi kadar \u00e7ok \u015fey sunabilece\u011fine \u015fahitlik edecek ve \u201cd\u00fcnyan\u0131n yeni s\u00fcper g\u00fcc\u00fc\u201dn\u00fcn dayand\u0131\u011f\u0131 iktisadi temelleri kavrayacaks\u0131n\u0131z. Ayr\u0131ca eser, \u00c7inli iktisat tarih\u00e7ilerinin kendi entelekt\u00fcel miraslar\u0131n\u0131 nas\u0131l anlamaya \u00e7al\u0131\u015ft\u0131klar\u0131na dair bir \u00f6rnek sunmas\u0131 a\u00e7\u0131s\u0131ndan da e\u015fsiz bir \u00e7al\u0131\u015fma niteli\u011finde.<\/p>\n","protected":false},"excerpt":{"rendered":"<p>Bir\u00e7ok teorisyenin ekonomik verilere dayanarak g\u00f6zlemledi\u011fi yeni bir y\u00fckseli\u015f var d\u00fcnyada. Bu yeni y\u00fckseli\u015fin ad\u0131 \u00c7in. Ekonomik ve politik alanda, 21. y\u00fczy\u0131l\u0131n en \u00f6nemli belirleyicisi olmas\u0131<span class=\"excerpt-hellip\"> [\u2026]<\/span><\/p>\n","protected":false},"featured_media":0,"template":"","meta":{"_monsterinsights_skip_tracking":false,"_monsterinsights_sitenote_active":false,"_monsterinsights_sitenote_note":"","_monsterinsights_sitenote_category":0},"product_brand":[],"product_cat":[12312,12304],"product_tag":[],"class_list":{"0":"post-732851","1":"product","2":"type-product","3":"status-publish","5":"product_cat-diger","6":"product_cat-tarih","7":"pa_cilt-ciltsiz","8":"pa_tur-kitap","9":"pa_yayinevi-albaraka-yayinlari","10":"pa_yazar-albaraka-yayinlari-kolektif","12":"first","13":"instock","14":"sale","15":"shipping-taxable","16":"purchasable","17":"product-type-simple"},"_links":{"self":[{"href":"https:\/\/roveyayinevi.com.tr\/index.php\/wp-json\/wp\/v2\/product\/732851","targetHints":{"allow":["GET"]}}],"collection":[{"href":"https:\/\/roveyayinevi.com.tr\/index.php\/wp-json\/wp\/v2\/product"}],"about":[{"href":"https:\/\/roveyayinevi.com.tr\/index.php\/wp-json\/wp\/v2\/types\/product"}],"wp:attachment":[{"href":"https:\/\/roveyayinevi.com.tr\/index.php\/wp-json\/wp\/v2\/media?parent=732851"}],"wp:term":[{"taxonomy":"product_brand","embeddable":true,"href":"https:\/\/roveyayinevi.com.tr\/index.php\/wp-json\/wp\/v2\/product_brand?post=732851"},{"taxonomy":"product_cat","embeddable":true,"href":"https:\/\/roveyayinevi.com.tr\/index.php\/wp-json\/wp\/v2\/product_cat?post=732851"},{"taxonomy":"product_tag","embeddable":true,"href":"https:\/\/roveyayinevi.com.tr\/index.php\/wp-json\/wp\/v2\/product_tag?post=732851"}],"curies":[{"name":"wp","href":"https:\/\/api.w.org\/{rel}","templated":true}]}}