{"id":732850,"date":"2025-08-27T21:58:36","date_gmt":"2025-08-27T18:58:36","guid":{"rendered":"https:\/\/roveyayinevi.com.tr\/index.php\/urun\/sarlman-hz-muhammed-ve-kapitalizmin-arap-kokenleri\/"},"modified":"2026-04-16T02:40:45","modified_gmt":"2026-04-15T23:40:45","slug":"sarlman-hz-muhammed-ve-kapitalizmin-arap-kokenleri","status":"publish","type":"product","link":"https:\/\/roveyayinevi.com.tr\/index.php\/urun\/sarlman-hz-muhammed-ve-kapitalizmin-arap-kokenleri\/","title":{"rendered":"\u015earlman, Hz. Muhammed ve Kapitalizmin Arap K\u00f6kenleri"},"content":{"rendered":"<p>Gene W. Heck, uzun ve zahmetli bir \u00e7al\u0131\u015fman\u0131n \u00fcr\u00fcn\u00fc olan bu kapsaml\u0131 eserinde, Henri Pirenne\u2019nin ortaya att\u0131\u011f\u0131 ana teze kar\u015f\u0131 \u00e7\u0131kmaktad\u0131r. Ona g\u00f6re \u0130slam fetihleri Avrupa ekonomisinin, dolay\u0131s\u0131yla da Roma Avrupas\u0131\u2019n\u0131n \u00e7\u00f6k\u00fc\u015f\u00fcne sebebiyet vermemi\u015f, bilakis \u0130slam\u2019\u0131n y\u00fckseli\u015fi, yay\u0131l\u0131\u015f\u0131 ve iktisadi alanda ortaya koydu\u011fu teknikler, Avrupa\u2019y\u0131 b\u00fcy\u00fck bir y\u0131k\u0131mdan kurtarm\u0131\u015ft\u0131r. \u0130slam d\u00fcnyas\u0131n\u0131n y\u00fckseli\u015fi s\u0131ras\u0131nda kadim medeniyetlerden devrald\u0131\u011f\u0131 miras ile geli\u015ftirdi\u011fi bilim ve metotlar, Avrupa ile olan ticari ili\u015fkiler ve hatta Ha\u00e7l\u0131 Seferleri sayesinde buraya aktar\u0131lm\u0131\u015f ve ard\u0131ndan Avrupa karanl\u0131k \u00e7a\u011flardan s\u0131yr\u0131larak R\u00f6nesans\u2019\u0131n\u0131 ba\u015flatabilmi\u015ftir.Elinizdeki kitapta yazar, M\u00fcsl\u00fcmanlar\u0131n Kur\u2019an\u2019\u0131n prensipleriyle birebir uyumlu bir iktisat politikas\u0131 geli\u015ftirdikleri ve bunu da Bat\u0131\u2019ya bu \u015fekilde aktard\u0131klar\u0131 \u015feklinde bir g\u00f6r\u00fc\u015f ortaya koymam\u0131\u015ft\u0131r. M\u00fcsl\u00fcman Do\u011fu, her ne kadar Kur\u2019an\u2019\u0131n getirdi\u011fi emir ve yasaklara ba\u011fl\u0131 kalmaya \u00e7al\u0131\u015fsa da as\u0131rlar boyu farkl\u0131 medeniyetler i\u00e7inde bir\u00e7ok farkl\u0131 g\u00f6r\u00fc\u015f, yakla\u015f\u0131m ve uygulama ortaya \u00e7\u0131kartm\u0131\u015ft\u0131r. \u0130\u015fte tam da bu noktada Heck ana tezini a\u00e7\u0131klam\u0131\u015ft\u0131r: Hristiyan Bat\u0131, kilisenin gerek faiz yasa\u011f\u0131 gerekse d\u00fcnyal\u0131k zenginli\u011fi yermesi sebebiyle ekonomik \u00e7\u0131kmazlar i\u00e7inde bo\u011fu\u015furken, M\u00fcsl\u00fcman Do\u011fu\u2019da \u00e2limlerin yasaklar\u0131n \u00e7evresinden dola\u015ft\u0131ran yarat\u0131c\u0131 \u00e7\u00f6z\u00fcmleri ile ekonomi d\u00fcnyas\u0131n\u0131n kap\u0131lar\u0131 sonuna kadar aralanm\u0131\u015f ve bu da kapitalizmin k\u00f6kenini olu\u015fturmu\u015ftur. B\u00f6ylelikle Weber\u2019in kapitalizmin olu\u015fmas\u0131n\u0131n temeline Hristiyanlar\u0131, Sombart\u2019\u0131n da Yahudileri koymas\u0131na ilaveten, son derece yeni ve \u00f6zg\u00fcn bir tez daha literat\u00fcre kazand\u0131r\u0131lm\u0131\u015f olmaktad\u0131r.<\/p>\n","protected":false},"excerpt":{"rendered":"<p>Gene W. Heck, uzun ve zahmetli bir \u00e7al\u0131\u015fman\u0131n \u00fcr\u00fcn\u00fc olan bu kapsaml\u0131 eserinde, Henri Pirenne\u2019nin ortaya att\u0131\u011f\u0131 ana teze kar\u015f\u0131 \u00e7\u0131kmaktad\u0131r. Ona g\u00f6re \u0130slam fetihleri Avrupa<span class=\"excerpt-hellip\"> [\u2026]<\/span><\/p>\n","protected":false},"featured_media":0,"template":"","meta":{"_monsterinsights_skip_tracking":false,"_monsterinsights_sitenote_active":false,"_monsterinsights_sitenote_note":"","_monsterinsights_sitenote_category":0},"product_brand":[],"product_cat":[13059,12337],"product_tag":[],"class_list":{"0":"post-732850","1":"product","2":"type-product","3":"status-publish","5":"product_cat-diger-politika-siyaset","6":"product_cat-politika-siyaset","7":"pa_cilt-ciltsiz","8":"pa_tur-kitap","9":"pa_yayinevi-albaraka-yayinlari","10":"pa_yazar-gene-w-heck","12":"first","13":"instock","14":"sale","15":"shipping-taxable","16":"purchasable","17":"product-type-simple"},"_links":{"self":[{"href":"https:\/\/roveyayinevi.com.tr\/index.php\/wp-json\/wp\/v2\/product\/732850","targetHints":{"allow":["GET"]}}],"collection":[{"href":"https:\/\/roveyayinevi.com.tr\/index.php\/wp-json\/wp\/v2\/product"}],"about":[{"href":"https:\/\/roveyayinevi.com.tr\/index.php\/wp-json\/wp\/v2\/types\/product"}],"wp:attachment":[{"href":"https:\/\/roveyayinevi.com.tr\/index.php\/wp-json\/wp\/v2\/media?parent=732850"}],"wp:term":[{"taxonomy":"product_brand","embeddable":true,"href":"https:\/\/roveyayinevi.com.tr\/index.php\/wp-json\/wp\/v2\/product_brand?post=732850"},{"taxonomy":"product_cat","embeddable":true,"href":"https:\/\/roveyayinevi.com.tr\/index.php\/wp-json\/wp\/v2\/product_cat?post=732850"},{"taxonomy":"product_tag","embeddable":true,"href":"https:\/\/roveyayinevi.com.tr\/index.php\/wp-json\/wp\/v2\/product_tag?post=732850"}],"curies":[{"name":"wp","href":"https:\/\/api.w.org\/{rel}","templated":true}]}}