{"id":732849,"date":"2025-08-27T21:58:35","date_gmt":"2025-08-27T18:58:35","guid":{"rendered":"https:\/\/roveyayinevi.com.tr\/index.php\/urun\/yonetim-ve-organizasyona-dair-islami-perspektifler\/"},"modified":"2026-04-16T02:40:44","modified_gmt":"2026-04-15T23:40:44","slug":"yonetim-ve-organizasyona-dair-islami-perspektifler","status":"publish","type":"product","link":"https:\/\/roveyayinevi.com.tr\/index.php\/urun\/yonetim-ve-organizasyona-dair-islami-perspektifler\/","title":{"rendered":"Y\u00f6netim ve Organizasyona Dair \u0130slami Perspektifler"},"content":{"rendered":"<p>\u0130slam\u2019\u0131n ilk be\u015f y\u00fczy\u0131l\u0131 boyunca M\u00fcsl\u00fcman d\u00fc\u015f\u00fcn\u00fcrler, toplumsal ve ticari sorunlara yarat\u0131c\u0131l\u0131k ve esneklikle yakla\u015fm\u0131\u015flard\u0131r. Yakla\u015f\u0131mlar\u0131n\u0131n arkas\u0131nda ise \u00e7e\u015fitlilik ile adalet ve nezaketin, ba\u015far\u0131n\u0131n temelleri oldu\u011funa dair g\u00fc\u00e7l\u00fc bir ahlaki kabul yatmaktayd\u0131. \u0130slam Devleti k\u0131sa bir s\u00fcrede h\u0131zla yay\u0131lm\u0131\u015f, a\u00e7\u0131kl\u0131k ve kapsay\u0131c\u0131l\u0131k ruhu sayesinde ba\u015far\u0131s\u0131zl\u0131\u011fa u\u011framam\u0131\u015ft\u0131r. Bu ruh, M\u00fcsl\u00fcmanlar\u0131n sadece \u00e7etin zorluklar\u0131n \u00fcstesinden gelebilmelerini de\u011fil, ayn\u0131 zamanda s\u00fcrekli de\u011fi\u015fen ortama uyum sa\u011flamalar\u0131n\u0131 ve yurt d\u0131\u015f\u0131 kaynakl\u0131 yenilikleri kolayl\u0131kla, g\u00fcvenle ve \u015fevkle sindirmelerini de sa\u011flam\u0131\u015ft\u0131r. \u0130slam ve i\u015f organizasyona dair mevcut ara\u015ft\u0131rmalar\u0131n \u00e7o\u011fu hen\u00fcz ba\u015flang\u0131\u00e7 evresindedir. Bir ba\u015fka deyi\u015fle, bu konuda yaz\u0131lanlar\u0131n \u00e7o\u011fu genel bir mahiyet ve derinlikten mahrumdur. Zira \u0130slam\u2019\u0131n ortaya \u00e7\u0131k\u0131\u015f\u0131n\u0131 takip eden ilk y\u00fczy\u0131llarda mevcut olan zengin kaynak ve fikirler \u00fczerine yeterince kafa yorulmam\u0131\u015ft\u0131r. Bu y\u00fczden elinizdeki kitap, literat\u00fcrdeki bu bo\u015flu\u011fu doldurmak maksad\u0131yla kaleme al\u0131nm\u0131\u015ft\u0131r. Ayr\u0131ca yak\u0131n zamanda ortaya \u00e7\u0131kan ve Bat\u0131 ile \u0130slam medeniyetleri aras\u0131nda yo\u011funla\u015fan karma\u015f\u0131k ili\u015fkiler nedeniyle, \u0130slam D\u00fcnyas\u0131\u2019ndaki i\u015f organizasyonlar\u0131ndaki k\u00fclt\u00fcrel temellerin ciddi ve derinlemesine ele al\u0131nmas\u0131 her zamankinden daha \u00f6ncelikli bir konu h\u00e2line gelmi\u015ftir.<\/p>\n","protected":false},"excerpt":{"rendered":"<p>\u0130slam\u2019\u0131n ilk be\u015f y\u00fczy\u0131l\u0131 boyunca M\u00fcsl\u00fcman d\u00fc\u015f\u00fcn\u00fcrler, toplumsal ve ticari sorunlara yarat\u0131c\u0131l\u0131k ve esneklikle yakla\u015fm\u0131\u015flard\u0131r. Yakla\u015f\u0131mlar\u0131n\u0131n arkas\u0131nda ise \u00e7e\u015fitlilik ile adalet ve nezaketin, ba\u015far\u0131n\u0131n temelleri oldu\u011funa<span class=\"excerpt-hellip\"> [\u2026]<\/span><\/p>\n","protected":false},"featured_media":0,"template":"","meta":{"_monsterinsights_skip_tracking":false,"_monsterinsights_sitenote_active":false,"_monsterinsights_sitenote_note":"","_monsterinsights_sitenote_category":0},"product_brand":[],"product_cat":[13043,19008],"product_tag":[],"class_list":{"0":"post-732849","1":"product","2":"type-product","3":"status-publish","5":"product_cat-ekonomi","6":"product_cat-yonetim","7":"pa_cilt-ciltsiz","8":"pa_tur-kitap","9":"pa_yayinevi-albaraka-yayinlari","10":"pa_yazar-abbas-j-ali","12":"first","13":"instock","14":"sale","15":"shipping-taxable","16":"purchasable","17":"product-type-simple"},"_links":{"self":[{"href":"https:\/\/roveyayinevi.com.tr\/index.php\/wp-json\/wp\/v2\/product\/732849","targetHints":{"allow":["GET"]}}],"collection":[{"href":"https:\/\/roveyayinevi.com.tr\/index.php\/wp-json\/wp\/v2\/product"}],"about":[{"href":"https:\/\/roveyayinevi.com.tr\/index.php\/wp-json\/wp\/v2\/types\/product"}],"wp:attachment":[{"href":"https:\/\/roveyayinevi.com.tr\/index.php\/wp-json\/wp\/v2\/media?parent=732849"}],"wp:term":[{"taxonomy":"product_brand","embeddable":true,"href":"https:\/\/roveyayinevi.com.tr\/index.php\/wp-json\/wp\/v2\/product_brand?post=732849"},{"taxonomy":"product_cat","embeddable":true,"href":"https:\/\/roveyayinevi.com.tr\/index.php\/wp-json\/wp\/v2\/product_cat?post=732849"},{"taxonomy":"product_tag","embeddable":true,"href":"https:\/\/roveyayinevi.com.tr\/index.php\/wp-json\/wp\/v2\/product_tag?post=732849"}],"curies":[{"name":"wp","href":"https:\/\/api.w.org\/{rel}","templated":true}]}}