{"id":732848,"date":"2025-08-27T21:58:34","date_gmt":"2025-08-27T18:58:34","guid":{"rendered":"https:\/\/roveyayinevi.com.tr\/index.php\/urun\/seyhulislam-fetvalari-isiginda-osmanlida-iktisadi-hayat\/"},"modified":"2026-04-16T02:40:44","modified_gmt":"2026-04-15T23:40:44","slug":"seyhulislam-fetvalari-isiginda-osmanlida-iktisadi-hayat","status":"publish","type":"product","link":"https:\/\/roveyayinevi.com.tr\/index.php\/urun\/seyhulislam-fetvalari-isiginda-osmanlida-iktisadi-hayat\/","title":{"rendered":"\u015eeyh\u00fclislam Fetvalar\u0131 I\u015f\u0131\u011f\u0131nda Osmanl\u0131\u2019da \u0130ktisadi Hayat"},"content":{"rendered":"<p>XVIII. y\u00fczy\u0131lda Osmanl\u0131\u2019n\u0131n iktisat anlay\u0131\u015f\u0131n\u0131n ve faaliyetlerinin incelendi\u011fi bu eserde \u00c7atalcal\u0131 Ali Efendi, Feyzullah Efendi, Yeni\u015fehirli Abdullah Efendi, Du\u0308rriz\u00e2de Mehmed \u00c2rif Efendi, Mente\u015fz\u00e2de Abdu\u0308rrahim Efendi gibi \u015feyh\u00fclislamlar\u0131n fetvalar\u0131 mercek alt\u0131na al\u0131n\u0131yor. \u00c7al\u0131\u015fmada kimi zaman fetva mecmualar\u0131ndaki fetvalar\u0131n dayanaklar\u0131n\u0131n bulundu\u011fu f\u0131k\u0131h kitaplar\u0131na ba\u015fvurulurken kimi zaman da Osmanl\u0131 d\u00f6nemi kanunnamelerine at\u0131flar yap\u0131l\u0131yor. Bunun yan\u0131nda hukuk\u00e7ular ve iktisat tarih\u00e7ileri taraf\u0131ndan Osmanl\u0131\u2019n\u0131n iktisat anlay\u0131\u015f\u0131na y\u00f6nelik \u00f6ne s\u00fcr\u00fclen tezler ile fetvalar mukayese edilip s\u00f6z konusu g\u00f6r\u00fc\u015fler ile fetvalarda yer alan bilgiler, \u00f6rt\u00fc\u015fen ve \u00e7eli\u015fen noktalar\u0131yla eserde sunuluyor.Fetvalara yans\u0131yan halleriyle Osmanl\u0131 cemiyet hayat\u0131n\u0131n dinamik y\u00f6nlerini ortaya koyan bu \u00e7al\u0131\u015fmada, para vak\u0131flar\u0131 ve kredi i\u015flemlerinin yayg\u0131nl\u0131\u011f\u0131, vergi sisteminin i\u015fleyi\u015finde ya\u015fanan problemler, esnaf te\u015fkilat\u0131na dair bilgiler, tar\u0131m ve hayvanc\u0131l\u0131k alanlar\u0131ndaki durumlar, para politikas\u0131 uygulamalar\u0131 gibi konular\u0131n yan\u0131nda; Osmanl\u0131 i\u00e7 ve d\u0131\u015f ticareti, lojistik, timar, iltizam ve malik\u00e2ne sistemleri gibi kamu maliyesini ilgilendiren unsurlar\u0131 da bulabilirsiniz. \u0130slam ve iktisat ili\u015fkisi, Osmanl\u0131 iktisadi hayat\u0131n\u0131n dura\u011fanl\u0131\u011f\u0131 ya da canl\u0131l\u0131\u011f\u0131 gibi baz\u0131 tart\u0131\u015fmal\u0131 konular t\u00fcm bu veriler \u0131\u015f\u0131\u011f\u0131nda ayd\u0131nl\u0131\u011fa kavu\u015fturulmaya \u00e7al\u0131\u015f\u0131l\u0131yor.<\/p>\n","protected":false},"excerpt":{"rendered":"<p>XVIII. y\u00fczy\u0131lda Osmanl\u0131\u2019n\u0131n iktisat anlay\u0131\u015f\u0131n\u0131n ve faaliyetlerinin incelendi\u011fi bu eserde \u00c7atalcal\u0131 Ali Efendi, Feyzullah Efendi, Yeni\u015fehirli Abdullah Efendi, Du\u0308rriz\u00e2de Mehmed \u00c2rif Efendi, Mente\u015fz\u00e2de Abdu\u0308rrahim Efendi gibi<span class=\"excerpt-hellip\"> [\u2026]<\/span><\/p>\n","protected":false},"featured_media":0,"template":"","meta":{"_monsterinsights_skip_tracking":false,"_monsterinsights_sitenote_active":false,"_monsterinsights_sitenote_note":"","_monsterinsights_sitenote_category":0},"product_brand":[],"product_cat":[13517,12304],"product_tag":[],"class_list":{"0":"post-732848","1":"product","2":"type-product","3":"status-publish","5":"product_cat-osmanli-tarihi","6":"product_cat-tarih","7":"pa_cilt-ciltsiz","8":"pa_tur-kitap","9":"pa_yayinevi-albaraka-yayinlari","10":"pa_yazar-abdulkadir-atar","12":"first","13":"instock","14":"sale","15":"shipping-taxable","16":"purchasable","17":"product-type-simple"},"_links":{"self":[{"href":"https:\/\/roveyayinevi.com.tr\/index.php\/wp-json\/wp\/v2\/product\/732848","targetHints":{"allow":["GET"]}}],"collection":[{"href":"https:\/\/roveyayinevi.com.tr\/index.php\/wp-json\/wp\/v2\/product"}],"about":[{"href":"https:\/\/roveyayinevi.com.tr\/index.php\/wp-json\/wp\/v2\/types\/product"}],"wp:attachment":[{"href":"https:\/\/roveyayinevi.com.tr\/index.php\/wp-json\/wp\/v2\/media?parent=732848"}],"wp:term":[{"taxonomy":"product_brand","embeddable":true,"href":"https:\/\/roveyayinevi.com.tr\/index.php\/wp-json\/wp\/v2\/product_brand?post=732848"},{"taxonomy":"product_cat","embeddable":true,"href":"https:\/\/roveyayinevi.com.tr\/index.php\/wp-json\/wp\/v2\/product_cat?post=732848"},{"taxonomy":"product_tag","embeddable":true,"href":"https:\/\/roveyayinevi.com.tr\/index.php\/wp-json\/wp\/v2\/product_tag?post=732848"}],"curies":[{"name":"wp","href":"https:\/\/api.w.org\/{rel}","templated":true}]}}