{"id":732847,"date":"2025-08-27T21:58:33","date_gmt":"2025-08-27T18:58:33","guid":{"rendered":"https:\/\/roveyayinevi.com.tr\/index.php\/urun\/modern-is-yerinde-islam\/"},"modified":"2026-04-16T02:40:44","modified_gmt":"2026-04-15T23:40:44","slug":"modern-is-yerinde-islam","status":"publish","type":"product","link":"https:\/\/roveyayinevi.com.tr\/index.php\/urun\/modern-is-yerinde-islam\/","title":{"rendered":"Modern \u0130\u015f Yerinde \u0130slam"},"content":{"rendered":"<p>\u201cBu kitap, ge\u00e7 kapitalizm \u00e7a\u011f\u0131nda \u0130slami ahlak in\u015fas\u0131n\u0131n kilit alan\u0131 olan \u015firketlere dair olduk\u00e7a girift bir etnografik analiz ortaya koyuyor. Malezya\u2019da \u015feriat\u0131n modern i\u015f yerindeki \u2018g\u00fczerg\u00e2h\u0131 ve oraya nas\u0131l yerle\u015fti\u011finin\u2019 izini s\u00fcren Sloane-White, \u00f6znellik ve mai\u015fetin yine ve yeniden in\u015fa edildi\u011fi i\u015f alanlar\u0131na dair okurlar\u0131na ilgi \u00e7ekici bir anlat\u0131 sunuyor.\u201dLaura Elder, Anthropology of Work ReviewPatricia Sloane-White\u2019\u0131n uzun ve titiz \u00e7al\u0131\u015fmalar\u0131 sonras\u0131nda ortaya \u00e7\u0131kan bu kitap; iktidar\u0131n, ili\u015fkilerin, birey kimliklerinin, cinsiyet rollerinin \u2013ve muazzam finans kaynaklar\u0131n\u0131n- \u0130slam ad\u0131na nas\u0131l harekete ge\u00e7irildi\u011fini g\u00f6stermek suretiyle modern \u0130slami \u015firkete m\u00fcstesna bir \u0131\u015f\u0131k tutuyor. \u00c7al\u0131\u015fmas\u0131nda Malezya\u2019daki M\u00fcsl\u00fcmanlar\u0131 oda\u011f\u0131na alan yazar, b\u00f6lgede h\u00e2kim \u0130slam iktisad\u0131na \u015fekil veren \u015fer\u2018\u00ee prensiplerin; giderek muhafazak\u00e2rla\u015fan, finansal ve mali a\u00e7\u0131dan g\u00fc\u00e7l\u00fc, M\u00fcslim ve gayrim\u00fcslimlerin kamusal ve \u00f6zel hayatlar\u0131n\u0131 kontrol\u00fc alt\u0131na alan bir \u0130slam modeli \u00fcretti\u011fini ileri s\u00fcr\u00fcyor. Dikkat \u00e7ekici ayr\u0131nt\u0131larla dolu bu eser, modern \u00e7a\u011fda \u0130slam siyaseti ve k\u00fclt\u00fcr\u00fcne ilgi duyan herkes i\u00e7in temel bir okuma kitab\u0131 niteli\u011finde.<\/p>\n","protected":false},"excerpt":{"rendered":"<p>\u201cBu kitap, ge\u00e7 kapitalizm \u00e7a\u011f\u0131nda \u0130slami ahlak in\u015fas\u0131n\u0131n kilit alan\u0131 olan \u015firketlere dair olduk\u00e7a girift bir etnografik analiz ortaya koyuyor. Malezya\u2019da \u015feriat\u0131n modern i\u015f yerindeki \u2018g\u00fczerg\u00e2h\u0131<span class=\"excerpt-hellip\"> [\u2026]<\/span><\/p>\n","protected":false},"featured_media":0,"template":"","meta":{"_monsterinsights_skip_tracking":false,"_monsterinsights_sitenote_active":false,"_monsterinsights_sitenote_note":"","_monsterinsights_sitenote_category":0},"product_brand":[],"product_cat":[16789,12718,12719],"product_tag":[],"class_list":{"0":"post-732847","1":"product","2":"type-product","3":"status-publish","5":"product_cat-diger-islam","6":"product_cat-din","7":"product_cat-islam","8":"pa_cilt-ciltsiz","9":"pa_tur-kitap","10":"pa_yayinevi-albaraka-yayinlari","11":"pa_yazar-patricia-sloane-white","13":"first","14":"instock","15":"sale","16":"shipping-taxable","17":"purchasable","18":"product-type-simple"},"_links":{"self":[{"href":"https:\/\/roveyayinevi.com.tr\/index.php\/wp-json\/wp\/v2\/product\/732847","targetHints":{"allow":["GET"]}}],"collection":[{"href":"https:\/\/roveyayinevi.com.tr\/index.php\/wp-json\/wp\/v2\/product"}],"about":[{"href":"https:\/\/roveyayinevi.com.tr\/index.php\/wp-json\/wp\/v2\/types\/product"}],"wp:attachment":[{"href":"https:\/\/roveyayinevi.com.tr\/index.php\/wp-json\/wp\/v2\/media?parent=732847"}],"wp:term":[{"taxonomy":"product_brand","embeddable":true,"href":"https:\/\/roveyayinevi.com.tr\/index.php\/wp-json\/wp\/v2\/product_brand?post=732847"},{"taxonomy":"product_cat","embeddable":true,"href":"https:\/\/roveyayinevi.com.tr\/index.php\/wp-json\/wp\/v2\/product_cat?post=732847"},{"taxonomy":"product_tag","embeddable":true,"href":"https:\/\/roveyayinevi.com.tr\/index.php\/wp-json\/wp\/v2\/product_tag?post=732847"}],"curies":[{"name":"wp","href":"https:\/\/api.w.org\/{rel}","templated":true}]}}