{"id":732845,"date":"2025-08-27T21:58:30","date_gmt":"2025-08-27T18:58:30","guid":{"rendered":"https:\/\/roveyayinevi.com.tr\/index.php\/urun\/kadina-ask-yakisir\/"},"modified":"2026-04-16T02:40:44","modified_gmt":"2026-04-15T23:40:44","slug":"kadina-ask-yakisir","status":"publish","type":"product","link":"https:\/\/roveyayinevi.com.tr\/index.php\/urun\/kadina-ask-yakisir\/","title":{"rendered":"Kad\u0131na A\u015fk Yak\u0131\u015f\u0131r"},"content":{"rendered":"<p>Kad\u0131n demek, anne demek, yuva demek, huzur demek, emek demek, g\u00fcven demek, sevgi demek, a\u015fk demek. Kad\u0131n deyip ge\u00e7memek gerek. Kad\u0131n kocaman bir y\u00fcrek demek. Kad\u0131n s\u0131\u011f\u0131naca\u011f\u0131n liman demek. Kad\u0131n demek, erke\u011fin varl\u0131\u011f\u0131na soluk demek. Anne, k\u0131z karde\u015f, abla, e\u015f, dost, arkada\u015f, y\u00e2r, yolda\u015f demek.G\u00fcc\u00fcn\u00fcze g\u00fc\u00e7 katar kad\u0131n. Size g\u00f6lge olur, can olur, sevgili olur, y\u00e2r olur. Merhameti kad\u0131nda bulursunuz, ilgiyi, al\u00e2kay\u0131, kad\u0131nda bulursunuz. \u00d6zlem de kad\u0131nad\u0131r, hasret de kad\u0131na. Sevin, \u00e7ok sevin kad\u0131n\u0131. Kad\u0131na en \u00e7ok a\u015fk yak\u0131\u015f\u0131r.\u201cHayat ne getirir bilinmez, y\u00fcre\u011fin kadar\u0131n\u0131 ya\u015fars\u0131n.\u201dKad\u0131n\u0131, seven kad\u0131n\u0131, \u00e2\u015f\u0131k kad\u0131n\u0131 okuyacaks\u0131n\u0131z bu kitapta. D\u0131\u015ftan g\u00f6r\u00fcnenle i\u00e7eride olan\u0131n fark\u0131n\u0131\u2026 D\u0131\u015far\u0131ya g\u00fcl\u00fcc\u00fckler sa\u00e7arken i\u00e7inde sava\u015flar veren kad\u0131n\u0131. Hayat\u0131n mucizeleriyle yola devam ederken k\u00f6t\u00fc s\u00fcrprizlerine de g\u00f6\u011f\u00fcs geren kad\u0131n\u0131.\u201cKe\u015fkeler hep uzun hik\u00e2yeler anlat\u0131r.\u201d Uzun ama i\u00e7inize dokunacak, ke\u015fkelerle de mucizelerle de dolu bu hik\u00e2yede kendinizi de bulacaks\u0131n\u0131z.<\/p>\n","protected":false},"excerpt":{"rendered":"<p>Kad\u0131n demek, anne demek, yuva demek, huzur demek, emek demek, g\u00fcven demek, sevgi demek, a\u015fk demek. Kad\u0131n deyip ge\u00e7memek gerek. Kad\u0131n kocaman bir y\u00fcrek demek. Kad\u0131n<span class=\"excerpt-hellip\"> [\u2026]<\/span><\/p>\n","protected":false},"featured_media":0,"template":"","meta":{"_monsterinsights_skip_tracking":false,"_monsterinsights_sitenote_active":false,"_monsterinsights_sitenote_note":"","_monsterinsights_sitenote_category":0},"product_brand":[],"product_cat":[12291,12711],"product_tag":[],"class_list":{"0":"post-732845","1":"product","2":"type-product","3":"status-publish","5":"product_cat-edebiyat","6":"product_cat-roman-oyku","7":"pa_cilt-ciltsiz","8":"pa_tur-kitap","9":"pa_yayinevi-perseus","10":"pa_yazar-muge-gultan","12":"first","13":"instock","14":"sale","15":"shipping-taxable","16":"purchasable","17":"product-type-simple"},"_links":{"self":[{"href":"https:\/\/roveyayinevi.com.tr\/index.php\/wp-json\/wp\/v2\/product\/732845","targetHints":{"allow":["GET"]}}],"collection":[{"href":"https:\/\/roveyayinevi.com.tr\/index.php\/wp-json\/wp\/v2\/product"}],"about":[{"href":"https:\/\/roveyayinevi.com.tr\/index.php\/wp-json\/wp\/v2\/types\/product"}],"wp:attachment":[{"href":"https:\/\/roveyayinevi.com.tr\/index.php\/wp-json\/wp\/v2\/media?parent=732845"}],"wp:term":[{"taxonomy":"product_brand","embeddable":true,"href":"https:\/\/roveyayinevi.com.tr\/index.php\/wp-json\/wp\/v2\/product_brand?post=732845"},{"taxonomy":"product_cat","embeddable":true,"href":"https:\/\/roveyayinevi.com.tr\/index.php\/wp-json\/wp\/v2\/product_cat?post=732845"},{"taxonomy":"product_tag","embeddable":true,"href":"https:\/\/roveyayinevi.com.tr\/index.php\/wp-json\/wp\/v2\/product_tag?post=732845"}],"curies":[{"name":"wp","href":"https:\/\/api.w.org\/{rel}","templated":true}]}}