{"id":732843,"date":"2025-08-27T21:58:29","date_gmt":"2025-08-27T18:58:29","guid":{"rendered":"https:\/\/roveyayinevi.com.tr\/index.php\/urun\/muhayyel-gelecekler\/"},"modified":"2026-04-16T02:40:44","modified_gmt":"2026-04-15T23:40:44","slug":"muhayyel-gelecekler","status":"publish","type":"product","link":"https:\/\/roveyayinevi.com.tr\/index.php\/urun\/muhayyel-gelecekler\/","title":{"rendered":"Muhayyel Gelecekler"},"content":{"rendered":"<p>Kapitalizm \u00fczerine \u00e7al\u0131\u015fan akademisyenler, 18. y\u00fczy\u0131l\u0131n sonlar\u0131nda ba\u015flam\u0131\u015f olan b\u00fcy\u00fck sermaye birikimini bir\u00e7ok fakt\u00f6r ve akt\u00f6re ba\u011flarlar. Bunlar aras\u0131nda; teknolojik ilerlemeler, kurumlardaki de\u011fi\u015fim, i\u015f b\u00f6l\u00fcm\u00fc, ticaretin geni\u015flemesi, ticari nesneleri d\u00f6n\u00fc\u015ft\u00fcrme s\u00fcre\u00e7leri, rekabet, s\u00f6m\u00fcr\u00fc, \u00fcretim fakt\u00f6rlerindeki art\u0131\u015f ve k\u00fclt\u00fcrel geli\u015fmeler ba\u015f\u0131 \u00e7ekmektedir. Kapitalizmin tekrar tekrar kar\u015f\u0131la\u015ft\u0131\u011f\u0131 derin krizlerse; a\u015f\u0131r\u0131 birikim, d\u00fczenlemelerin ba\u015far\u0131s\u0131zl\u0131\u011f\u0131, yat\u0131r\u0131m ve t\u00fcketim eksikli\u011fine; hatta psikolojik fakt\u00f6r ve yanl\u0131\u015f risk hesaplamalar\u0131na atfedilir.Sistemin akt\u00f6rleri ise; k\u00e2r etmek, gelirlerini iyile\u015ftirmek yahut toplumsal mevkilerini y\u00fckseltmek pe\u015finde ko\u015farken ula\u015fmay\u0131 veya ka\u00e7\u0131nmay\u0131 arzu ettikleri gelecek tahayy\u00fcllerini yarat\u0131r ve bu tahayy\u00fcller de onlar\u0131n kararlar\u0131n\u0131 y\u00f6nlendirir.Ekonomik akt\u00f6rlerin gelece\u011fe y\u00f6nelik olan zamansal e\u011filimleri ve bu gelece\u011fi kar\u015f\u0131olgusal ekonomik tahayy\u00fcllerle doldurma yetenekleri kapitalizmin kendinden \u00f6nceki ekonomik d\u00fczenlerden nas\u0131l farkl\u0131 h\u00e2le geldi\u011fini anlamak i\u00e7in son derece \u00f6nemlidir. Bu kitap, b\u00f6ylesi muhayyel geleceklerin kapitalizmin dinamikleri \u00fczerinde nas\u0131l bir etkisi oldu\u011funu soru\u015fturmaktad\u0131r.<\/p>\n","protected":false},"excerpt":{"rendered":"<p>Kapitalizm \u00fczerine \u00e7al\u0131\u015fan akademisyenler, 18. y\u00fczy\u0131l\u0131n sonlar\u0131nda ba\u015flam\u0131\u015f olan b\u00fcy\u00fck sermaye birikimini bir\u00e7ok fakt\u00f6r ve akt\u00f6re ba\u011flarlar. Bunlar aras\u0131nda; teknolojik ilerlemeler, kurumlardaki de\u011fi\u015fim, i\u015f b\u00f6l\u00fcm\u00fc, ticaretin<span class=\"excerpt-hellip\"> [\u2026]<\/span><\/p>\n","protected":false},"featured_media":0,"template":"","meta":{"_monsterinsights_skip_tracking":false,"_monsterinsights_sitenote_active":false,"_monsterinsights_sitenote_note":"","_monsterinsights_sitenote_category":0},"product_brand":[],"product_cat":[14841,13043],"product_tag":[],"class_list":{"0":"post-732843","1":"product","2":"type-product","3":"status-publish","5":"product_cat-arastirma-inceleme-kuram","6":"product_cat-ekonomi","7":"pa_cilt-ciltsiz","8":"pa_tur-kitap","9":"pa_yayinevi-albaraka-yayinlari","10":"pa_yazar-jens-beckert","12":"first","13":"instock","14":"sale","15":"shipping-taxable","16":"purchasable","17":"product-type-simple"},"_links":{"self":[{"href":"https:\/\/roveyayinevi.com.tr\/index.php\/wp-json\/wp\/v2\/product\/732843","targetHints":{"allow":["GET"]}}],"collection":[{"href":"https:\/\/roveyayinevi.com.tr\/index.php\/wp-json\/wp\/v2\/product"}],"about":[{"href":"https:\/\/roveyayinevi.com.tr\/index.php\/wp-json\/wp\/v2\/types\/product"}],"wp:attachment":[{"href":"https:\/\/roveyayinevi.com.tr\/index.php\/wp-json\/wp\/v2\/media?parent=732843"}],"wp:term":[{"taxonomy":"product_brand","embeddable":true,"href":"https:\/\/roveyayinevi.com.tr\/index.php\/wp-json\/wp\/v2\/product_brand?post=732843"},{"taxonomy":"product_cat","embeddable":true,"href":"https:\/\/roveyayinevi.com.tr\/index.php\/wp-json\/wp\/v2\/product_cat?post=732843"},{"taxonomy":"product_tag","embeddable":true,"href":"https:\/\/roveyayinevi.com.tr\/index.php\/wp-json\/wp\/v2\/product_tag?post=732843"}],"curies":[{"name":"wp","href":"https:\/\/api.w.org\/{rel}","templated":true}]}}