{"id":732842,"date":"2025-08-27T21:58:28","date_gmt":"2025-08-27T18:58:28","guid":{"rendered":"https:\/\/roveyayinevi.com.tr\/index.php\/urun\/medeniyet-analizi-metametodoloji-ve-metodoloji\/"},"modified":"2026-04-16T02:40:44","modified_gmt":"2026-04-15T23:40:44","slug":"medeniyet-analizi-metametodoloji-ve-metodoloji","status":"publish","type":"product","link":"https:\/\/roveyayinevi.com.tr\/index.php\/urun\/medeniyet-analizi-metametodoloji-ve-metodoloji\/","title":{"rendered":"Medeniyet Analizi Metametodoloji ve Metodoloji"},"content":{"rendered":"<p>Bu \u00e7al\u0131\u015fmada \u0130slam medeniyetinin ilk te\u015fekku\u0308l su\u0308recinden gu\u0308nu\u0308mu\u0308zdeki mu\u0308tekabili olan yeniden te\u015fekku\u0308l veya dirili\u015f su\u0308recine ve onun bir alt seti veya par\u00e7as\u0131 olan \u0130slami iktisat \u00e7al\u0131\u015fmalar\u0131na bir rehberlik \u00e7\u0131kar\u0131l\u0131p \u00e7\u0131kar\u0131lamayaca\u011f\u0131 ve e\u011fer \u00e7\u0131kar\u0131labilecekse bunun usulu\u0308 ile s\u0131n\u0131rlar\u0131 tart\u0131\u015f\u0131lmaktad\u0131r.Bu maksatla \u00f6nce \u0130slam medeniyetinin ilk te\u015fekku\u0308l d\u00f6neminin genel bir tasvir ve tahlili yap\u0131lmakta, daha sonra onun baz\u0131 karakteristik \u00f6zelliklerinden hareketle bir medeniyet modeli ve\/veya metodolojisi \u00e7\u0131kar\u0131lmaya \u00e7al\u0131\u015f\u0131lmaktad\u0131r. Buna bir metametodoloji denemesi de denebilir. Daha sonra bu metametodolojinin, an\u0131lan d\u00f6nemin gu\u0308nu\u0308mu\u0308zdeki mu\u0308tekabili olan \u0130slam medeniyetinin yeniden te\u015fekku\u0308l d\u00f6nemi i\u00e7in yol g\u00f6sterici bir taraf\u0131 olup olmad\u0131\u011f\u0131 de\u011ferlendirilmektedir.An\u0131lan iki d\u00f6nem ve onlar\u0131n tekabu\u0308l etti\u011fi su\u0308re\u00e7ler, makro hatta mega su\u0308re\u00e7lerdir ve her birinin alt\u0131nda \u00e7ok say\u0131da alt su\u0308re\u00e7 yer almaktad\u0131r. Bu sebeple bu su\u0308re\u00e7lerin her biri \u00f6nce tevaru\u0308s ve in\u015fa su\u0308re\u00e7leri \u015feklinde bir tasnife, onlar\u0131n da her biri teorik ve pratik su\u0308re\u00e7ler diye daha alt dereceli bir tasnife tabi tutulmaktad\u0131r. Nihayet, teorik ve pratik su\u0308re\u00e7ler de hala \u00e7ok geni\u015f kapsaml\u0131 fenomenler olduklar\u0131ndan, konu belli bir alan, yani \u0130slam\u00ee iktisat \u00e7al\u0131\u015fmalar\u0131 \u00f6rne\u011fi u\u0308zerinden somutla\u015ft\u0131r\u0131lmaya \u00e7al\u0131\u015f\u0131lmaktad\u0131r.<\/p>\n","protected":false},"excerpt":{"rendered":"<p>Bu \u00e7al\u0131\u015fmada \u0130slam medeniyetinin ilk te\u015fekku\u0308l su\u0308recinden gu\u0308nu\u0308mu\u0308zdeki mu\u0308tekabili olan yeniden te\u015fekku\u0308l veya dirili\u015f su\u0308recine ve onun bir alt seti veya par\u00e7as\u0131 olan \u0130slami iktisat \u00e7al\u0131\u015fmalar\u0131na<span class=\"excerpt-hellip\"> [\u2026]<\/span><\/p>\n","protected":false},"featured_media":0,"template":"","meta":{"_monsterinsights_skip_tracking":false,"_monsterinsights_sitenote_active":false,"_monsterinsights_sitenote_note":"","_monsterinsights_sitenote_category":0},"product_brand":[],"product_cat":[13043,14381],"product_tag":[],"class_list":{"0":"post-732842","1":"product","2":"type-product","3":"status-publish","5":"product_cat-ekonomi","6":"product_cat-isletme-muhasebe-maliye","7":"pa_cilt-ciltsiz","8":"pa_tur-kitap","9":"pa_yayinevi-albaraka-yayinlari","10":"pa_yazar-sabri-orman","12":"first","13":"instock","14":"sale","15":"shipping-taxable","16":"purchasable","17":"product-type-simple"},"_links":{"self":[{"href":"https:\/\/roveyayinevi.com.tr\/index.php\/wp-json\/wp\/v2\/product\/732842","targetHints":{"allow":["GET"]}}],"collection":[{"href":"https:\/\/roveyayinevi.com.tr\/index.php\/wp-json\/wp\/v2\/product"}],"about":[{"href":"https:\/\/roveyayinevi.com.tr\/index.php\/wp-json\/wp\/v2\/types\/product"}],"wp:attachment":[{"href":"https:\/\/roveyayinevi.com.tr\/index.php\/wp-json\/wp\/v2\/media?parent=732842"}],"wp:term":[{"taxonomy":"product_brand","embeddable":true,"href":"https:\/\/roveyayinevi.com.tr\/index.php\/wp-json\/wp\/v2\/product_brand?post=732842"},{"taxonomy":"product_cat","embeddable":true,"href":"https:\/\/roveyayinevi.com.tr\/index.php\/wp-json\/wp\/v2\/product_cat?post=732842"},{"taxonomy":"product_tag","embeddable":true,"href":"https:\/\/roveyayinevi.com.tr\/index.php\/wp-json\/wp\/v2\/product_tag?post=732842"}],"curies":[{"name":"wp","href":"https:\/\/api.w.org\/{rel}","templated":true}]}}