{"id":732840,"date":"2025-08-27T21:58:26","date_gmt":"2025-08-27T18:58:26","guid":{"rendered":"https:\/\/roveyayinevi.com.tr\/index.php\/urun\/kitabul-harac\/"},"modified":"2026-04-16T02:40:44","modified_gmt":"2026-04-15T23:40:44","slug":"kitabul-harac","status":"publish","type":"product","link":"https:\/\/roveyayinevi.com.tr\/index.php\/urun\/kitabul-harac\/","title":{"rendered":"Kitab\u00fc&#8217;l-Hara\u00e7"},"content":{"rendered":"<p>Tercu\u0308mesini sundu\u011fumuz bu kitap, isminden de anla\u015f\u0131laca\u011f\u0131 u\u0308zere bir vergi kitab\u0131 olmas\u0131 gerekir. Zira \u201chara\u00e7\u201d bilhassa gayrimu\u0308slimlerden al\u0131nan verginin ad\u0131d\u0131r. Fakat kitab\u0131n muhtevas\u0131 tetkik edildi\u011fi zaman g\u00f6ru\u0308lecektir ki Kit\u00e2bu\u0308\u2019l-Har\u00e2\u00e7, u\u0308nlu\u0308 Abbas\u00ee Halifesi H\u00e2r\u00fbnu\u0308rre\u015f\u00eed devrine kadar gelen \u0130slam devletinin iktisad\u0131n\u0131 ve maliyesini i\u00e7ine almaktad\u0131r. Kitapta hemen hemen bu\u0308tu\u0308n iktisadi konulara temas edilmi\u015ftir. Devlet gelirleri, beytu\u0308lmal (hazine), devlet masraflar\u0131, harcamalar\u0131n nas\u0131l yap\u0131laca\u011f\u0131, vergi mevzusu ve \u00e7e\u015fitleri, vergi adaleti, mill\u00ee gelirin adil bir \u015fekilde b\u00f6lu\u0308\u015fu\u0308mu\u0308, vergilerin tahsil \u015fekilleri, vergi mu\u0308kellefi ile devlet aras\u0131ndaki mu\u0308nasebetler, amme hizmetleri ve hukukuna dair baz\u0131 meseleler, sosyal gu\u0308venlik ve sosyal dayan\u0131\u015fma, iktisat politikas\u0131, para birimleri, enflasyon, devalu\u0308asyon, fiyat istikrar\u0131 gibi bugu\u0308n daha fazla a\u00e7\u0131kl\u0131\u011fa kavu\u015fmu\u015f olan konular, o devrin ihtiya\u00e7lar\u0131 ve ilm\u00ee anlay\u0131\u015f\u0131na g\u00f6re i\u015flenmi\u015ftir. \u0130ktisadi ve mali meselelerin ana hatlar\u0131 \u00e7izilmi\u015f ve esas prensipleri vazedilmi\u015ftir.<\/p>\n","protected":false},"excerpt":{"rendered":"<p>Tercu\u0308mesini sundu\u011fumuz bu kitap, isminden de anla\u015f\u0131laca\u011f\u0131 u\u0308zere bir vergi kitab\u0131 olmas\u0131 gerekir. Zira \u201chara\u00e7\u201d bilhassa gayrimu\u0308slimlerden al\u0131nan verginin ad\u0131d\u0131r. Fakat kitab\u0131n muhtevas\u0131 tetkik edildi\u011fi zaman<span class=\"excerpt-hellip\"> [\u2026]<\/span><\/p>\n","protected":false},"featured_media":0,"template":"","meta":{"_monsterinsights_skip_tracking":false,"_monsterinsights_sitenote_active":false,"_monsterinsights_sitenote_note":"","_monsterinsights_sitenote_category":0},"product_brand":[],"product_cat":[12718,12719,18109],"product_tag":[],"class_list":{"0":"post-732840","1":"product","2":"type-product","3":"status-publish","5":"product_cat-din","6":"product_cat-islam","7":"product_cat-islam-tarihi","8":"pa_cilt-ciltsiz","9":"pa_tur-kitap","10":"pa_yayinevi-albaraka-yayinlari","11":"pa_yazar-kadi-ebu-yusuf","13":"first","14":"instock","15":"sale","16":"shipping-taxable","17":"purchasable","18":"product-type-simple"},"_links":{"self":[{"href":"https:\/\/roveyayinevi.com.tr\/index.php\/wp-json\/wp\/v2\/product\/732840","targetHints":{"allow":["GET"]}}],"collection":[{"href":"https:\/\/roveyayinevi.com.tr\/index.php\/wp-json\/wp\/v2\/product"}],"about":[{"href":"https:\/\/roveyayinevi.com.tr\/index.php\/wp-json\/wp\/v2\/types\/product"}],"wp:attachment":[{"href":"https:\/\/roveyayinevi.com.tr\/index.php\/wp-json\/wp\/v2\/media?parent=732840"}],"wp:term":[{"taxonomy":"product_brand","embeddable":true,"href":"https:\/\/roveyayinevi.com.tr\/index.php\/wp-json\/wp\/v2\/product_brand?post=732840"},{"taxonomy":"product_cat","embeddable":true,"href":"https:\/\/roveyayinevi.com.tr\/index.php\/wp-json\/wp\/v2\/product_cat?post=732840"},{"taxonomy":"product_tag","embeddable":true,"href":"https:\/\/roveyayinevi.com.tr\/index.php\/wp-json\/wp\/v2\/product_tag?post=732840"}],"curies":[{"name":"wp","href":"https:\/\/api.w.org\/{rel}","templated":true}]}}