{"id":732836,"date":"2025-08-27T21:58:22","date_gmt":"2025-08-27T18:58:22","guid":{"rendered":"https:\/\/roveyayinevi.com.tr\/index.php\/urun\/islam-kurumlari-tarihi\/"},"modified":"2026-04-16T02:40:44","modified_gmt":"2026-04-15T23:40:44","slug":"islam-kurumlari-tarihi","status":"publish","type":"product","link":"https:\/\/roveyayinevi.com.tr\/index.php\/urun\/islam-kurumlari-tarihi\/","title":{"rendered":"\u0130slam Kurumlar\u0131 Tarihi"},"content":{"rendered":"<p>\u201cMu\u0308slu\u0308man toplumu etkileyen gizli unsurlar\u0131 ve \u00f6nemli ak\u0131mlar\u0131 anlayabilmek i\u00e7in, \u0130slami kurumlar\u0131 incelemek \u00e7ok \u00f6nemlidir. \u00d6yleyse, bu kurumlar\u0131n resm\u00ee veya medeni, iktisadi, sosyal, siyasi veya ku\u0308ltu\u0308rel tu\u0308rlerini ara\u015ft\u0131rmak; bir\u00e7ok toplumsal ve fikr\u00ee hareketin i\u00e7 yu\u0308zu\u0308 hakk\u0131nda bize fikir verecektir. \u00d6rne\u011fin hilafet sorununu anlamadan, \u0130slam mezheplerinin do\u011fu\u015funu ve bunlardan kaynaklanan g\u00f6ru\u0308\u015f ayr\u0131l\u0131klar\u0131n\u0131 anlayabilir miyiz? Maliye siyasetini ve mu\u0308slu\u0308manlar\u0131n takip etti\u011fi vergi sistem ve kurumlar\u0131n\u0131 \u00f6\u011frenmeden, kendini din\u00ee bir renge boyayan toplumsal hareketlerin \u00e7o\u011fundaki ve mev\u00e2l\u00eenin tav\u0131rlar\u0131ndaki s\u0131rr\u0131 kavrayabilir miyiz? Meslek ve sanat te\u015fkilatlar\u0131n\u0131; Ayy\u00e2r\u00een, \u015eutt\u00e2r ve Fity\u00e2n hareketlerini tetkik edip kavramadan, halk\u0131n \u0130slam tarihine etkisinin \u00e7ap\u0131n\u0131 hissedebilir miyiz?\u201d diye soran Abdu\u0308laziz ed-D\u00fbr\u00ee, bu eserinde, \u0130slam\u2019\u0131n ilk d\u00f6rt asr\u0131nda ortaya \u00e7\u0131kan kurumlar\u0131n geli\u015fim seru\u0308venini anlat\u0131yor. B\u00f6ylelikle, kurumlar u\u0308zerine \u00e7al\u0131\u015fma yapanlara ara\u015ft\u0131rma usulu\u0308yle rehberlik ediyor. Eser, ayr\u0131ca, kurumlar\u0131n meydana geli\u015f su\u0308recinde medeniyetler-ku\u0308ltu\u0308rler aras\u0131 etkile\u015fimin rolu\u0308nu\u0308 de g\u00f6stererek, tu\u0308m insanl\u0131k nezdinde hay\u0131rl\u0131 bir toplum olma g\u00f6revini kendi kurumlar\u0131 arac\u0131l\u0131\u011f\u0131yla yerine getirme arzusundakilere \u0131\u015f\u0131k tutuyor.<\/p>\n","protected":false},"excerpt":{"rendered":"<p>\u201cMu\u0308slu\u0308man toplumu etkileyen gizli unsurlar\u0131 ve \u00f6nemli ak\u0131mlar\u0131 anlayabilmek i\u00e7in, \u0130slami kurumlar\u0131 incelemek \u00e7ok \u00f6nemlidir. \u00d6yleyse, bu kurumlar\u0131n resm\u00ee veya medeni, iktisadi, sosyal, siyasi veya ku\u0308ltu\u0308rel<span class=\"excerpt-hellip\"> [\u2026]<\/span><\/p>\n","protected":false},"featured_media":0,"template":"","meta":{"_monsterinsights_skip_tracking":false,"_monsterinsights_sitenote_active":false,"_monsterinsights_sitenote_note":"","_monsterinsights_sitenote_category":0},"product_brand":[],"product_cat":[16789,12718,12719],"product_tag":[],"class_list":{"0":"post-732836","1":"product","2":"type-product","3":"status-publish","5":"product_cat-diger-islam","6":"product_cat-din","7":"product_cat-islam","8":"pa_cilt-ciltsiz","9":"pa_tur-kitap","10":"pa_yayinevi-albaraka-yayinlari","11":"pa_yazar-abdulaziz-ed-duri","13":"first","14":"instock","15":"sale","16":"shipping-taxable","17":"purchasable","18":"product-type-simple"},"_links":{"self":[{"href":"https:\/\/roveyayinevi.com.tr\/index.php\/wp-json\/wp\/v2\/product\/732836","targetHints":{"allow":["GET"]}}],"collection":[{"href":"https:\/\/roveyayinevi.com.tr\/index.php\/wp-json\/wp\/v2\/product"}],"about":[{"href":"https:\/\/roveyayinevi.com.tr\/index.php\/wp-json\/wp\/v2\/types\/product"}],"wp:attachment":[{"href":"https:\/\/roveyayinevi.com.tr\/index.php\/wp-json\/wp\/v2\/media?parent=732836"}],"wp:term":[{"taxonomy":"product_brand","embeddable":true,"href":"https:\/\/roveyayinevi.com.tr\/index.php\/wp-json\/wp\/v2\/product_brand?post=732836"},{"taxonomy":"product_cat","embeddable":true,"href":"https:\/\/roveyayinevi.com.tr\/index.php\/wp-json\/wp\/v2\/product_cat?post=732836"},{"taxonomy":"product_tag","embeddable":true,"href":"https:\/\/roveyayinevi.com.tr\/index.php\/wp-json\/wp\/v2\/product_tag?post=732836"}],"curies":[{"name":"wp","href":"https:\/\/api.w.org\/{rel}","templated":true}]}}