{"id":732834,"date":"2025-08-27T21:58:20","date_gmt":"2025-08-27T18:58:20","guid":{"rendered":"https:\/\/roveyayinevi.com.tr\/index.php\/urun\/dunya-iktisadi-dusunce-tarihi\/"},"modified":"2026-04-16T02:40:44","modified_gmt":"2026-04-15T23:40:44","slug":"dunya-iktisadi-dusunce-tarihi","status":"publish","type":"product","link":"https:\/\/roveyayinevi.com.tr\/index.php\/urun\/dunya-iktisadi-dusunce-tarihi\/","title":{"rendered":"D\u00fcnya \u0130ktisadi D\u00fc\u015f\u00fcnce Tarihi"},"content":{"rendered":"<p>Bu kitap, iktisadi du\u0308\u015fu\u0308ncenin uzun tarihine geni\u015f kapsaml\u0131 yakla\u015farak, ger\u00e7ek anlamda uluslararas\u0131 bir perspektif sunuyor. \u0130ktisad\u0131, yaln\u0131z arz ve talep dengesinden ibaret bir \u00e7er\u00e7eve i\u00e7erisinde anlatmay\u0131p bu disiplinin fikr\u00ee altyap\u0131s\u0131n\u0131 da de\u011ferlendirerek ku\u015fat\u0131c\u0131 ve kar\u015f\u0131la\u015ft\u0131rmal\u0131 bir \u00fcslup ortaya koyuyor. Ayr\u0131ca ulus-devletlerin kendi i\u00e7lerindeki iktisat anlay\u0131\u015flar\u0131n\u0131n nitelikli bir mukayesesini sunarak, du\u0308nyan\u0131n farkl\u0131 b\u00f6lgelerindeki iktisadi yakla\u015f\u0131mlar\u0131n geli\u015fimi konusunda uzman \u015fahsiyetlerin yaz\u0131lar\u0131n\u0131 bir araya getiriyor. Eserde katk\u0131s\u0131 olan her bir yazar, iktisadi fikirlerin zaman i\u00e7erisindeki de\u011fi\u015fiminde s\u00f6z konusu olan ku\u0308resel kal\u0131plar\u0131 saptamay\u0131 ihmal etmeden, kendi co\u011frafyalar\u0131ndaki iktisat anlay\u0131\u015flar\u0131 u\u0308zerinden meseleleri izah ediyor.<\/p>\n","protected":false},"excerpt":{"rendered":"<p>Bu kitap, iktisadi du\u0308\u015fu\u0308ncenin uzun tarihine geni\u015f kapsaml\u0131 yakla\u015farak, ger\u00e7ek anlamda uluslararas\u0131 bir perspektif sunuyor. \u0130ktisad\u0131, yaln\u0131z arz ve talep dengesinden ibaret bir \u00e7er\u00e7eve i\u00e7erisinde anlatmay\u0131p<span class=\"excerpt-hellip\"> [\u2026]<\/span><\/p>\n","protected":false},"featured_media":0,"template":"","meta":{"_monsterinsights_skip_tracking":false,"_monsterinsights_sitenote_active":false,"_monsterinsights_sitenote_note":"","_monsterinsights_sitenote_category":0},"product_brand":[],"product_cat":[12312,12304],"product_tag":[],"class_list":{"0":"post-732834","1":"product","2":"type-product","3":"status-publish","5":"product_cat-diger","6":"product_cat-tarih","7":"pa_cilt-ciltsiz","8":"pa_tur-kitap","9":"pa_yayinevi-albaraka-yayinlari","10":"pa_yazar-vincent-barnett","12":"first","13":"instock","14":"sale","15":"shipping-taxable","16":"purchasable","17":"product-type-simple"},"_links":{"self":[{"href":"https:\/\/roveyayinevi.com.tr\/index.php\/wp-json\/wp\/v2\/product\/732834","targetHints":{"allow":["GET"]}}],"collection":[{"href":"https:\/\/roveyayinevi.com.tr\/index.php\/wp-json\/wp\/v2\/product"}],"about":[{"href":"https:\/\/roveyayinevi.com.tr\/index.php\/wp-json\/wp\/v2\/types\/product"}],"wp:attachment":[{"href":"https:\/\/roveyayinevi.com.tr\/index.php\/wp-json\/wp\/v2\/media?parent=732834"}],"wp:term":[{"taxonomy":"product_brand","embeddable":true,"href":"https:\/\/roveyayinevi.com.tr\/index.php\/wp-json\/wp\/v2\/product_brand?post=732834"},{"taxonomy":"product_cat","embeddable":true,"href":"https:\/\/roveyayinevi.com.tr\/index.php\/wp-json\/wp\/v2\/product_cat?post=732834"},{"taxonomy":"product_tag","embeddable":true,"href":"https:\/\/roveyayinevi.com.tr\/index.php\/wp-json\/wp\/v2\/product_tag?post=732834"}],"curies":[{"name":"wp","href":"https:\/\/api.w.org\/{rel}","templated":true}]}}