{"id":732833,"date":"2025-08-27T21:58:19","date_gmt":"2025-08-27T18:58:19","guid":{"rendered":"https:\/\/roveyayinevi.com.tr\/index.php\/urun\/16-yuzyilda-osmanlida-paranin-deger-kaybi-ve-timurtasinin-nukud-risalesi\/"},"modified":"2026-04-16T02:40:44","modified_gmt":"2026-04-15T23:40:44","slug":"16-yuzyilda-osmanlida-paranin-deger-kaybi-ve-timurtasinin-nukud-risalesi","status":"publish","type":"product","link":"https:\/\/roveyayinevi.com.tr\/index.php\/urun\/16-yuzyilda-osmanlida-paranin-deger-kaybi-ve-timurtasinin-nukud-risalesi\/","title":{"rendered":"16. Y\u00fczy\u0131lda Osmanl\u0131\u2019da Paran\u0131n De\u011fer Kayb\u0131 ve Timurta\u015fi\u2019nin N\u00fckud Risalesi"},"content":{"rendered":"<p>F\u0131k\u0131h metinleri, Hanef\u00ee mezhebinin hukuk kurallar\u0131n\u0131 benimsemi\u015f Osmanl\u0131\u2019n\u0131n tarihi hakk\u0131nda k\u0131ymetli bilgiler sunmaktad\u0131r. \u00d6zellikle hukuki, siyasi, iktisadi de\u011fi\u015fim veya d\u00f6n\u00fc\u015f\u00fcm zamanlar\u0131nda telif edilmi\u015f f\u0131k\u0131h kitaplar\u0131, fetva mecmualar\u0131 ve daha \u00f6zel meseleleri konu edinen risalelerde kayda de\u011fer tespit ve tahlillere rastlamak mu\u0308mku\u0308ndu\u0308r. F\u0131k\u0131h metinlerinin Osmanl\u0131 \u0130mparatorlu\u011fu\u2019nun h\u00fck\u00fcm s\u00fcrd\u00fc\u011f\u00fc\u0308 geni\u015f co\u011frafya ve halk\u0131 hakk\u0131nda sundu\u011fu bilgilerin bir\u00e7o\u011fu hen\u00fcz i\u015flenmemi\u015f h\u00e2ldedir.Osmanl\u0131 d\u00f6neminin birka\u00e7 asra yay\u0131lm\u0131\u015f olmas\u0131, f\u0131k\u0131h eserlerinin say\u0131ca \u00e7oklu\u011fu ve muhteva itibariyle geni\u015f olmas\u0131, hen\u00fcz ismini bile duymad\u0131\u011f\u0131m\u0131z eserlerin sat\u0131r aralar\u0131nda sakl\u0131 nice \u00f6nemli bilgiler oldu\u011funu d\u00fc\u015f\u00fcnd\u00fcrmektedir. Elinizdeki kitap, bu eserlerin bir \u00f6rne\u011fi olarak Hanef\u00ee mezhebinin \u00f6nemli isimlerinden \u015eemseddin Timurt\u00e2\u015f\u00ee\u2019nin (v.1599) kaleme ald\u0131\u011f\u0131 bir f\u0131k\u0131h risalesini, d\u00f6neminin iktisadi \u015fartlar\u0131 ile beraber inceleyip b\u00f6ylesi bir okuman\u0131n hem d\u00f6nemin iktisat tarihine hem de risalenin f\u0131kh\u00ee anlam\u0131na yapt\u0131\u011f\u0131 katk\u0131y\u0131 tart\u0131\u015fmaktad\u0131r.<\/p>\n","protected":false},"excerpt":{"rendered":"<p>F\u0131k\u0131h metinleri, Hanef\u00ee mezhebinin hukuk kurallar\u0131n\u0131 benimsemi\u015f Osmanl\u0131\u2019n\u0131n tarihi hakk\u0131nda k\u0131ymetli bilgiler sunmaktad\u0131r. \u00d6zellikle hukuki, siyasi, iktisadi de\u011fi\u015fim veya d\u00f6n\u00fc\u015f\u00fcm zamanlar\u0131nda telif edilmi\u015f f\u0131k\u0131h kitaplar\u0131, fetva<span class=\"excerpt-hellip\"> [\u2026]<\/span><\/p>\n","protected":false},"featured_media":0,"template":"","meta":{"_monsterinsights_skip_tracking":false,"_monsterinsights_sitenote_active":false,"_monsterinsights_sitenote_note":"","_monsterinsights_sitenote_category":0},"product_brand":[],"product_cat":[12370,12304],"product_tag":[],"class_list":{"0":"post-732833","1":"product","2":"type-product","3":"status-publish","5":"product_cat-arastirma-inceleme","6":"product_cat-tarih","7":"pa_cilt-ciltsiz","8":"pa_tur-kitap","9":"pa_yayinevi-albaraka-yayinlari","10":"pa_yazar-seyma-akbayir","12":"first","13":"instock","14":"sale","15":"shipping-taxable","16":"purchasable","17":"product-type-simple"},"_links":{"self":[{"href":"https:\/\/roveyayinevi.com.tr\/index.php\/wp-json\/wp\/v2\/product\/732833","targetHints":{"allow":["GET"]}}],"collection":[{"href":"https:\/\/roveyayinevi.com.tr\/index.php\/wp-json\/wp\/v2\/product"}],"about":[{"href":"https:\/\/roveyayinevi.com.tr\/index.php\/wp-json\/wp\/v2\/types\/product"}],"wp:attachment":[{"href":"https:\/\/roveyayinevi.com.tr\/index.php\/wp-json\/wp\/v2\/media?parent=732833"}],"wp:term":[{"taxonomy":"product_brand","embeddable":true,"href":"https:\/\/roveyayinevi.com.tr\/index.php\/wp-json\/wp\/v2\/product_brand?post=732833"},{"taxonomy":"product_cat","embeddable":true,"href":"https:\/\/roveyayinevi.com.tr\/index.php\/wp-json\/wp\/v2\/product_cat?post=732833"},{"taxonomy":"product_tag","embeddable":true,"href":"https:\/\/roveyayinevi.com.tr\/index.php\/wp-json\/wp\/v2\/product_tag?post=732833"}],"curies":[{"name":"wp","href":"https:\/\/api.w.org\/{rel}","templated":true}]}}