{"id":732832,"date":"2025-08-27T21:58:18","date_gmt":"2025-08-27T18:58:18","guid":{"rendered":"https:\/\/roveyayinevi.com.tr\/index.php\/urun\/bes-kilometre\/"},"modified":"2026-04-16T02:40:44","modified_gmt":"2026-04-15T23:40:44","slug":"bes-kilometre","status":"publish","type":"product","link":"https:\/\/roveyayinevi.com.tr\/index.php\/urun\/bes-kilometre\/","title":{"rendered":"Be\u015f Kilometre"},"content":{"rendered":"<p>\u0130slam\u2019\u0131n vazetti\u011fi \u0130slami iktisadi hayat doktrini son \u00fc\u00e7 y\u00fcz y\u0131ll\u0131k zaman zarf\u0131nda \u201cfaiz\u201d temelli finansal yap\u0131n\u0131n gerisinde kalm\u0131\u015f g\u00f6z\u00fckse de \u00f6zellikle son yu\u0308z y\u0131lda ekonomi piyasalar\u0131nda kendine yeniden yer bulmaya ba\u015flam\u0131\u015ft\u0131r. Bunun as\u0131l nedeni ku\u015fkusuz \u0130slam\u2019\u0131n insanlar\u0131 \u00fcretime, payla\u015fmaya ve birlikteli\u011fe te\u015fvik etmesidir. T\u00fcrkiye\u2019de 1970\u2019lerin sonunda tohumlar\u0131 at\u0131lan ve 1980 sonras\u0131nda kurumsalla\u015fan \u0130slami bankac\u0131l\u0131k ekosistemi, yabanc\u0131 sermayedarlar\u0131n inisiyatifi ile ye\u015fermeye ba\u015flam\u0131\u015f g\u00f6r\u00fcnse de bu yap\u0131lar\u0131n as\u0131l b\u00fcy\u00fcmesini ve geli\u015fmesini sa\u011flayan, yine bu topraklar\u0131n yeti\u015ftirdi\u011fi idealist insanlar\u0131n gayretleridir. \u0130lim insanlar\u0131m\u0131z\u0131n gayretlerinin yan\u0131 s\u0131ra bu kitapta hayat hik\u00e2yesini okuyaca\u011f\u0131n\u0131z Yunus Nacar gibi u\u0308lkemizin mali ve finansal hayat\u0131nda ekol h\u00e2line gelmi\u015f \u201chesap uzman\u0131\u201d temelli y\u00f6neticilerin ki\u015fisel gayretleri her zaman kat\u0131l\u0131m bankac\u0131l\u0131\u011f\u0131n\u0131n tarihinde yer alacakt\u0131r. Elinizdeki kitapta, Kahramanmara\u015f\u2019\u0131n bir da\u011f k\u00f6y\u00fcnde d\u00fcnyaya gelen Yunus Nacar\u2019\u0131n \u00f6nce Ankara, sonras\u0131nda \u0130stanbul\u2019a uzanan hik\u00e2yesine tan\u0131kl\u0131k edeceksiniz. Bu yolculukta bir yandan u\u0308lkemizin sosyoekonomik geli\u015fimine \u015fahitlik ederken di\u011fer yandan \u0130slami finans sekt\u00f6ru\u0308nu\u0308n kurulu\u015flar\u0131n\u0131n arka planlar\u0131n\u0131 g\u00f6receksiniz. Yunus Nacar, 80\u2019li y\u0131llar\u0131n ba\u015f\u0131nda kurulan Faysal Finans ve sonraki d\u00f6nemde Kuveyt T\u00fcrk, Anadolu Finans ve Family Finans birle\u015fmesinin ard\u0131ndan kurulan T\u00fcrkiye Finans kat\u0131l\u0131m bankalar\u0131n\u0131n kurucular\u0131 aras\u0131nda yer alan mu\u0308mtaz bir \u015fahsiyettir. Bu kitap, s\u00f6z konusu kurumlar\u0131n kurulu\u015f s\u00fcre\u00e7lerindeki zorluklar\u0131n yan\u0131 s\u0131ra insan\u0131 merkeze alan kat\u0131l\u0131m bankac\u0131l\u0131\u011f\u0131n\u0131n k\u0131sa tarihini de g\u00f6zler \u00f6n\u00fcne sermektedir.<\/p>\n","protected":false},"excerpt":{"rendered":"<p>\u0130slam\u2019\u0131n vazetti\u011fi \u0130slami iktisadi hayat doktrini son \u00fc\u00e7 y\u00fcz y\u0131ll\u0131k zaman zarf\u0131nda \u201cfaiz\u201d temelli finansal yap\u0131n\u0131n gerisinde kalm\u0131\u015f g\u00f6z\u00fckse de \u00f6zellikle son yu\u0308z y\u0131lda ekonomi piyasalar\u0131nda<span class=\"excerpt-hellip\"> [\u2026]<\/span><\/p>\n","protected":false},"featured_media":0,"template":"","meta":{"_monsterinsights_skip_tracking":false,"_monsterinsights_sitenote_active":false,"_monsterinsights_sitenote_note":"","_monsterinsights_sitenote_category":0},"product_brand":[],"product_cat":[13701,12291],"product_tag":[],"class_list":{"0":"post-732832","1":"product","2":"type-product","3":"status-publish","5":"product_cat-ani-mektup-gunluk","6":"product_cat-edebiyat","7":"pa_cilt-ciltsiz","8":"pa_tur-kitap","9":"pa_yayinevi-albaraka-yayinlari","10":"pa_yazar-yunus-nacar","12":"first","13":"instock","14":"sale","15":"shipping-taxable","16":"purchasable","17":"product-type-simple"},"_links":{"self":[{"href":"https:\/\/roveyayinevi.com.tr\/index.php\/wp-json\/wp\/v2\/product\/732832","targetHints":{"allow":["GET"]}}],"collection":[{"href":"https:\/\/roveyayinevi.com.tr\/index.php\/wp-json\/wp\/v2\/product"}],"about":[{"href":"https:\/\/roveyayinevi.com.tr\/index.php\/wp-json\/wp\/v2\/types\/product"}],"wp:attachment":[{"href":"https:\/\/roveyayinevi.com.tr\/index.php\/wp-json\/wp\/v2\/media?parent=732832"}],"wp:term":[{"taxonomy":"product_brand","embeddable":true,"href":"https:\/\/roveyayinevi.com.tr\/index.php\/wp-json\/wp\/v2\/product_brand?post=732832"},{"taxonomy":"product_cat","embeddable":true,"href":"https:\/\/roveyayinevi.com.tr\/index.php\/wp-json\/wp\/v2\/product_cat?post=732832"},{"taxonomy":"product_tag","embeddable":true,"href":"https:\/\/roveyayinevi.com.tr\/index.php\/wp-json\/wp\/v2\/product_tag?post=732832"}],"curies":[{"name":"wp","href":"https:\/\/api.w.org\/{rel}","templated":true}]}}