{"id":732831,"date":"2025-08-27T21:58:17","date_gmt":"2025-08-27T18:58:17","guid":{"rendered":"https:\/\/roveyayinevi.com.tr\/index.php\/urun\/basarmaya-mecburdum\/"},"modified":"2026-04-16T02:40:44","modified_gmt":"2026-04-15T23:40:44","slug":"basarmaya-mecburdum","status":"publish","type":"product","link":"https:\/\/roveyayinevi.com.tr\/index.php\/urun\/basarmaya-mecburdum\/","title":{"rendered":"Ba\u015farmaya Mecburdum"},"content":{"rendered":"<p>Modern iktisat anlay\u0131\u015f\u0131n\u0131n ortaya koydu\u011fu kurumlar\u0131n ba\u015f\u0131nda bankalar gelmektedir. Seku\u0308ler bir du\u0308nya g\u00f6ru\u0308\u015fu\u0308nu\u0308n mahsulu\u0308 olan bu mu\u0308esseseler, zamanla Mu\u0308slu\u0308man fikir adamlar\u0131 taraf\u0131ndan tart\u0131\u015f\u0131lmaya ba\u015flanm\u0131\u015f ve \u0130slami bankac\u0131l\u0131\u011f\u0131n bu sistem i\u00e7erisinde nas\u0131l yer alabilece\u011fi du\u0308\u015fu\u0308nu\u0308lmu\u0308\u015ftu\u0308r. Arap du\u0308nyas\u0131nda ba\u015flayan faizsiz bankac\u0131l\u0131k ru\u0308zg\u00e2r\u0131 son altm\u0131\u015f y\u0131lda Tu\u0308rkiye\u2019de de reva\u00e7 bulmu\u015f ve bu yeni bankac\u0131l\u0131\u011f\u0131n temellerine har\u00e7 atanlardan birisi de Osman Akyu\u0308z olmu\u015ftur.Bu eserde, Karadeniz\u2019in bir da\u011f k\u00f6yu\u0308nde du\u0308nyaya g\u00f6zlerini a\u00e7an Akyu\u0308z\u2019u\u0308n, 1950\u2019lerin k\u0131tl\u0131k y\u0131llar\u0131ndaki zorluklara ra\u011fmen u\u0308lke ekonomisine yapt\u0131\u011f\u0131 katk\u0131n\u0131n ve gen\u00e7 nesillere \u00f6rneklik te\u015fkil edecek ba\u015far\u0131s\u0131n\u0131n hik\u00e2yesini okuyacaks\u0131n\u0131z. Cesareti, \u00e7al\u0131\u015fkanl\u0131\u011f\u0131 ve adanm\u0131\u015fl\u0131\u011f\u0131 hissedeceksiniz her sat\u0131rda.1980\u2019lerdeki yerli ve yabanc\u0131 sermayedarlar\u0131n Tu\u0308rkiye\u2019ye yapt\u0131klar\u0131 yat\u0131r\u0131mlar\u0131n bir \u201cdava\u201d \u015fuuruyla nas\u0131l Mu\u0308slu\u0308manlar\u0131n lehine bir f\u0131rsata d\u00f6nu\u0308\u015ftu\u0308ru\u0308ldu\u0308\u011f\u00fcne, y\u0131llar i\u00e7erisinde kat\u0131l\u0131m bankalar\u0131n\u0131n hangi a\u015famalardan ge\u00e7ti\u011fine ve ne gibi zorluklar ya\u015fand\u0131\u011f\u0131na \u015fahitlik edeceksiniz.\u0130slami bankac\u0131l\u0131\u011f\u0131n u\u0308lkemizde geli\u015ftirilmesini vicdani bir mesuliyet olarak telakki eden Osman Akyu\u0308z ile yap\u0131lm\u0131\u015f olan bu nehir s\u00f6yle\u015fiyi yay\u0131mlarken, eserde anlat\u0131lanlar\u0131n ayn\u0131 zamanda Tu\u0308rkiye\u2019nin yak\u0131n tarihine de \u0131\u015f\u0131k tutaca\u011f\u0131n\u0131 u\u0308mit etmekteyiz.<\/p>\n","protected":false},"excerpt":{"rendered":"<p>Modern iktisat anlay\u0131\u015f\u0131n\u0131n ortaya koydu\u011fu kurumlar\u0131n ba\u015f\u0131nda bankalar gelmektedir. Seku\u0308ler bir du\u0308nya g\u00f6ru\u0308\u015fu\u0308nu\u0308n mahsulu\u0308 olan bu mu\u0308esseseler, zamanla Mu\u0308slu\u0308man fikir adamlar\u0131 taraf\u0131ndan tart\u0131\u015f\u0131lmaya ba\u015flanm\u0131\u015f ve \u0130slami<span class=\"excerpt-hellip\"> [\u2026]<\/span><\/p>\n","protected":false},"featured_media":0,"template":"","meta":{"_monsterinsights_skip_tracking":false,"_monsterinsights_sitenote_active":false,"_monsterinsights_sitenote_note":"","_monsterinsights_sitenote_category":0},"product_brand":[],"product_cat":[12312,12304],"product_tag":[],"class_list":{"0":"post-732831","1":"product","2":"type-product","3":"status-publish","5":"product_cat-diger","6":"product_cat-tarih","7":"pa_cilt-ciltsiz","8":"pa_tur-kitap","9":"pa_yayinevi-albaraka-yayinlari","10":"pa_yazar-osman-akyuz","12":"first","13":"instock","14":"sale","15":"shipping-taxable","16":"purchasable","17":"product-type-simple"},"_links":{"self":[{"href":"https:\/\/roveyayinevi.com.tr\/index.php\/wp-json\/wp\/v2\/product\/732831","targetHints":{"allow":["GET"]}}],"collection":[{"href":"https:\/\/roveyayinevi.com.tr\/index.php\/wp-json\/wp\/v2\/product"}],"about":[{"href":"https:\/\/roveyayinevi.com.tr\/index.php\/wp-json\/wp\/v2\/types\/product"}],"wp:attachment":[{"href":"https:\/\/roveyayinevi.com.tr\/index.php\/wp-json\/wp\/v2\/media?parent=732831"}],"wp:term":[{"taxonomy":"product_brand","embeddable":true,"href":"https:\/\/roveyayinevi.com.tr\/index.php\/wp-json\/wp\/v2\/product_brand?post=732831"},{"taxonomy":"product_cat","embeddable":true,"href":"https:\/\/roveyayinevi.com.tr\/index.php\/wp-json\/wp\/v2\/product_cat?post=732831"},{"taxonomy":"product_tag","embeddable":true,"href":"https:\/\/roveyayinevi.com.tr\/index.php\/wp-json\/wp\/v2\/product_tag?post=732831"}],"curies":[{"name":"wp","href":"https:\/\/api.w.org\/{rel}","templated":true}]}}