{"id":732830,"date":"2025-08-27T21:58:16","date_gmt":"2025-08-27T18:58:16","guid":{"rendered":"https:\/\/roveyayinevi.com.tr\/index.php\/urun\/ilham-perileri-michelangelo\/"},"modified":"2026-04-16T02:40:44","modified_gmt":"2026-04-15T23:40:44","slug":"ilham-perileri-michelangelo","status":"publish","type":"product","link":"https:\/\/roveyayinevi.com.tr\/index.php\/urun\/ilham-perileri-michelangelo\/","title":{"rendered":"\u0130lham Perileri &#8211; Michelangelo"},"content":{"rendered":"<p>Periler \u00dclkesi\u2019nin en merakl\u0131 ve en \u00e7al\u0131\u015fkan ilham perileri Lorza ve Perus yine masals\u0131 bir maceran\u0131n i\u00e7inde kanat \u00e7\u0131rp\u0131yor.\u015eimdiki duraklar\u0131ysa sanat\u0131n kalbinin att\u0131\u011f\u0131 Floransa ve en b\u00fcy\u00fck \u00e7abalar\u0131 da d\u00e2hi heykelt\u0131ra\u015f Michelangelo\u2019ya ilham vermek.Ne var ki Perus, Michelangelo\u2019nun yaratt\u0131klar\u0131ndan \u00f6ylesine b\u00fcy\u00fclenmi\u015f ki sanat\u00e7\u0131y\u0131 ona s\u0131rttan kanat yapmas\u0131 i\u00e7in ikna etmeye \u00e7al\u0131\u015f\u0131rken her yolu deniyor. \u00c7ocuklar i\u00e7in \u00e7e\u015fitli m\u00fczikaller d\u00fczenleyen, Susam Soka\u011f\u0131\u2019n\u0131n metin yazarlar\u0131ndan Ayfer Arta\u00e7, \u00e7ocuklara sanat\u0131 sevdirecek \u0130lham Perileri serisinin \u00fc\u00e7\u00fcnc\u00fc kitab\u0131nda hem Michelangelo ve eserleri hakk\u0131nda bilgiler veriyor hem de \u00e7ocuklar\u0131 masals\u0131 bir d\u00fcnyaya davet ediyor. Kitapta yer alan karekodlar\u0131 okutup Michelangelo\u2019nun eserlerinden ilham al\u0131narak bestelenmi\u015f par\u00e7alar\u0131 dinleyebilirsiniz.<\/p>\n","protected":false},"excerpt":{"rendered":"<p>Periler \u00dclkesi\u2019nin en merakl\u0131 ve en \u00e7al\u0131\u015fkan ilham perileri Lorza ve Perus yine masals\u0131 bir maceran\u0131n i\u00e7inde kanat \u00e7\u0131rp\u0131yor.\u015eimdiki duraklar\u0131ysa sanat\u0131n kalbinin att\u0131\u011f\u0131 Floransa ve en<span class=\"excerpt-hellip\"> [\u2026]<\/span><\/p>\n","protected":false},"featured_media":0,"template":"","meta":{"_monsterinsights_skip_tracking":false,"_monsterinsights_sitenote_active":false,"_monsterinsights_sitenote_note":"","_monsterinsights_sitenote_category":0},"product_brand":[],"product_cat":[12913,12274],"product_tag":[],"class_list":{"0":"post-732830","1":"product","2":"type-product","3":"status-publish","5":"product_cat-3-6-yas-kitaplari","6":"product_cat-cocuk-ve-genclik-kitaplari","7":"pa_cilt-ciltsiz","8":"pa_tur-kitap","9":"pa_yayinevi-ucanfil-ozel-urun","10":"pa_yazar-ayfer-v-artac","12":"first","13":"instock","14":"sale","15":"shipping-taxable","16":"purchasable","17":"product-type-simple"},"_links":{"self":[{"href":"https:\/\/roveyayinevi.com.tr\/index.php\/wp-json\/wp\/v2\/product\/732830","targetHints":{"allow":["GET"]}}],"collection":[{"href":"https:\/\/roveyayinevi.com.tr\/index.php\/wp-json\/wp\/v2\/product"}],"about":[{"href":"https:\/\/roveyayinevi.com.tr\/index.php\/wp-json\/wp\/v2\/types\/product"}],"wp:attachment":[{"href":"https:\/\/roveyayinevi.com.tr\/index.php\/wp-json\/wp\/v2\/media?parent=732830"}],"wp:term":[{"taxonomy":"product_brand","embeddable":true,"href":"https:\/\/roveyayinevi.com.tr\/index.php\/wp-json\/wp\/v2\/product_brand?post=732830"},{"taxonomy":"product_cat","embeddable":true,"href":"https:\/\/roveyayinevi.com.tr\/index.php\/wp-json\/wp\/v2\/product_cat?post=732830"},{"taxonomy":"product_tag","embeddable":true,"href":"https:\/\/roveyayinevi.com.tr\/index.php\/wp-json\/wp\/v2\/product_tag?post=732830"}],"curies":[{"name":"wp","href":"https:\/\/api.w.org\/{rel}","templated":true}]}}