{"id":732829,"date":"2025-08-27T21:58:08","date_gmt":"2025-08-27T18:58:08","guid":{"rendered":"https:\/\/roveyayinevi.com.tr\/index.php\/urun\/finansta-risk-paylasimi\/"},"modified":"2026-04-16T02:40:44","modified_gmt":"2026-04-15T23:40:44","slug":"finansta-risk-paylasimi","status":"publish","type":"product","link":"https:\/\/roveyayinevi.com.tr\/index.php\/urun\/finansta-risk-paylasimi\/","title":{"rendered":"Finansta Risk Payla\u015f\u0131m\u0131"},"content":{"rendered":"<p>2008 k\u00fcresel finans krizinin ard\u0131ndan, kapitalist iktisadi anlay\u0131\u015f\u0131n \u00fcr\u00fcn\u00fc olan mevcut finansal sistem daha fazla sorgulan\u0131r h\u00e2le geldi. A\u011f\u0131rl\u0131kl\u0131 olarak borca ve y\u00fcksek kald\u0131raca dayal\u0131 bu sistemin aksakl\u0131klar\u0131n\u0131n giderilmesi i\u00e7in akademisyen, uygulamac\u0131 ve politika yap\u0131c\u0131lar\u0131n geli\u015ftirdi\u011fi \u00e7\u00f6z\u00fcmler tekrar tart\u0131\u015f\u0131lmaya ba\u015fland\u0131.H\u00e2kim finansal sistemin \u0131slah\u0131 i\u00e7in \u00f6nerilen reformlara bir alternatif olarak \u0130slami yakla\u015f\u0131m, finansal d\u00fczeni nas\u0131l iyile\u015ftirebilir? \u0130slami iktisat ve finansa dair akademik ve uygulama tecr\u00fcbesine sahip geni\u015f yazar kadrosuyla bu kitap, faizin olmad\u0131\u011f\u0131 ve risk payla\u015f\u0131m\u0131 esas\u0131na dayal\u0131 \u0130slami finans\u0131n, b\u00fct\u00fcnc\u00fcl bir yakla\u015f\u0131mla daha iyi bir finansal sistemin in\u015fas\u0131 i\u00e7in neler sunabilece\u011fini g\u00f6stermektedir.Elinizdeki eser, kapsaml\u0131 bir finansal reformun risk payla\u015f\u0131m\u0131na dayal\u0131 \u0130slami finans alternatifine dair detaylar\u0131 \u00f6\u011frenmek isteyen t\u00fcm ara\u015ft\u0131rmac\u0131 ve uygulamac\u0131lara y\u00f6nelik temel bir kaynak olma \u00f6zelli\u011fi ta\u015f\u0131maktad\u0131r.<\/p>\n","protected":false},"excerpt":{"rendered":"<p>2008 k\u00fcresel finans krizinin ard\u0131ndan, kapitalist iktisadi anlay\u0131\u015f\u0131n \u00fcr\u00fcn\u00fc olan mevcut finansal sistem daha fazla sorgulan\u0131r h\u00e2le geldi. A\u011f\u0131rl\u0131kl\u0131 olarak borca ve y\u00fcksek kald\u0131raca dayal\u0131 bu<span class=\"excerpt-hellip\"> [\u2026]<\/span><\/p>\n","protected":false},"featured_media":0,"template":"","meta":{"_monsterinsights_skip_tracking":false,"_monsterinsights_sitenote_active":false,"_monsterinsights_sitenote_note":"","_monsterinsights_sitenote_category":0},"product_brand":[],"product_cat":[14841,13043],"product_tag":[],"class_list":{"0":"post-732829","1":"product","2":"type-product","3":"status-publish","5":"product_cat-arastirma-inceleme-kuram","6":"product_cat-ekonomi","7":"pa_cilt-ciltsiz","8":"pa_tur-kitap","9":"pa_yayinevi-albaraka-yayinlari","10":"pa_yazar-albaraka-yayinlari-kolektif","12":"first","13":"instock","14":"sale","15":"shipping-taxable","16":"purchasable","17":"product-type-simple"},"_links":{"self":[{"href":"https:\/\/roveyayinevi.com.tr\/index.php\/wp-json\/wp\/v2\/product\/732829","targetHints":{"allow":["GET"]}}],"collection":[{"href":"https:\/\/roveyayinevi.com.tr\/index.php\/wp-json\/wp\/v2\/product"}],"about":[{"href":"https:\/\/roveyayinevi.com.tr\/index.php\/wp-json\/wp\/v2\/types\/product"}],"wp:attachment":[{"href":"https:\/\/roveyayinevi.com.tr\/index.php\/wp-json\/wp\/v2\/media?parent=732829"}],"wp:term":[{"taxonomy":"product_brand","embeddable":true,"href":"https:\/\/roveyayinevi.com.tr\/index.php\/wp-json\/wp\/v2\/product_brand?post=732829"},{"taxonomy":"product_cat","embeddable":true,"href":"https:\/\/roveyayinevi.com.tr\/index.php\/wp-json\/wp\/v2\/product_cat?post=732829"},{"taxonomy":"product_tag","embeddable":true,"href":"https:\/\/roveyayinevi.com.tr\/index.php\/wp-json\/wp\/v2\/product_tag?post=732829"}],"curies":[{"name":"wp","href":"https:\/\/api.w.org\/{rel}","templated":true}]}}