{"id":732824,"date":"2025-08-27T21:58:03","date_gmt":"2025-08-27T18:58:03","guid":{"rendered":"https:\/\/roveyayinevi.com.tr\/index.php\/urun\/din-ve-finans\/"},"modified":"2026-04-16T02:40:44","modified_gmt":"2026-04-15T23:40:44","slug":"din-ve-finans","status":"publish","type":"product","link":"https:\/\/roveyayinevi.com.tr\/index.php\/urun\/din-ve-finans\/","title":{"rendered":"Din ve Finans"},"content":{"rendered":"<p>Elinizdeki bu eserde \u00fc\u00e7 b\u00fcy\u00fck \u0130brahim\u00ee din olan Yahudilik, Hristiyanl\u0131k ve \u0130slam\u2019\u0131n riba ve finansal i\u015flemlere ili\u015fkin bak\u0131\u015f a\u00e7\u0131lar\u0131 objektif bir yakla\u015f\u0131mla ele al\u0131nmakta; okuyucuya ge\u00e7mi\u015fe dair bir anlay\u0131\u015f, bug\u00fcne dair bir inceleme ve gelece\u011fe y\u00f6nelik bir \u00f6ng\u00f6r\u00fc sa\u011flanmaya \u00e7al\u0131\u015f\u0131lmaktad\u0131r.Tarih\u00ee s\u00fcre\u00e7 i\u00e7erisinde Yahudilik, \u201cTesniye \u00c7ifte Standard\u0131\u201d gibi uygulamalarla riba yasa\u011f\u0131n\u0131n arkas\u0131ndan dolan\u0131rken; Hristiyanl\u0131k, riba yasa\u011f\u0131n\u0131 a\u015f\u0131r\u0131 faiz yasa\u011f\u0131 ile ikame etmi\u015ftir. \u0130slam ise riba yasa\u011f\u0131na uymak i\u00e7in elindeki t\u00fcm enstr\u00fcmanlar\u0131 iyi niyetli bir \u015fekilde kullanmaya \u00e7al\u0131\u015fsa da \u0130slami bankac\u0131l\u0131k sekt\u00f6r\u00fcnde oldu\u011fu gibi zaman zaman \u00f6ng\u00f6r\u00fclen ile realite \u00f6nemli \u00f6l\u00e7\u00fcde farkl\u0131la\u015fm\u0131\u015ft\u0131r.Yazarlar, riba ve finansal i\u015flemler konusundaki bu \u00fc\u00e7 dinin tav\u0131rlar\u0131n\u0131n benzer ba\u015flang\u0131\u00e7 noktalar\u0131na sahip olduklar\u0131n\u0131 vurgulam\u0131\u015f, fakat finansal i\u015flemlerde riba yasa\u011f\u0131 hususunda gelinen noktada ba\u015far\u0131s\u0131z olduklar\u0131n\u0131 ifade etmi\u015flerdir. Ayr\u0131ca, \u00fc\u00e7 b\u00fcy\u00fck dinin kapal\u0131 topluluklarda ortaya \u00e7\u0131kmas\u0131 ve sonraki s\u00fcre\u00e7te \u00e7o\u011fulcu d\u00fcnyaya ge\u00e7i\u015fin bu ba\u015far\u0131s\u0131zl\u0131klar\u0131 a\u00e7\u0131klayan fakt\u00f6rler olabileceklerini \u00f6ne s\u00fcrmekle birlikte, riba yasa\u011f\u0131ndan \u00e7ok daha fazlas\u0131n\u0131 temsil ettiklerinin alt\u0131n\u0131 \u00e7izmektedirler. Bu nedenle, \u00fc\u00e7 semavi dinin etik ve ahlaki ilkeler a\u00e7\u0131s\u0131ndan \u201ctepedeki \u0131\u015f\u0131k\u201d g\u00f6revinde bulunmas\u0131 ve finans piyasas\u0131 akt\u00f6rlerinin \u201cahlaki pusulalar\u0131n\u0131\u201d bu \u00e7er\u00e7evede s\u0131f\u0131rlamalar\u0131 gerekti\u011fi, bu \u00e7al\u0131\u015fman\u0131n temel \u00e7\u0131kar\u0131m\u0131 olarak okuyucuya sunulmu\u015ftur.<\/p>\n","protected":false},"excerpt":{"rendered":"<p>Elinizdeki bu eserde \u00fc\u00e7 b\u00fcy\u00fck \u0130brahim\u00ee din olan Yahudilik, Hristiyanl\u0131k ve \u0130slam\u2019\u0131n riba ve finansal i\u015flemlere ili\u015fkin bak\u0131\u015f a\u00e7\u0131lar\u0131 objektif bir yakla\u015f\u0131mla ele al\u0131nmakta; okuyucuya ge\u00e7mi\u015fe<span class=\"excerpt-hellip\"> [\u2026]<\/span><\/p>\n","protected":false},"featured_media":0,"template":"","meta":{"_monsterinsights_skip_tracking":false,"_monsterinsights_sitenote_active":false,"_monsterinsights_sitenote_note":"","_monsterinsights_sitenote_category":0},"product_brand":[],"product_cat":[12718,12858],"product_tag":[],"class_list":{"0":"post-732824","1":"product","2":"type-product","3":"status-publish","5":"product_cat-din","6":"product_cat-mitolojiler","7":"pa_cilt-ciltsiz","8":"pa_tur-kitap","9":"pa_yayinevi-albaraka-yayinlari","10":"pa_yazar-mervyn-k-lewis-ahmad-kaleem","12":"first","13":"instock","14":"sale","15":"shipping-taxable","16":"purchasable","17":"product-type-simple"},"_links":{"self":[{"href":"https:\/\/roveyayinevi.com.tr\/index.php\/wp-json\/wp\/v2\/product\/732824","targetHints":{"allow":["GET"]}}],"collection":[{"href":"https:\/\/roveyayinevi.com.tr\/index.php\/wp-json\/wp\/v2\/product"}],"about":[{"href":"https:\/\/roveyayinevi.com.tr\/index.php\/wp-json\/wp\/v2\/types\/product"}],"wp:attachment":[{"href":"https:\/\/roveyayinevi.com.tr\/index.php\/wp-json\/wp\/v2\/media?parent=732824"}],"wp:term":[{"taxonomy":"product_brand","embeddable":true,"href":"https:\/\/roveyayinevi.com.tr\/index.php\/wp-json\/wp\/v2\/product_brand?post=732824"},{"taxonomy":"product_cat","embeddable":true,"href":"https:\/\/roveyayinevi.com.tr\/index.php\/wp-json\/wp\/v2\/product_cat?post=732824"},{"taxonomy":"product_tag","embeddable":true,"href":"https:\/\/roveyayinevi.com.tr\/index.php\/wp-json\/wp\/v2\/product_tag?post=732824"}],"curies":[{"name":"wp","href":"https:\/\/api.w.org\/{rel}","templated":true}]}}