{"id":732823,"date":"2025-08-27T21:58:02","date_gmt":"2025-08-27T18:58:02","guid":{"rendered":"https:\/\/roveyayinevi.com.tr\/index.php\/urun\/sosyal-sermaye-ve-risk-paylasimi\/"},"modified":"2026-04-16T02:40:44","modified_gmt":"2026-04-15T23:40:44","slug":"sosyal-sermaye-ve-risk-paylasimi","status":"publish","type":"product","link":"https:\/\/roveyayinevi.com.tr\/index.php\/urun\/sosyal-sermaye-ve-risk-paylasimi\/","title":{"rendered":"Sosyal Sermaye ve Risk Payla\u015f\u0131m\u0131"},"content":{"rendered":"<p>Bu kitap ekonomik de\u011fi\u015fimin gu\u0308\u00e7lendiricisi olan ve \u0130slami finans sisteminin temel yap\u0131 ta\u015f\u0131 olarak hem geleneksel hem de modern bak\u0131\u015f a\u00e7\u0131lar\u0131ndan sosyal sermayenin \u00f6nemine ve rolu\u0308ne dikkat \u00e7eken bir giri\u015fim niteli\u011fi ta\u015f\u0131maktad\u0131r. Bu a\u00e7\u0131dan, \u0130slami finans\u0131n ay\u0131rt edici \u00f6zelliklerini sosyal sermaye a\u00e7\u0131s\u0131ndan de\u011ferlendiren \u00f6zgu\u0308n bir \u00e7al\u0131\u015fmad\u0131r. Ayr\u0131ca, sosyal sermayeye din\u00ee a\u00e7\u0131dan yakla\u015f\u0131m\u0131n pek yayg\u0131n olmamas\u0131 nedeniyle literatu\u0308rdeki bo\u015flu\u011fu doldurmaya \u00e7al\u0131\u015fmaktad\u0131r. Bu do\u011frultuda kitap genel olarak sosyal sermaye kavram\u0131n\u0131, sosyal sermayenin finansal alana etkisini ve finansal faaliyetlerin gu\u0308ven, sosyal sermaye ve risk payla\u015f\u0131m\u0131 ile ili\u015fkisini incelemektedir.Gu\u0308venin, eti\u011fin ve ahlak\u0131n eksik oldu\u011fu bir d\u00f6nemde bu \u00e7al\u0131\u015fma, kurumsal temelleri ve \u0130slami finans\u0131n geli\u015fimini gu\u0308\u00e7lendirmek ad\u0131na ortak bir tema alt\u0131nda farkl\u0131 literatu\u0308rleri inceleyerek disipline katk\u0131 sa\u011flamaktad\u0131r.<\/p>\n","protected":false},"excerpt":{"rendered":"<p>Bu kitap ekonomik de\u011fi\u015fimin gu\u0308\u00e7lendiricisi olan ve \u0130slami finans sisteminin temel yap\u0131 ta\u015f\u0131 olarak hem geleneksel hem de modern bak\u0131\u015f a\u00e7\u0131lar\u0131ndan sosyal sermayenin \u00f6nemine ve rolu\u0308ne<span class=\"excerpt-hellip\"> [\u2026]<\/span><\/p>\n","protected":false},"featured_media":0,"template":"","meta":{"_monsterinsights_skip_tracking":false,"_monsterinsights_sitenote_active":false,"_monsterinsights_sitenote_note":"","_monsterinsights_sitenote_category":0},"product_brand":[],"product_cat":[17249,13043],"product_tag":[],"class_list":{"0":"post-732823","1":"product","2":"type-product","3":"status-publish","5":"product_cat-borsa-finans","6":"product_cat-ekonomi","7":"pa_cilt-ciltsiz","8":"pa_tur-kitap","9":"pa_yayinevi-albaraka-yayinlari","10":"pa_yazar-albaraka-yayinlari-kolektif","12":"first","13":"instock","14":"sale","15":"shipping-taxable","16":"purchasable","17":"product-type-simple"},"_links":{"self":[{"href":"https:\/\/roveyayinevi.com.tr\/index.php\/wp-json\/wp\/v2\/product\/732823","targetHints":{"allow":["GET"]}}],"collection":[{"href":"https:\/\/roveyayinevi.com.tr\/index.php\/wp-json\/wp\/v2\/product"}],"about":[{"href":"https:\/\/roveyayinevi.com.tr\/index.php\/wp-json\/wp\/v2\/types\/product"}],"wp:attachment":[{"href":"https:\/\/roveyayinevi.com.tr\/index.php\/wp-json\/wp\/v2\/media?parent=732823"}],"wp:term":[{"taxonomy":"product_brand","embeddable":true,"href":"https:\/\/roveyayinevi.com.tr\/index.php\/wp-json\/wp\/v2\/product_brand?post=732823"},{"taxonomy":"product_cat","embeddable":true,"href":"https:\/\/roveyayinevi.com.tr\/index.php\/wp-json\/wp\/v2\/product_cat?post=732823"},{"taxonomy":"product_tag","embeddable":true,"href":"https:\/\/roveyayinevi.com.tr\/index.php\/wp-json\/wp\/v2\/product_tag?post=732823"}],"curies":[{"name":"wp","href":"https:\/\/api.w.org\/{rel}","templated":true}]}}