{"id":732821,"date":"2025-08-27T21:58:00","date_gmt":"2025-08-27T18:58:00","guid":{"rendered":"https:\/\/roveyayinevi.com.tr\/index.php\/urun\/orta-cag-islam-dunyasinda-ortaklik-ve-kar\/"},"modified":"2026-04-16T02:40:44","modified_gmt":"2026-04-15T23:40:44","slug":"orta-cag-islam-dunyasinda-ortaklik-ve-kar","status":"publish","type":"product","link":"https:\/\/roveyayinevi.com.tr\/index.php\/urun\/orta-cag-islam-dunyasinda-ortaklik-ve-kar\/","title":{"rendered":"Orta \u00c7a\u011f \u0130slam D\u00fcnyas\u0131nda Ortakl\u0131k ve Kar"},"content":{"rendered":"<p>Bu \u00e7al\u0131\u015fma Abraham Udovitch\u2019in Orta \u00c7a\u011f ve Yak\u0131n Do\u011fu\u2019nun iktisadi ve sosyal hayat\u0131 u\u0308zerine yapt\u0131\u011f\u0131 akademik \u00e7al\u0131\u015fmalar\u0131n en \u00f6nemli u\u0308ru\u0308nlerinden biridir. Nitekim konuya dair kaleme al\u0131nan mu\u0308teakip \u00e7al\u0131\u015fmalarda Udovitch\u2019in eserine yap\u0131lan at\u0131flar bu kanaati destekler niteliktedir. Eser genel anlamda \u0130slam\u2019\u0131n Orta \u00c7a\u011f\u2019da Hanefi, M\u00e2lik\u00ee ve \u015e\u00e2fi\u00ee mezhepleri ba\u011flam\u0131nda \u00f6ng\u00f6rdu\u0308\u011fu\u0308 ortakl\u0131klar\u0131 ve yazara g\u00f6re bu ortakl\u0131klardan esinlenen ve hatta bizzat kendisi olan Avrupal\u0131 commenda akitlerini hem mu\u0308stakil hem de kar\u015f\u0131la\u015ft\u0131rmal\u0131 olarak ele almaktad\u0131r.Udovitch eserin giri\u015f b\u00f6lu\u0308mu\u0308nde ortakl\u0131k ve commenda akitlerini, \u201cOrta \u00c7a\u011f \u0130slam du\u0308nyas\u0131n\u0131n ticari hayat\u0131n\u0131n kusursuz birer nitel bile\u015feni\u201d olarak tan\u0131mlamaktad\u0131r. Mezk\u00fbr tan\u0131mlamadan anla\u015f\u0131laca\u011f\u0131 u\u0308zere bu eser, ortakl\u0131k ve commenda akitlerinin nitel y\u00f6nlerini ele alm\u0131\u015f, yine yazar\u0131n ifadeleri ile \u201ckaynak ve doku\u0308man yetersizli\u011finden dolay\u0131 Orta \u00c7a\u011f ticaretinin nicel taraflar\u0131na dair ara\u015ft\u0131rma yapman\u0131n bu\u0308yu\u0308k \u00f6l\u00e7u\u0308de imk\u00e2ns\u0131z olmas\u0131\u201d sebebiyle ortakl\u0131k ve commenda akitlerinin nicel y\u00f6nlerine yer vermemi\u015ftir.Eserde temel olarak kar\u015f\u0131la\u015faca\u011f\u0131m\u0131z kavramlar muf\u00e2vaza, in\u00e2n ve mud\u00e2rebe ortakl\u0131klar\u0131 (\u0130slam f\u0131kh\u0131 ba\u011flam\u0131nda) ve commendad\u0131r. S\u00f6z konusu akitlerin Orta \u00c7a\u011f \u0130slam du\u0308nyas\u0131n\u0131n iktisadi ve sosyal hayat\u0131nda oynad\u0131\u011f\u0131 rolu\u0308 ve Orta \u00c7a\u011f Avrupas\u0131 ile ili\u015fkilerini a\u00e7\u0131k bir \u015fekilde ortaya koyan Udovitch, \u201ccommendan\u0131n \u0130slam \u00f6ncesi Arap kervan ticareti ba\u011flam\u0131nda geli\u015ftirilen Arap yar\u0131madas\u0131na \u00f6zgu\u0308 bir kurum olmas\u0131 olduk\u00e7a muhtemel g\u00f6ru\u0308nmektedir\u201d ifadeleri ile commendan\u0131n k\u00f6kenine direkt olarak i\u015faret etmekte ve bu tezini pek \u00e7ok ar\u015fiv belgesi ile desteklemektedir.Bu \u00e7al\u0131\u015fma gu\u0308nu\u0308mu\u0308z faizsiz finans literatu\u0308ru\u0308ndeki Orta \u00c7a\u011f iktisadi hayat\u0131na y\u00f6nelik ara\u015ft\u0131rmalar aras\u0131nda ortakl\u0131klara dair yap\u0131lan en kapsaml\u0131 eserlerden biri olmas\u0131 hasebiyle okuyucuya doyurucu bilgiler vermekte ve s\u00f6z konusu akitlere, f\u0131k\u0131h ile ticari uygulama aras\u0131ndaki uyum veya uyumsuzluk ve\u00e7helerinden bakarak okur i\u00e7in farkl\u0131 bir bak\u0131\u015f a\u00e7\u0131s\u0131 sunmaktad\u0131r.<\/p>\n","protected":false},"excerpt":{"rendered":"<p>Bu \u00e7al\u0131\u015fma Abraham Udovitch\u2019in Orta \u00c7a\u011f ve Yak\u0131n Do\u011fu\u2019nun iktisadi ve sosyal hayat\u0131 u\u0308zerine yapt\u0131\u011f\u0131 akademik \u00e7al\u0131\u015fmalar\u0131n en \u00f6nemli u\u0308ru\u0308nlerinden biridir. Nitekim konuya dair kaleme al\u0131nan<span class=\"excerpt-hellip\"> [\u2026]<\/span><\/p>\n","protected":false},"featured_media":0,"template":"","meta":{"_monsterinsights_skip_tracking":false,"_monsterinsights_sitenote_active":false,"_monsterinsights_sitenote_note":"","_monsterinsights_sitenote_category":0},"product_brand":[],"product_cat":[17249,13043],"product_tag":[],"class_list":{"0":"post-732821","1":"product","2":"type-product","3":"status-publish","5":"product_cat-borsa-finans","6":"product_cat-ekonomi","7":"pa_cilt-ciltsiz","8":"pa_tur-kitap","9":"pa_yayinevi-albaraka-yayinlari","10":"pa_yazar-abraham-l-udovitch","12":"first","13":"instock","14":"sale","15":"shipping-taxable","16":"purchasable","17":"product-type-simple"},"_links":{"self":[{"href":"https:\/\/roveyayinevi.com.tr\/index.php\/wp-json\/wp\/v2\/product\/732821","targetHints":{"allow":["GET"]}}],"collection":[{"href":"https:\/\/roveyayinevi.com.tr\/index.php\/wp-json\/wp\/v2\/product"}],"about":[{"href":"https:\/\/roveyayinevi.com.tr\/index.php\/wp-json\/wp\/v2\/types\/product"}],"wp:attachment":[{"href":"https:\/\/roveyayinevi.com.tr\/index.php\/wp-json\/wp\/v2\/media?parent=732821"}],"wp:term":[{"taxonomy":"product_brand","embeddable":true,"href":"https:\/\/roveyayinevi.com.tr\/index.php\/wp-json\/wp\/v2\/product_brand?post=732821"},{"taxonomy":"product_cat","embeddable":true,"href":"https:\/\/roveyayinevi.com.tr\/index.php\/wp-json\/wp\/v2\/product_cat?post=732821"},{"taxonomy":"product_tag","embeddable":true,"href":"https:\/\/roveyayinevi.com.tr\/index.php\/wp-json\/wp\/v2\/product_tag?post=732821"}],"curies":[{"name":"wp","href":"https:\/\/api.w.org\/{rel}","templated":true}]}}