{"id":732819,"date":"2025-08-27T21:57:58","date_gmt":"2025-08-27T18:57:58","guid":{"rendered":"https:\/\/roveyayinevi.com.tr\/index.php\/urun\/arkadasim-olmak-ister-misin-2\/"},"modified":"2026-04-16T02:40:44","modified_gmt":"2026-04-15T23:40:44","slug":"arkadasim-olmak-ister-misin-2","status":"publish","type":"product","link":"https:\/\/roveyayinevi.com.tr\/index.php\/urun\/arkadasim-olmak-ister-misin-2\/","title":{"rendered":"Arkada\u015f\u0131m Olmak \u0130ster Misin?"},"content":{"rendered":"<p>Minik farenin e\u011flenceli ve bir o kadar da d\u00fc\u015f\u00fcnd\u00fcr\u00fcc\u00fc maceralar\u0131:Afiyet Olsun Minik Fare!Arkada\u015f\u0131m Olmak \u0130ster Misin?Minik Farenin B\u00fcy\u00fck S\u0131rr\u0131Ah! Ne G\u00fczel Ay!Ah! Ne G\u00fczel \u015eaka!Ah! Ne G\u00fczel F\u0131nd\u0131k!Senarist, ill\u00fcstrat\u00f6r ve \u00e7izer olarak y\u00fczden fazla sanat eserine imzas\u0131n\u0131 atan Eric Battut taraf\u0131ndan \u00f6zenle haz\u0131rlanan alt\u0131 kitap minik okurlarla bulu\u015fuyor.A\u00e7l\u0131k ba\u015fa vurunca midenin nas\u0131l konu\u015faca\u011f\u0131na, bir arkada\u015fa sahip olabilmek i\u00e7in neler yap\u0131labilece\u011fine, bir s\u0131rr\u0131n nas\u0131l saklanabilece\u011fine, \u015faka yapman\u0131n dozuna ve bilmeden yap\u0131lan hatalar\u0131n telafisi i\u00e7in nas\u0131l g\u00f6n\u00fcl al\u0131naca\u011f\u0131na dair birbirinden e\u011flenceli hik\u00e2yelerle tan\u0131\u015fmaya haz\u0131r m\u0131s\u0131n?Ye\u015fil fare omzuna yaslanabilece\u011fi bir arkada\u015f aramak i\u00e7in yollara d\u00fc\u015fer. Umut dolu seyahatinde bir \u00e7ekirge, bir kurba\u011fa, bir de bukalemunla kar\u015f\u0131la\u015f\u0131r ama hi\u00e7biri onunla arkada\u015f olmak istemez. Ye\u015fil fare sonras\u0131nda ise kendisi gibi ye\u015fil renkli bir fille kar\u015f\u0131la\u015f\u0131r. Sonunda bir arkada\u015f bulmu\u015ftur ama bir de ne g\u00f6rs\u00fcn! Ye\u015fil renkli filin rengi yava\u015f yava\u015f griye d\u00f6nmektedir.Ama ne olursa olsun ister ye\u015fil ister gri&#8230; Onlar\u0131n arkada\u015fl\u0131\u011f\u0131na hi\u00e7bir \u015fey engel de\u011fildir! Kalpleri \u0131s\u0131tan bir dostluk hik\u00e2yesi&#8230;<\/p>\n","protected":false},"excerpt":{"rendered":"<p>Minik farenin e\u011flenceli ve bir o kadar da d\u00fc\u015f\u00fcnd\u00fcr\u00fcc\u00fc maceralar\u0131:Afiyet Olsun Minik Fare!Arkada\u015f\u0131m Olmak \u0130ster Misin?Minik Farenin B\u00fcy\u00fck S\u0131rr\u0131Ah! Ne G\u00fczel Ay!Ah! Ne G\u00fczel \u015eaka!Ah! Ne<span class=\"excerpt-hellip\"> [\u2026]<\/span><\/p>\n","protected":false},"featured_media":0,"template":"","meta":{"_monsterinsights_skip_tracking":false,"_monsterinsights_sitenote_active":false,"_monsterinsights_sitenote_note":"","_monsterinsights_sitenote_category":0},"product_brand":[],"product_cat":[12274,12284],"product_tag":[],"class_list":{"0":"post-732819","1":"product","2":"type-product","3":"status-publish","5":"product_cat-cocuk-ve-genclik-kitaplari","6":"product_cat-hikayeler","7":"pa_cilt-ciltsiz","8":"pa_tur-kitap","9":"pa_yayinevi-albaraka-yayinlari","10":"pa_yazar-eric-battut","12":"first","13":"instock","14":"sale","15":"shipping-taxable","16":"purchasable","17":"product-type-simple"},"_links":{"self":[{"href":"https:\/\/roveyayinevi.com.tr\/index.php\/wp-json\/wp\/v2\/product\/732819","targetHints":{"allow":["GET"]}}],"collection":[{"href":"https:\/\/roveyayinevi.com.tr\/index.php\/wp-json\/wp\/v2\/product"}],"about":[{"href":"https:\/\/roveyayinevi.com.tr\/index.php\/wp-json\/wp\/v2\/types\/product"}],"wp:attachment":[{"href":"https:\/\/roveyayinevi.com.tr\/index.php\/wp-json\/wp\/v2\/media?parent=732819"}],"wp:term":[{"taxonomy":"product_brand","embeddable":true,"href":"https:\/\/roveyayinevi.com.tr\/index.php\/wp-json\/wp\/v2\/product_brand?post=732819"},{"taxonomy":"product_cat","embeddable":true,"href":"https:\/\/roveyayinevi.com.tr\/index.php\/wp-json\/wp\/v2\/product_cat?post=732819"},{"taxonomy":"product_tag","embeddable":true,"href":"https:\/\/roveyayinevi.com.tr\/index.php\/wp-json\/wp\/v2\/product_tag?post=732819"}],"curies":[{"name":"wp","href":"https:\/\/api.w.org\/{rel}","templated":true}]}}