{"id":732816,"date":"2025-08-27T21:57:54","date_gmt":"2025-08-27T18:57:54","guid":{"rendered":"https:\/\/roveyayinevi.com.tr\/index.php\/urun\/ah-ne-guzel-findik\/"},"modified":"2026-04-16T02:40:44","modified_gmt":"2026-04-15T23:40:44","slug":"ah-ne-guzel-findik","status":"publish","type":"product","link":"https:\/\/roveyayinevi.com.tr\/index.php\/urun\/ah-ne-guzel-findik\/","title":{"rendered":"Ah! Ne G\u00fczel F\u0131nd\u0131k!"},"content":{"rendered":"<p>Minik farenin e\u011flenceli ve bir o kadar da d\u00fc\u015f\u00fcnd\u00fcr\u00fcc\u00fc maceralar\u0131:Afiyet Olsun Minik Fare!Arkada\u015f\u0131m Olmak \u0130ster Misin?Minik Farenin B\u00fcy\u00fck S\u0131rr\u0131Ah! Ne G\u00fczel Ay!Ah! Ne G\u00fczel \u015eaka!Ah! Ne G\u00fczel F\u0131nd\u0131k!Senarist, ill\u00fcstrat\u00f6r ve \u00e7izer olarak y\u00fczden fazla sanat eserine imzas\u0131n\u0131 atan Eric Battut taraf\u0131ndan \u00f6zenle haz\u0131rlanan alt\u0131 kitap minik okurlarla bulu\u015fuyor.A\u00e7l\u0131k ba\u015fa vurunca midenin nas\u0131l konu\u015faca\u011f\u0131na, bir arkada\u015fa sahip olabilmek i\u00e7in neler yap\u0131labilece\u011fine, bir s\u0131rr\u0131n nas\u0131l saklanabilece\u011fine, \u015faka yapman\u0131n dozuna ve bilmeden yap\u0131lan hatalar\u0131n telafisi i\u00e7in nas\u0131l g\u00f6n\u00fcl al\u0131naca\u011f\u0131na dair birbirinden e\u011flenceli hik\u00e2yelerle tan\u0131\u015fmaya haz\u0131r m\u0131s\u0131n?Ye\u015fil Fare i\u015ftah a\u00e7\u0131c\u0131 bir f\u0131nd\u0131k g\u00f6r\u00fcr ve onu yemeyi \u00e7ok ister. Z\u0131plar, f\u0131nd\u0131\u011f\u0131n \u00fczerine atlar ama f\u0131nd\u0131k k\u0131r\u0131lmak istemez. Ye\u015fil Fare yard\u0131m i\u00e7in arkada\u015flar\u0131n\u0131 arar\u2026 Peki, sizce o g\u00fczel f\u0131nd\u0131kta ne saklan\u0131yor?<\/p>\n","protected":false},"excerpt":{"rendered":"<p>Minik farenin e\u011flenceli ve bir o kadar da d\u00fc\u015f\u00fcnd\u00fcr\u00fcc\u00fc maceralar\u0131:Afiyet Olsun Minik Fare!Arkada\u015f\u0131m Olmak \u0130ster Misin?Minik Farenin B\u00fcy\u00fck S\u0131rr\u0131Ah! Ne G\u00fczel Ay!Ah! Ne G\u00fczel \u015eaka!Ah! Ne<span class=\"excerpt-hellip\"> [\u2026]<\/span><\/p>\n","protected":false},"featured_media":0,"template":"","meta":{"_monsterinsights_skip_tracking":false,"_monsterinsights_sitenote_active":false,"_monsterinsights_sitenote_note":"","_monsterinsights_sitenote_category":0},"product_brand":[],"product_cat":[12274,12284],"product_tag":[],"class_list":{"0":"post-732816","1":"product","2":"type-product","3":"status-publish","5":"product_cat-cocuk-ve-genclik-kitaplari","6":"product_cat-hikayeler","7":"pa_cilt-ciltsiz","8":"pa_tur-kitap","9":"pa_yayinevi-albaraka-yayinlari","10":"pa_yazar-eric-barker","12":"first","13":"instock","14":"sale","15":"shipping-taxable","16":"purchasable","17":"product-type-simple"},"_links":{"self":[{"href":"https:\/\/roveyayinevi.com.tr\/index.php\/wp-json\/wp\/v2\/product\/732816","targetHints":{"allow":["GET"]}}],"collection":[{"href":"https:\/\/roveyayinevi.com.tr\/index.php\/wp-json\/wp\/v2\/product"}],"about":[{"href":"https:\/\/roveyayinevi.com.tr\/index.php\/wp-json\/wp\/v2\/types\/product"}],"wp:attachment":[{"href":"https:\/\/roveyayinevi.com.tr\/index.php\/wp-json\/wp\/v2\/media?parent=732816"}],"wp:term":[{"taxonomy":"product_brand","embeddable":true,"href":"https:\/\/roveyayinevi.com.tr\/index.php\/wp-json\/wp\/v2\/product_brand?post=732816"},{"taxonomy":"product_cat","embeddable":true,"href":"https:\/\/roveyayinevi.com.tr\/index.php\/wp-json\/wp\/v2\/product_cat?post=732816"},{"taxonomy":"product_tag","embeddable":true,"href":"https:\/\/roveyayinevi.com.tr\/index.php\/wp-json\/wp\/v2\/product_tag?post=732816"}],"curies":[{"name":"wp","href":"https:\/\/api.w.org\/{rel}","templated":true}]}}