{"id":732815,"date":"2025-08-27T21:57:54","date_gmt":"2025-08-27T18:57:54","guid":{"rendered":"https:\/\/roveyayinevi.com.tr\/index.php\/urun\/islami-mikrofinans\/"},"modified":"2026-04-16T02:40:44","modified_gmt":"2026-04-15T23:40:44","slug":"islami-mikrofinans","status":"publish","type":"product","link":"https:\/\/roveyayinevi.com.tr\/index.php\/urun\/islami-mikrofinans\/","title":{"rendered":"\u0130slami Mikrofinans"},"content":{"rendered":"<p>\u0130slami finans denildi\u011finde akla ilk gelen kurumlar \u0130slami bankalar, yani u\u0308lkemizdeki ad\u0131 ile kat\u0131l\u0131m bankalar\u0131yd\u0131. Ancak son y\u0131llarda \u0130slami finans sekt\u00f6ru\u0308nde meydana gelen geli\u015fmeler ile kat\u0131l\u0131m bankalar\u0131n\u0131n yan\u0131 s\u0131ra farkl\u0131 kurumsal yap\u0131lar da gu\u0308ndemimize girdi. Sukuk, \u0130slami endeksler gibi \u00f6rnekler bunlardan baz\u0131lar\u0131. Kurumlardaki bu geni\u015fleme \u0130slami finans\u0131n ula\u015ft\u0131\u011f\u0131 kesimlerde de de\u011fi\u015fikli\u011fe sebep oldu. Du\u0308\u015fu\u0308k gelir grubundaki ki\u015filerin finansal hizmetlere eri\u015fmesini ve b\u00f6ylece ekonomik olarak gu\u0308\u00e7lendirilmelerini hedefleyen \u0130slami mikrofinans i\u015fte bu kurumlardan bir tanesi.Son on y\u0131lda \u00f6zellikle Pakistan, Banglade\u015f, Endonezya gibi Mu\u0308slu\u0308manlar\u0131n yo\u011funlukta ya\u015fad\u0131\u011f\u0131 u\u0308lkelerde bu\u0308yu\u0308k ilerleme kaydeden \u0130slami mikrofinans, bu\u0308nyesinde bar\u0131nd\u0131rd\u0131\u011f\u0131 sosyal misyon ile bir\u00e7ok insan\u0131n hayat\u0131na dokunuyor. \u201cKarz-\u0131 hasen (gu\u0308zel bor\u00e7)\u201d u\u0308zerine kurulu yap\u0131lar\u0131n yan\u0131nda ortakl\u0131\u011fa dayal\u0131 y\u00f6ntemlerle faaliyet g\u00f6steren \u0130slami mikrofinans kurulu\u015flar\u0131n\u0131n art\u0131\u015f\u0131 da sevindirici du\u0308zeyde. Fakat Tu\u0308rkiye bu alandaki ilerlemeyi ne \u00f6l\u00e7u\u0308de yakalayabildi? Mevcut yap\u0131 ve konjonktu\u0308r bu alanda ne gibi olu\u015fumlar\u0131n kurulmas\u0131na imk\u00e2n tan\u0131yor?\u0130slami Mikrofinans kitab\u0131nda teorik bilgiler, du\u0308nyadaki farkl\u0131 uygulamalardan \u00f6rnekler ve Tu\u0308rkiye\u2019de \u0130slami mikrofinans\u0131 uygulamak isteyen kat\u0131l\u0131m bankalar\u0131 ya da sivil toplum kurulu\u015flar\u0131 i\u00e7in kapsaml\u0131 modeller mevcut. Yoksullu\u011fun azalt\u0131lmas\u0131nda herkese birtak\u0131m sorumluluklar\u0131n du\u0308\u015ftu\u0308\u011fu\u0308 gu\u0308nu\u0308mu\u0308zde, \u00e7e\u015fitli finansman y\u00f6ntemlerine ve yeni \u0130slami finans uygulamalar\u0131na ili\u015fkin kapsaml\u0131 bilgiler veren elinizdeki kitap alan\u0131nda ilklerden biri. Du\u0308nya genelinden Tu\u0308rkiye \u00f6zeline inerek mevcut durumu ve olmas\u0131 gereken yap\u0131y\u0131 sistematik bir \u015fekilde sunan kitap, yoksullukla mu\u0308cadele konusuna ilgi duyan herkes i\u00e7in ba\u015fucu eser niteli\u011finde!<\/p>\n","protected":false},"excerpt":{"rendered":"<p>\u0130slami finans denildi\u011finde akla ilk gelen kurumlar \u0130slami bankalar, yani u\u0308lkemizdeki ad\u0131 ile kat\u0131l\u0131m bankalar\u0131yd\u0131. Ancak son y\u0131llarda \u0130slami finans sekt\u00f6ru\u0308nde meydana gelen geli\u015fmeler ile kat\u0131l\u0131m<span class=\"excerpt-hellip\"> [\u2026]<\/span><\/p>\n","protected":false},"featured_media":0,"template":"","meta":{"_monsterinsights_skip_tracking":false,"_monsterinsights_sitenote_active":false,"_monsterinsights_sitenote_note":"","_monsterinsights_sitenote_category":0},"product_brand":[],"product_cat":[17249,13043],"product_tag":[],"class_list":{"0":"post-732815","1":"product","2":"type-product","3":"status-publish","5":"product_cat-borsa-finans","6":"product_cat-ekonomi","7":"pa_cilt-ciltsiz","8":"pa_tur-kitap","9":"pa_yayinevi-albaraka-yayinlari","10":"pa_yazar-mucahit-ozdemir","12":"first","13":"instock","14":"sale","15":"shipping-taxable","16":"purchasable","17":"product-type-simple"},"_links":{"self":[{"href":"https:\/\/roveyayinevi.com.tr\/index.php\/wp-json\/wp\/v2\/product\/732815","targetHints":{"allow":["GET"]}}],"collection":[{"href":"https:\/\/roveyayinevi.com.tr\/index.php\/wp-json\/wp\/v2\/product"}],"about":[{"href":"https:\/\/roveyayinevi.com.tr\/index.php\/wp-json\/wp\/v2\/types\/product"}],"wp:attachment":[{"href":"https:\/\/roveyayinevi.com.tr\/index.php\/wp-json\/wp\/v2\/media?parent=732815"}],"wp:term":[{"taxonomy":"product_brand","embeddable":true,"href":"https:\/\/roveyayinevi.com.tr\/index.php\/wp-json\/wp\/v2\/product_brand?post=732815"},{"taxonomy":"product_cat","embeddable":true,"href":"https:\/\/roveyayinevi.com.tr\/index.php\/wp-json\/wp\/v2\/product_cat?post=732815"},{"taxonomy":"product_tag","embeddable":true,"href":"https:\/\/roveyayinevi.com.tr\/index.php\/wp-json\/wp\/v2\/product_tag?post=732815"}],"curies":[{"name":"wp","href":"https:\/\/api.w.org\/{rel}","templated":true}]}}