{"id":732811,"date":"2025-08-27T21:57:49","date_gmt":"2025-08-27T18:57:49","guid":{"rendered":"https:\/\/roveyayinevi.com.tr\/index.php\/urun\/adilin-renkli-kuslari\/"},"modified":"2026-04-16T02:40:44","modified_gmt":"2026-04-15T23:40:44","slug":"adilin-renkli-kuslari","status":"publish","type":"product","link":"https:\/\/roveyayinevi.com.tr\/index.php\/urun\/adilin-renkli-kuslari\/","title":{"rendered":"Adil\u2019in Renkli Ku\u015flar\u0131"},"content":{"rendered":"<p>Adil, renkli k\u00e2\u011f\u0131tlardan origami ile ku\u015flar yapmay\u0131 \u00e7ok sever. Onlar\u0131 yapmaya ba\u015flad\u0131\u011f\u0131nda hi\u00e7bir ses onun dikkatini da\u011f\u0131tamaz. Oda kap\u0131s\u0131n\u0131n yan\u0131ndaki k\u0131rm\u0131z\u0131 \u0131\u015f\u0131\u011f\u0131 g\u00f6ru\u0308p yemek zaman\u0131n\u0131n geldi\u011fini anlayana kadar origami yapmay\u0131 su\u0308rdu\u0308ru\u0308r. Adil\u2019in i\u015fitme problemi oldu\u011fu yemek odas\u0131na girer girmez anla\u015f\u0131l\u0131r, \u00e7u\u0308nku\u0308 o ailesiyle i\u015faret diliyle ve dudak okuma y\u00f6ntemiyle ileti\u015fim kurmaya ba\u015flam\u0131\u015ft\u0131r.Bu hik\u00e2ye \u00e7ocuklara i\u015fitme kayb\u0131n\u0131n ileti\u015fimi engellemedi\u011fini anlat\u0131yor. Ayr\u0131ca i\u015fitme engelli insanlar\u0131n normal ya\u015famlar su\u0308rdu\u0308rebileceklerini ve \u00e7ok farkl\u0131 hobiler edinebileceklerini g\u00f6steriyor.<\/p>\n","protected":false},"excerpt":{"rendered":"<p>Adil, renkli k\u00e2\u011f\u0131tlardan origami ile ku\u015flar yapmay\u0131 \u00e7ok sever. Onlar\u0131 yapmaya ba\u015flad\u0131\u011f\u0131nda hi\u00e7bir ses onun dikkatini da\u011f\u0131tamaz. Oda kap\u0131s\u0131n\u0131n yan\u0131ndaki k\u0131rm\u0131z\u0131 \u0131\u015f\u0131\u011f\u0131 g\u00f6ru\u0308p yemek zaman\u0131n\u0131n geldi\u011fini<span class=\"excerpt-hellip\"> [\u2026]<\/span><\/p>\n","protected":false},"featured_media":0,"template":"","meta":{"_monsterinsights_skip_tracking":false,"_monsterinsights_sitenote_active":false,"_monsterinsights_sitenote_note":"","_monsterinsights_sitenote_category":0},"product_brand":[],"product_cat":[12274,12284],"product_tag":[],"class_list":{"0":"post-732811","1":"product","2":"type-product","3":"status-publish","5":"product_cat-cocuk-ve-genclik-kitaplari","6":"product_cat-hikayeler","7":"pa_cilt-ciltsiz","8":"pa_tur-kitap","9":"pa_yayinevi-albaraka-yayinlari","10":"pa_yazar-fatima-serafeddin","12":"first","13":"instock","14":"sale","15":"shipping-taxable","16":"purchasable","17":"product-type-simple"},"_links":{"self":[{"href":"https:\/\/roveyayinevi.com.tr\/index.php\/wp-json\/wp\/v2\/product\/732811","targetHints":{"allow":["GET"]}}],"collection":[{"href":"https:\/\/roveyayinevi.com.tr\/index.php\/wp-json\/wp\/v2\/product"}],"about":[{"href":"https:\/\/roveyayinevi.com.tr\/index.php\/wp-json\/wp\/v2\/types\/product"}],"wp:attachment":[{"href":"https:\/\/roveyayinevi.com.tr\/index.php\/wp-json\/wp\/v2\/media?parent=732811"}],"wp:term":[{"taxonomy":"product_brand","embeddable":true,"href":"https:\/\/roveyayinevi.com.tr\/index.php\/wp-json\/wp\/v2\/product_brand?post=732811"},{"taxonomy":"product_cat","embeddable":true,"href":"https:\/\/roveyayinevi.com.tr\/index.php\/wp-json\/wp\/v2\/product_cat?post=732811"},{"taxonomy":"product_tag","embeddable":true,"href":"https:\/\/roveyayinevi.com.tr\/index.php\/wp-json\/wp\/v2\/product_tag?post=732811"}],"curies":[{"name":"wp","href":"https:\/\/api.w.org\/{rel}","templated":true}]}}