{"id":732810,"date":"2025-08-27T21:57:48","date_gmt":"2025-08-27T18:57:48","guid":{"rendered":"https:\/\/roveyayinevi.com.tr\/index.php\/urun\/islami-finansta-finansal-inovasyon-ve-muhendislik\/"},"modified":"2026-04-16T02:40:44","modified_gmt":"2026-04-15T23:40:44","slug":"islami-finansta-finansal-inovasyon-ve-muhendislik","status":"publish","type":"product","link":"https:\/\/roveyayinevi.com.tr\/index.php\/urun\/islami-finansta-finansal-inovasyon-ve-muhendislik\/","title":{"rendered":"\u0130slami Finansta Finansal \u0130novasyon ve M\u00fchendislik"},"content":{"rendered":"<p>Literat\u00fcrde var olan \u00f6nemli bir bo\u015flu\u011fu doldurmak \u00fczere Samir Alamad taraf\u0131ndan kaleme al\u0131nan bu \u00e7al\u0131\u015fman\u0131n amac\u0131, \u0130slami finans ve bankac\u0131l\u0131\u011f\u0131n geli\u015fimine katk\u0131 sunmakt\u0131r. \u0130slami perspektifle finansal \u00fcr\u00fcn geli\u015ftirme uygulamalar\u0131, s\u00fcre\u00e7leri ve yap\u0131lar\u0131n\u0131 ele alan eser, yazar\u0131n doktora \u00e7al\u0131\u015fmalar\u0131 s\u0131ras\u0131nda elde etti\u011fi birtak\u0131m bulgulara dayanan ayr\u0131nt\u0131l\u0131 bir ara\u015ft\u0131rman\u0131n \u00fcr\u00fcn\u00fcd\u00fcr.\u015eer\u2019i uyum konusunda uluslararas\u0131 finans kurulu\u015flar\u0131n\u0131n dan\u0131\u015fmanl\u0131\u011f\u0131n\u0131 y\u00fcr\u00fcten Alamad, \u0130slam hukukuna g\u00f6re s\u0131f\u0131rdan bir finansal sistem in\u015fa etme ve Bat\u0131 Avrupa\u2019daki \u0130slami bankalar i\u00e7in \u00fcr\u00fcn portf\u00f6y\u00fc olu\u015fturma konular\u0131nda tavsiyelerde bulunmaktad\u0131r. Kitab\u0131n as\u0131l hedefi ise \u0130slami finansta din\u00ee kurallar\u0131n finansal inovasyon ve m\u00fchendislik \u00fczerindeki etkisini ara\u015ft\u0131rmakt\u0131r. Bu bak\u0131mdan eser, \u015feriat ile uyumlu finansal inovasyonun nelerden olu\u015ftu\u011funu ve bu durumun inovasyon s\u00fcrecini nas\u0131l etkiledi\u011fini inceleyerek yeni kavramsalla\u015ft\u0131rma ve tan\u0131mlamalar ortaya koymaktad\u0131r.<\/p>\n","protected":false},"excerpt":{"rendered":"<p>Literat\u00fcrde var olan \u00f6nemli bir bo\u015flu\u011fu doldurmak \u00fczere Samir Alamad taraf\u0131ndan kaleme al\u0131nan bu \u00e7al\u0131\u015fman\u0131n amac\u0131, \u0130slami finans ve bankac\u0131l\u0131\u011f\u0131n geli\u015fimine katk\u0131 sunmakt\u0131r. \u0130slami perspektifle finansal<span class=\"excerpt-hellip\"> [\u2026]<\/span><\/p>\n","protected":false},"featured_media":0,"template":"","meta":{"_monsterinsights_skip_tracking":false,"_monsterinsights_sitenote_active":false,"_monsterinsights_sitenote_note":"","_monsterinsights_sitenote_category":0},"product_brand":[],"product_cat":[16789,12718,12719],"product_tag":[],"class_list":{"0":"post-732810","1":"product","2":"type-product","3":"status-publish","5":"product_cat-diger-islam","6":"product_cat-din","7":"product_cat-islam","8":"pa_cilt-ciltsiz","9":"pa_tur-kitap","10":"pa_yayinevi-albaraka-yayinlari","11":"pa_yazar-samir-alamad","13":"first","14":"instock","15":"sale","16":"shipping-taxable","17":"purchasable","18":"product-type-simple"},"_links":{"self":[{"href":"https:\/\/roveyayinevi.com.tr\/index.php\/wp-json\/wp\/v2\/product\/732810","targetHints":{"allow":["GET"]}}],"collection":[{"href":"https:\/\/roveyayinevi.com.tr\/index.php\/wp-json\/wp\/v2\/product"}],"about":[{"href":"https:\/\/roveyayinevi.com.tr\/index.php\/wp-json\/wp\/v2\/types\/product"}],"wp:attachment":[{"href":"https:\/\/roveyayinevi.com.tr\/index.php\/wp-json\/wp\/v2\/media?parent=732810"}],"wp:term":[{"taxonomy":"product_brand","embeddable":true,"href":"https:\/\/roveyayinevi.com.tr\/index.php\/wp-json\/wp\/v2\/product_brand?post=732810"},{"taxonomy":"product_cat","embeddable":true,"href":"https:\/\/roveyayinevi.com.tr\/index.php\/wp-json\/wp\/v2\/product_cat?post=732810"},{"taxonomy":"product_tag","embeddable":true,"href":"https:\/\/roveyayinevi.com.tr\/index.php\/wp-json\/wp\/v2\/product_tag?post=732810"}],"curies":[{"name":"wp","href":"https:\/\/api.w.org\/{rel}","templated":true}]}}