{"id":732808,"date":"2025-08-27T21:57:46","date_gmt":"2025-08-27T18:57:46","guid":{"rendered":"https:\/\/roveyayinevi.com.tr\/index.php\/urun\/islami-finans-endustrisinde-yaratici-seri-uygunlugun-analizi\/"},"modified":"2026-04-16T02:40:44","modified_gmt":"2026-04-15T23:40:44","slug":"islami-finans-endustrisinde-yaratici-seri-uygunlugun-analizi","status":"publish","type":"product","link":"https:\/\/roveyayinevi.com.tr\/index.php\/urun\/islami-finans-endustrisinde-yaratici-seri-uygunlugun-analizi\/","title":{"rendered":"\u0130slami Finans End\u00fcstrisinde Yarat\u0131c\u0131 \u015eer\u2019i Uygunlu\u011fun Analizi"},"content":{"rendered":"<p>Yarat\u0131c\u0131 \u015fer\u2018\u00ee uygunluk, \u015feriat\u0131n lafz\u0131na uyan ancak \u015feriat\u0131n ama\u00e7lar\u0131na uygun olmayan olarak tan\u0131mlanabilir. Alkhamees bu \u00e7al\u0131\u015fmas\u0131nda Suudi Arabistan ve Birle\u015fik Krall\u0131k\u2019taki du\u0308zenleyici yakla\u015f\u0131ma odaklanarak \u0130slami finans sekt\u00f6ru\u0308ndeki yarat\u0131c\u0131 \u015fer\u2018\u00ee uygunluk konusunu ayr\u0131nt\u0131l\u0131 olarak incelemi\u015ftir. Ayr\u0131ca yarat\u0131c\u0131 \u015fer\u2018\u00ee uygunlu\u011fun \u0130slam hukuku i\u00e7in yeni bir olgu olup olmad\u0131\u011f\u0131n\u0131, \u015fer\u2018\u00ee uygunluk tart\u0131\u015fmalar\u0131nda h\u00eele kavram\u0131n\u0131n yerini ve kullan\u0131m\u0131n\u0131 tart\u0131\u015fm\u0131\u015ft\u0131r. Yazar, gu\u0308nu\u0308mu\u0308zde \u0130slami finansta en \u00e7ok kullan\u0131lan uygulamalardan biri olan teverruk\u2019u yarat\u0131c\u0131 \u015fer\u2018\u00ee uygunluk a\u00e7\u0131s\u0131ndan analiz etmi\u015f ve \u00f6zellikle organize teverruk\u2019un \u015fer\u2018\u00ee olarak uygun u\u0308ru\u0308nlerin \u00f6zg\u00fcnl\u00fc\u011f\u00fc konusunda \u015fu\u0308phe uyand\u0131rd\u0131\u011f\u0131 gerek\u00e7esiyle rib\u00e2dan daha tehlikeli oldu\u011funu ifade etmi\u015ftir.Alkhamees, hukuki farkl\u0131l\u0131klar\u0131n \u0130slami finans sekt\u00f6ru\u0308nde uygunluk i\u00e7in ciddi bir zorluk te\u015fkil etti\u011fini savunmakta ve \u00e7e\u015fitli \u0130slami finans uygulamalar\u0131n\u0131 sistemle\u015ftiren bir \u015fer\u2018\u00ee standart olu\u015fturmaya y\u00f6nelik \u00e7aba sarf edilmesini tavsiye etmektedir.<\/p>\n","protected":false},"excerpt":{"rendered":"<p>Yarat\u0131c\u0131 \u015fer\u2018\u00ee uygunluk, \u015feriat\u0131n lafz\u0131na uyan ancak \u015feriat\u0131n ama\u00e7lar\u0131na uygun olmayan olarak tan\u0131mlanabilir. Alkhamees bu \u00e7al\u0131\u015fmas\u0131nda Suudi Arabistan ve Birle\u015fik Krall\u0131k\u2019taki du\u0308zenleyici yakla\u015f\u0131ma odaklanarak \u0130slami finans<span class=\"excerpt-hellip\"> [\u2026]<\/span><\/p>\n","protected":false},"featured_media":0,"template":"","meta":{"_monsterinsights_skip_tracking":false,"_monsterinsights_sitenote_active":false,"_monsterinsights_sitenote_note":"","_monsterinsights_sitenote_category":0},"product_brand":[],"product_cat":[16789,12718,12719],"product_tag":[],"class_list":{"0":"post-732808","1":"product","2":"type-product","3":"status-publish","5":"product_cat-diger-islam","6":"product_cat-din","7":"product_cat-islam","8":"pa_cilt-ciltsiz","9":"pa_tur-kitap","10":"pa_yayinevi-albaraka-yayinlari","11":"pa_yazar-ahmad-a-alkhamees","13":"first","14":"instock","15":"sale","16":"shipping-taxable","17":"purchasable","18":"product-type-simple"},"_links":{"self":[{"href":"https:\/\/roveyayinevi.com.tr\/index.php\/wp-json\/wp\/v2\/product\/732808","targetHints":{"allow":["GET"]}}],"collection":[{"href":"https:\/\/roveyayinevi.com.tr\/index.php\/wp-json\/wp\/v2\/product"}],"about":[{"href":"https:\/\/roveyayinevi.com.tr\/index.php\/wp-json\/wp\/v2\/types\/product"}],"wp:attachment":[{"href":"https:\/\/roveyayinevi.com.tr\/index.php\/wp-json\/wp\/v2\/media?parent=732808"}],"wp:term":[{"taxonomy":"product_brand","embeddable":true,"href":"https:\/\/roveyayinevi.com.tr\/index.php\/wp-json\/wp\/v2\/product_brand?post=732808"},{"taxonomy":"product_cat","embeddable":true,"href":"https:\/\/roveyayinevi.com.tr\/index.php\/wp-json\/wp\/v2\/product_cat?post=732808"},{"taxonomy":"product_tag","embeddable":true,"href":"https:\/\/roveyayinevi.com.tr\/index.php\/wp-json\/wp\/v2\/product_tag?post=732808"}],"curies":[{"name":"wp","href":"https:\/\/api.w.org\/{rel}","templated":true}]}}