{"id":732805,"date":"2025-08-27T21:57:44","date_gmt":"2025-08-27T18:57:44","guid":{"rendered":"https:\/\/roveyayinevi.com.tr\/index.php\/urun\/hayirseverlik-ve-insan-guvenligi\/"},"modified":"2026-04-16T02:40:44","modified_gmt":"2026-04-15T23:40:44","slug":"hayirseverlik-ve-insan-guvenligi","status":"publish","type":"product","link":"https:\/\/roveyayinevi.com.tr\/index.php\/urun\/hayirseverlik-ve-insan-guvenligi\/","title":{"rendered":"Hay\u0131rseverlik ve \u0130nsan G\u00fcvenli\u011fi"},"content":{"rendered":"<p>Hay\u0131rseverlik, M\u00fcsl\u00fcmanlar\u0131n sahip oldu\u011fu yard\u0131mla\u015fma k\u00fclt\u00fcr\u00fc sayesinde y\u00fczy\u0131llar i\u00e7erisinde kurumsalla\u015fm\u0131\u015f olsa da M\u00fcsl\u00fcman co\u011frafyalarda ya\u015fayan pek \u00e7ok insan h\u00e2l\u00e2 insani krizlerle ve g\u00fcvenlik problemleriyle kar\u015f\u0131 kar\u015f\u0131ya kalmaktad\u0131r.G\u00f6nu\u0308llu\u0308lu\u0308k, y\u00f6neti\u015fim, kentsel ara\u015ft\u0131rmalar, be\u015fer\u00ee geli\u015fme ve \u0130slam ara\u015ft\u0131rmalar\u0131 konular\u0131nda uzmanla\u015fm\u0131\u015f olan Samiul Hasan\u2019\u0131n edit\u00f6rl\u00fc\u011f\u00fcn\u00fc \u00fcstlendi\u011fi bu eserde, \u0130slam\u2019\u0131n temel kavramlar\u0131ndan hay\u0131rseverli\u011fin \u00e7o\u011funlu\u011fu M\u00fcsl\u00fcman olan \u00fclkelerdeki uygulamalar\u0131na \u0131\u015f\u0131k tutulmaktad\u0131r. Bu minvalde \u00e7al\u0131\u015fman\u0131n temel hedeflerinden biri, hay\u0131rseverlik kavram\u0131n\u0131n \u0130slam\u2019daki ve \u00e7o\u011funlu\u011fu M\u00fcsl\u00fcman olan \u00fclkelerdeki yerini tespit etmek, bu kavram\u0131n pratikteki uygulamalar\u0131n\u0131 -tarihsel tecr\u00fcbeyi de g\u00f6z \u00f6n\u00fcnde bulundurarak- incelemek ve t\u00fcm bunlar\u0131n insan g\u00fcvenli\u011fi a\u00e7\u0131s\u0131ndan ne anlama geldi\u011fini saptamakt\u0131r.Eserde, bahsi ge\u00e7en \u00fclkelerdeki sa\u011fl\u0131k, e\u011fitim, toplumsal cinsiyet, hijyen ve suya ula\u015f\u0131m gibi hayati \u00f6nem arz eden problemlere dair ilgi \u00e7ekici tespitlere yer verilmektedir. Samiul Hasan sorunun tespiti ile yetinmeyip ya\u015fanan insani krizlere \u00e7\u00f6z\u00fcm olabilecek politikalar da \u00f6nermektedir.Okurlar, bu kitapta hay\u0131rseverlik ve insan g\u00fcvenli\u011fi meselelerinin kavramsal \u00e7er\u00e7evesine dair uzman g\u00f6r\u00fc\u015flerini bulabilecekleri gibi \u00e7o\u011funlu\u011fu M\u00fcsl\u00fcman olan 47 \u00fclkedeki mevcut duruma ili\u015fkin ayr\u0131nt\u0131l\u0131 bilgi sahibi de olacaklard\u0131r.<\/p>\n","protected":false},"excerpt":{"rendered":"<p>Hay\u0131rseverlik, M\u00fcsl\u00fcmanlar\u0131n sahip oldu\u011fu yard\u0131mla\u015fma k\u00fclt\u00fcr\u00fc sayesinde y\u00fczy\u0131llar i\u00e7erisinde kurumsalla\u015fm\u0131\u015f olsa da M\u00fcsl\u00fcman co\u011frafyalarda ya\u015fayan pek \u00e7ok insan h\u00e2l\u00e2 insani krizlerle ve g\u00fcvenlik problemleriyle kar\u015f\u0131 kar\u015f\u0131ya<span class=\"excerpt-hellip\"> [\u2026]<\/span><\/p>\n","protected":false},"featured_media":0,"template":"","meta":{"_monsterinsights_skip_tracking":false,"_monsterinsights_sitenote_active":false,"_monsterinsights_sitenote_note":"","_monsterinsights_sitenote_category":0},"product_brand":[],"product_cat":[12365,12364],"product_tag":[],"class_list":{"0":"post-732805","1":"product","2":"type-product","3":"status-publish","5":"product_cat-diger-genel-konular","6":"product_cat-genel-konular","7":"pa_cilt-ciltsiz","8":"pa_tur-kitap","9":"pa_yayinevi-albaraka-yayinlari","10":"pa_yazar-samiul-hasan","12":"first","13":"instock","14":"sale","15":"shipping-taxable","16":"purchasable","17":"product-type-simple"},"_links":{"self":[{"href":"https:\/\/roveyayinevi.com.tr\/index.php\/wp-json\/wp\/v2\/product\/732805","targetHints":{"allow":["GET"]}}],"collection":[{"href":"https:\/\/roveyayinevi.com.tr\/index.php\/wp-json\/wp\/v2\/product"}],"about":[{"href":"https:\/\/roveyayinevi.com.tr\/index.php\/wp-json\/wp\/v2\/types\/product"}],"wp:attachment":[{"href":"https:\/\/roveyayinevi.com.tr\/index.php\/wp-json\/wp\/v2\/media?parent=732805"}],"wp:term":[{"taxonomy":"product_brand","embeddable":true,"href":"https:\/\/roveyayinevi.com.tr\/index.php\/wp-json\/wp\/v2\/product_brand?post=732805"},{"taxonomy":"product_cat","embeddable":true,"href":"https:\/\/roveyayinevi.com.tr\/index.php\/wp-json\/wp\/v2\/product_cat?post=732805"},{"taxonomy":"product_tag","embeddable":true,"href":"https:\/\/roveyayinevi.com.tr\/index.php\/wp-json\/wp\/v2\/product_tag?post=732805"}],"curies":[{"name":"wp","href":"https:\/\/api.w.org\/{rel}","templated":true}]}}