{"id":732804,"date":"2025-08-27T21:57:43","date_gmt":"2025-08-27T18:57:43","guid":{"rendered":"https:\/\/roveyayinevi.com.tr\/index.php\/urun\/yankilanan-liderlik\/"},"modified":"2026-04-16T02:40:44","modified_gmt":"2026-04-15T23:40:44","slug":"yankilanan-liderlik","status":"publish","type":"product","link":"https:\/\/roveyayinevi.com.tr\/index.php\/urun\/yankilanan-liderlik\/","title":{"rendered":"Yank\u0131lanan Liderlik"},"content":{"rendered":"<p>De\u011ferlerle ya\u015fayan b\u00fcy\u00fck bir lider olmak m\u00fcmk\u00fcn m\u00fc? Peki bu liderli\u011fi s\u00fcrd\u00fcr\u00fclebilir k\u0131lmak nelere ba\u011fl\u0131? Y\u00f6netim alan\u0131n\u0131n \u00f6nde gelen isimlerinden dan\u0131\u015fman ve y\u00f6netici ko\u00e7u Richard E. Boyatzis ile Annie McKee kollar\u0131 s\u0131vay\u0131p konuyu mercek alt\u0131na al\u0131yor.Yank\u0131lanan Liderlik, i\u015f hayat\u0131n\u0131n y\u00fcksek talepleri ve bask\u0131lar\u0131 kar\u015f\u0131s\u0131nda liderlerin m\u00fccadelesini anlayan ve \u00f6rg\u00fctlerdeki i\u015fleyi\u015fe liderlerin deneyimi \u00fczerinden bakan nadir kitaplardan. \u00dcstelik liderli\u011fi; ak\u0131l, kalp, ruh ve beden boyutlar\u0131yla irdeleyen b\u00fct\u00fcnc\u00fcl bir yakla\u015f\u0131m ortaya koyuyor. Farkl\u0131 alanlara ait kuramlar\u0131, ara\u015ft\u0131rma bulgular\u0131n\u0131 ve felsefi ak\u0131mlar\u0131n \u00f6\u011fretilerini \u00f6zg\u00fcn bir bi\u00e7imde harmanlayarak liderlere has bir stres t\u00fcr\u00fc olan g\u00fc\u00e7 stresinin \u00fcstesinden gelme yollar\u0131n\u0131 a\u00e7\u0131kl\u0131yor. Bu h\u00e2liyle kitap, liderin kendisine ve etraf\u0131na yapabilece\u011fi zehirli etkilerin panzehrini sunuyor. Bu alandaki ara\u015ft\u0131rmac\u0131lar, bula\u015f\u0131c\u0131 duygular\u0131n ve yank\u0131lanman\u0131n nas\u0131l y\u00f6netilebilece\u011fini \u00f6\u011frenecek, b\u00f6ylece g\u00fc\u00e7l\u00fc ve olumlu ili\u015fki-i\u015f iklimi sa\u011flayabilecekler.Merhamet, bilin\u00e7li fark\u0131ndal\u0131k ve umut vas\u0131tas\u0131yla stresin \u00fcstesinden gelmenin, y\u0131pranmay\u0131 engellemenin, t\u00fckenmi\u015fli\u011fi a\u015fman\u0131n, kendinizi ve etraf\u0131n\u0131z\u0131 fiziksel, zihinsel, duygusal ve manevi olarak yenilemenin p\u00fcf noktalar\u0131 art\u0131k elinizde!<\/p>\n","protected":false},"excerpt":{"rendered":"<p>De\u011ferlerle ya\u015fayan b\u00fcy\u00fck bir lider olmak m\u00fcmk\u00fcn m\u00fc? Peki bu liderli\u011fi s\u00fcrd\u00fcr\u00fclebilir k\u0131lmak nelere ba\u011fl\u0131? Y\u00f6netim alan\u0131n\u0131n \u00f6nde gelen isimlerinden dan\u0131\u015fman ve y\u00f6netici ko\u00e7u Richard E.<span class=\"excerpt-hellip\"> [\u2026]<\/span><\/p>\n","protected":false},"featured_media":0,"template":"","meta":{"_monsterinsights_skip_tracking":false,"_monsterinsights_sitenote_active":false,"_monsterinsights_sitenote_note":"","_monsterinsights_sitenote_category":0},"product_brand":[],"product_cat":[13043,19008],"product_tag":[],"class_list":{"0":"post-732804","1":"product","2":"type-product","3":"status-publish","5":"product_cat-ekonomi","6":"product_cat-yonetim","7":"pa_cilt-ciltsiz","8":"pa_tur-kitap","9":"pa_yayinevi-albaraka-yayinlari","10":"pa_yazar-richard-e-boyatzis-annie-mckee","12":"first","13":"instock","14":"sale","15":"shipping-taxable","16":"purchasable","17":"product-type-simple"},"_links":{"self":[{"href":"https:\/\/roveyayinevi.com.tr\/index.php\/wp-json\/wp\/v2\/product\/732804","targetHints":{"allow":["GET"]}}],"collection":[{"href":"https:\/\/roveyayinevi.com.tr\/index.php\/wp-json\/wp\/v2\/product"}],"about":[{"href":"https:\/\/roveyayinevi.com.tr\/index.php\/wp-json\/wp\/v2\/types\/product"}],"wp:attachment":[{"href":"https:\/\/roveyayinevi.com.tr\/index.php\/wp-json\/wp\/v2\/media?parent=732804"}],"wp:term":[{"taxonomy":"product_brand","embeddable":true,"href":"https:\/\/roveyayinevi.com.tr\/index.php\/wp-json\/wp\/v2\/product_brand?post=732804"},{"taxonomy":"product_cat","embeddable":true,"href":"https:\/\/roveyayinevi.com.tr\/index.php\/wp-json\/wp\/v2\/product_cat?post=732804"},{"taxonomy":"product_tag","embeddable":true,"href":"https:\/\/roveyayinevi.com.tr\/index.php\/wp-json\/wp\/v2\/product_tag?post=732804"}],"curies":[{"name":"wp","href":"https:\/\/api.w.org\/{rel}","templated":true}]}}