{"id":732802,"date":"2025-08-27T21:57:42","date_gmt":"2025-08-27T18:57:42","guid":{"rendered":"https:\/\/roveyayinevi.com.tr\/index.php\/urun\/fintech-ve-islami-finans\/"},"modified":"2026-04-16T02:40:44","modified_gmt":"2026-04-15T23:40:44","slug":"fintech-ve-islami-finans","status":"publish","type":"product","link":"https:\/\/roveyayinevi.com.tr\/index.php\/urun\/fintech-ve-islami-finans\/","title":{"rendered":"Fintech ve \u0130slami Finans"},"content":{"rendered":"<p>Fintech, finans ve teknoloji du\u0308nyas\u0131n\u0131 d\u00f6nu\u0308\u015ftu\u0308rmekte ve ayn\u0131 zamanda bu alandaki geli\u015fmelere \u00f6ncu\u0308lu\u0308k etmektedir. Fintech sadece geleneksel finans sekt\u00f6ru\u0308nu\u0308 d\u00f6nu\u0308\u015ftu\u0308rmekle kalmam\u0131\u015f, ayn\u0131 zamanda \u0130slami finans piyasas\u0131n\u0131 da \u00f6nemli \u00f6l\u00e7u\u0308de etkilemi\u015ftir. Alam, Gupta ve Zameni taraf\u0131ndan kaleme al\u0131nan bu eser, okuyucuya fintechlere genel bir bak\u0131\u015f, fintechlerin finansal sekt\u00f6ru\u0308 d\u00f6nu\u0308\u015ftu\u0308rmedeki rolu\u0308 ve \u0130slami finans piyasas\u0131ndaki fintech uygulamalar\u0131n\u0131n ayr\u0131nt\u0131l\u0131 bir i\u00e7g\u00f6ru\u0308su\u0308nu\u0308 veren kapsaml\u0131 bir \u00e7aban\u0131n u\u0308ru\u0308nu\u0308du\u0308r. Blokzinciri, kitle fonlamas\u0131, yapay zek\u00e2, sigorta ve regu\u0308lasyon teknolojileri gibi fintech kategorilerine vurgu yap\u0131larak yenilik\u00e7i y\u0131k\u0131m\u0131n kalk\u0131nmay\u0131 nas\u0131l etkiledi\u011fi de g\u00f6sterilmi\u015ftir. Ayn\u0131 zamanda bu \u00e7al\u0131\u015fma, \u0130slami finansta ak\u0131ll\u0131 s\u00f6zle\u015fmelerin uygulanmas\u0131 ve \u0130slami finans\u0131n bu\u0308yu\u0308k kapsamda uyguland\u0131\u011f\u0131 u\u0308lkelerde du\u0308zenleyici y\u00f6netimlerin fintechin geli\u015fimini nas\u0131l \u015fekillendirdi\u011fi konusunda kendi alan\u0131nda bir ilktir.\u0130slami finans ve fintech alan\u0131nda olduk\u00e7a yetkin ara\u015ft\u0131rmac\u0131 ve uygulay\u0131c\u0131lar olan yazarlar, \u0130slami bankalar\u0131n geleneksel bankalar\u0131 taklit etmek yerine bu teknoloji d\u00f6nu\u0308\u015fu\u0308mu\u0308nde kendi planlar\u0131n\u0131 ve stratejilerini ba\u011f\u0131ms\u0131z bir \u015fekilde s\u00fcrd\u00fcrmesinin gereklili\u011fine vurgu yapm\u0131\u015ft\u0131r. \u0130slami finans ve fintech alan\u0131ndaki \u00f6\u011frenci ve hocalar\u0131n, du\u0308zenleyicilerin, karar vericilerin ve bankac\u0131lar\u0131n bu\u0308yu\u0308k \u00e7apta ilgisini \u00e7ekece\u011fi bir tarzda ele al\u0131nan bu kitap sa\u011flam bir rehber niteli\u011findedir.<\/p>\n","protected":false},"excerpt":{"rendered":"<p>Fintech, finans ve teknoloji du\u0308nyas\u0131n\u0131 d\u00f6nu\u0308\u015ftu\u0308rmekte ve ayn\u0131 zamanda bu alandaki geli\u015fmelere \u00f6ncu\u0308lu\u0308k etmektedir. Fintech sadece geleneksel finans sekt\u00f6ru\u0308nu\u0308 d\u00f6nu\u0308\u015ftu\u0308rmekle kalmam\u0131\u015f, ayn\u0131 zamanda \u0130slami finans piyasas\u0131n\u0131<span class=\"excerpt-hellip\"> [\u2026]<\/span><\/p>\n","protected":false},"featured_media":0,"template":"","meta":{"_monsterinsights_skip_tracking":false,"_monsterinsights_sitenote_active":false,"_monsterinsights_sitenote_note":"","_monsterinsights_sitenote_category":0},"product_brand":[],"product_cat":[17249,13043],"product_tag":[],"class_list":{"0":"post-732802","1":"product","2":"type-product","3":"status-publish","5":"product_cat-borsa-finans","6":"product_cat-ekonomi","7":"pa_cilt-ciltsiz","8":"pa_tur-kitap","9":"pa_yayinevi-albaraka-yayinlari","10":"pa_yazar-albaraka-yayinlari-kolektif","12":"first","13":"instock","14":"sale","15":"shipping-taxable","16":"purchasable","17":"product-type-simple"},"_links":{"self":[{"href":"https:\/\/roveyayinevi.com.tr\/index.php\/wp-json\/wp\/v2\/product\/732802","targetHints":{"allow":["GET"]}}],"collection":[{"href":"https:\/\/roveyayinevi.com.tr\/index.php\/wp-json\/wp\/v2\/product"}],"about":[{"href":"https:\/\/roveyayinevi.com.tr\/index.php\/wp-json\/wp\/v2\/types\/product"}],"wp:attachment":[{"href":"https:\/\/roveyayinevi.com.tr\/index.php\/wp-json\/wp\/v2\/media?parent=732802"}],"wp:term":[{"taxonomy":"product_brand","embeddable":true,"href":"https:\/\/roveyayinevi.com.tr\/index.php\/wp-json\/wp\/v2\/product_brand?post=732802"},{"taxonomy":"product_cat","embeddable":true,"href":"https:\/\/roveyayinevi.com.tr\/index.php\/wp-json\/wp\/v2\/product_cat?post=732802"},{"taxonomy":"product_tag","embeddable":true,"href":"https:\/\/roveyayinevi.com.tr\/index.php\/wp-json\/wp\/v2\/product_tag?post=732802"}],"curies":[{"name":"wp","href":"https:\/\/api.w.org\/{rel}","templated":true}]}}