{"id":732801,"date":"2025-08-27T21:57:41","date_gmt":"2025-08-27T18:57:41","guid":{"rendered":"https:\/\/roveyayinevi.com.tr\/index.php\/urun\/finansin-sosyal-etkisi-ve-gucu\/"},"modified":"2026-04-16T02:40:43","modified_gmt":"2026-04-15T23:40:43","slug":"finansin-sosyal-etkisi-ve-gucu","status":"publish","type":"product","link":"https:\/\/roveyayinevi.com.tr\/index.php\/urun\/finansin-sosyal-etkisi-ve-gucu\/","title":{"rendered":"Finans\u0131n Sosyal Etkisi ve G\u00fcc\u00fc"},"content":{"rendered":"<p>Finansal sistem, kriz u\u0308retmeye devam ederken toplumun geni\u015f bir kesimi bedelini \u00f6demek zorunda kal\u0131yor. \u00d6rne\u011fin, 2008 krizinde ku\u0308\u00e7u\u0308k bir az\u0131nl\u0131\u011f\u0131n a\u00e7g\u00f6zlu\u0308lu\u0308\u011fu\u0308 sebebiyle toplumlar\u0131n neredeyse tamam\u0131n\u0131n refah seviyesinin du\u0308\u015fmesi, telafisi mu\u0308mku\u0308n olmayan toplumsal sorunlara yol a\u00e7t\u0131. Bu noktada \u201cFinansal sistem neyi ama\u00e7lamaktad\u0131r?\u201d sorusu tekrar sorulmal\u0131d\u0131r. Bir\u00e7ok kar\u015f\u0131l\u0131\u011f\u0131 olsa da verilebilecek ilk cevap herhalde \u201cToplumun finansal ihtiya\u00e7lar\u0131n\u0131 kar\u015f\u0131lamak\u201d olmal\u0131d\u0131r. Ancak finansal sistemin bu konudaki performans\u0131n\u0131n olduk\u00e7a k\u00f6tu\u0308 oldu\u011funu g\u00f6ru\u0308yoruz.Finans\u0131n Sosyal Etkisi ve Gu\u0308cu\u0308, \u00f6nerdi\u011fi finansal sistemin merkezine sosyal etkiyi alarak farkl\u0131 bir anlay\u0131\u015f sunuyor. Ba\u015fta insan olmak u\u0308zere finansal faaliyetlerin etkiledi\u011fi tu\u0308m taraflar\u0131 hesaba katan bu yakla\u015f\u0131m, refah\u0131 bu\u0308tu\u0308ncu\u0308l bir \u015fekilde ele al\u0131yor ve eti\u011fin finans\u0131n kalbine yerle\u015ftirilmesi gerekti\u011fini vurguluyor. Bu do\u011frultuda kitapta, finansal sisteme hizmet edece\u011fine inan\u0131lan \u0130slami finans uygulamalar\u0131, farkl\u0131 bir anlay\u0131\u015fa sahip etik ve ekolojik\/sosyal\/\u015feffaf bankac\u0131l\u0131k, modern banka d\u0131\u015f\u0131 finansal kurumlardan olan kitle fonlamas\u0131, yerel \u00e7\u00f6zu\u0308mlere ba\u015far\u0131l\u0131 bir \u00f6rnek olan Garut At\u0131k Bankas\u0131 gibi \u00f6rnekler bulacaks\u0131n\u0131z.<\/p>\n","protected":false},"excerpt":{"rendered":"<p>Finansal sistem, kriz u\u0308retmeye devam ederken toplumun geni\u015f bir kesimi bedelini \u00f6demek zorunda kal\u0131yor. \u00d6rne\u011fin, 2008 krizinde ku\u0308\u00e7u\u0308k bir az\u0131nl\u0131\u011f\u0131n a\u00e7g\u00f6zlu\u0308lu\u0308\u011fu\u0308 sebebiyle toplumlar\u0131n neredeyse tamam\u0131n\u0131n refah<span class=\"excerpt-hellip\"> [\u2026]<\/span><\/p>\n","protected":false},"featured_media":0,"template":"","meta":{"_monsterinsights_skip_tracking":false,"_monsterinsights_sitenote_active":false,"_monsterinsights_sitenote_note":"","_monsterinsights_sitenote_category":0},"product_brand":[],"product_cat":[17249,13043],"product_tag":[],"class_list":{"0":"post-732801","1":"product","2":"type-product","3":"status-publish","5":"product_cat-borsa-finans","6":"product_cat-ekonomi","7":"pa_cilt-ciltsiz","8":"pa_tur-kitap","9":"pa_yayinevi-albaraka-yayinlari","10":"pa_yazar-faisal-m-atbani-cristina-trullols","12":"first","13":"instock","14":"sale","15":"shipping-taxable","16":"purchasable","17":"product-type-simple"},"_links":{"self":[{"href":"https:\/\/roveyayinevi.com.tr\/index.php\/wp-json\/wp\/v2\/product\/732801","targetHints":{"allow":["GET"]}}],"collection":[{"href":"https:\/\/roveyayinevi.com.tr\/index.php\/wp-json\/wp\/v2\/product"}],"about":[{"href":"https:\/\/roveyayinevi.com.tr\/index.php\/wp-json\/wp\/v2\/types\/product"}],"wp:attachment":[{"href":"https:\/\/roveyayinevi.com.tr\/index.php\/wp-json\/wp\/v2\/media?parent=732801"}],"wp:term":[{"taxonomy":"product_brand","embeddable":true,"href":"https:\/\/roveyayinevi.com.tr\/index.php\/wp-json\/wp\/v2\/product_brand?post=732801"},{"taxonomy":"product_cat","embeddable":true,"href":"https:\/\/roveyayinevi.com.tr\/index.php\/wp-json\/wp\/v2\/product_cat?post=732801"},{"taxonomy":"product_tag","embeddable":true,"href":"https:\/\/roveyayinevi.com.tr\/index.php\/wp-json\/wp\/v2\/product_tag?post=732801"}],"curies":[{"name":"wp","href":"https:\/\/api.w.org\/{rel}","templated":true}]}}