{"id":732800,"date":"2025-08-27T21:57:40","date_gmt":"2025-08-27T18:57:40","guid":{"rendered":"https:\/\/roveyayinevi.com.tr\/index.php\/urun\/finans-ve-iyi-toplum\/"},"modified":"2026-04-16T02:40:43","modified_gmt":"2026-04-15T23:40:43","slug":"finans-ve-iyi-toplum","status":"publish","type":"product","link":"https:\/\/roveyayinevi.com.tr\/index.php\/urun\/finans-ve-iyi-toplum\/","title":{"rendered":"Finans ve \u0130yi Toplum"},"content":{"rendered":"<p>Robert J. Shiller, finansal krizlerin ortaya \u00e7\u0131k\u0131\u015flar\u0131n\u0131 ve meydana getirdikleri y\u0131k\u0131mlar\u0131 ele al\u0131rken insan\u0131 merkeze alan bir finansal sistem teklif etmi\u015f ve bunun hem finansal kurumlar\u0131 daha etkili k\u0131laca\u011f\u0131n\u0131 hem de s\u00f6z konusu sistemi toplumun refah\u0131 i\u00e7in \u00e7al\u0131\u015f\u0131r h\u00e2le getirebilece\u011fini ileri s\u00fcrm\u00fc\u015ft\u00fcr.Yazara g\u00f6re meydana gelen krizler, finansal sekt\u00f6rdeki \u00e7\u0131kar \u00e7at\u0131\u015fmas\u0131ndan de\u011fil, kurumlar\u0131n yap\u0131sal eksikliklerinden kaynaklanmaktad\u0131r. Shiller bu tespitte bulunurken finansal yenili\u011fin yap\u0131sal geli\u015fmelerle desteklenmesi gerekti\u011fine vurgu yapmaktad\u0131r. Finansal kurumlar insani kayg\u0131lar\u0131 \u00f6nceleyen demokratik yap\u0131lar h\u00e2line geldiklerinde, yap\u0131lan finansal yeniliklerle k\u00fc\u00e7\u00fck bir az\u0131nl\u0131\u011f\u0131n \u00e7\u0131karlar\u0131 yerine t\u00fcm toplum yarar\u0131 dikkate al\u0131nm\u0131\u015f olur. E\u011fer bu durum ger\u00e7ekle\u015firse halk\u0131n finansal kurumlara ve y\u00f6neticilerine olan tepkilerinin azalmas\u0131 da m\u00fcmk\u00fcn olacakt\u0131r.Shiller finansal kapitalizm kavram\u0131n\u0131n g\u00fcn\u00fcm\u00fczde olumsuz anlam ifade etmesine kat\u0131lmamaktad\u0131r. Aksine finansal kapitalizm bir ara\u00e7 olarak kullan\u0131ld\u0131\u011f\u0131nda, finansal sistemin topluma daha faydal\u0131 h\u00e2le gelmesi ve dolay\u0131s\u0131yla sosyal fayda do\u011furmas\u0131 m\u00fcmk\u00fcnd\u00fcr. Di\u011fer taraftan finansal kurumlar\u0131n; yap\u0131sal g\u00fc\u00e7lendirme, demokratikle\u015ftirme ve insanile\u015ftirme politikalar\u0131 \u00e7er\u00e7evesinde yeniden de\u011ferlendirilmesi gerekti\u011fini ve belirli bir az\u0131nl\u0131k z\u00fcmreye hizmet etmek yerine, toplumun genelinin yarar\u0131n\u0131 \u00f6nceleyen bir yap\u0131ya d\u00f6n\u00fc\u015ft\u00fcr\u00fclmesinin elzem oldu\u011funu iddia etmektedir.<\/p>\n","protected":false},"excerpt":{"rendered":"<p>Robert J. Shiller, finansal krizlerin ortaya \u00e7\u0131k\u0131\u015flar\u0131n\u0131 ve meydana getirdikleri y\u0131k\u0131mlar\u0131 ele al\u0131rken insan\u0131 merkeze alan bir finansal sistem teklif etmi\u015f ve bunun hem finansal kurumlar\u0131<span class=\"excerpt-hellip\"> [\u2026]<\/span><\/p>\n","protected":false},"featured_media":0,"template":"","meta":{"_monsterinsights_skip_tracking":false,"_monsterinsights_sitenote_active":false,"_monsterinsights_sitenote_note":"","_monsterinsights_sitenote_category":0},"product_brand":[],"product_cat":[17249,13043],"product_tag":[],"class_list":{"0":"post-732800","1":"product","2":"type-product","3":"status-publish","5":"product_cat-borsa-finans","6":"product_cat-ekonomi","7":"pa_cilt-ciltsiz","8":"pa_tur-kitap","9":"pa_yayinevi-albaraka-yayinlari","10":"pa_yazar-robert-j-shiller","12":"first","13":"instock","14":"sale","15":"shipping-taxable","16":"purchasable","17":"product-type-simple"},"_links":{"self":[{"href":"https:\/\/roveyayinevi.com.tr\/index.php\/wp-json\/wp\/v2\/product\/732800","targetHints":{"allow":["GET"]}}],"collection":[{"href":"https:\/\/roveyayinevi.com.tr\/index.php\/wp-json\/wp\/v2\/product"}],"about":[{"href":"https:\/\/roveyayinevi.com.tr\/index.php\/wp-json\/wp\/v2\/types\/product"}],"wp:attachment":[{"href":"https:\/\/roveyayinevi.com.tr\/index.php\/wp-json\/wp\/v2\/media?parent=732800"}],"wp:term":[{"taxonomy":"product_brand","embeddable":true,"href":"https:\/\/roveyayinevi.com.tr\/index.php\/wp-json\/wp\/v2\/product_brand?post=732800"},{"taxonomy":"product_cat","embeddable":true,"href":"https:\/\/roveyayinevi.com.tr\/index.php\/wp-json\/wp\/v2\/product_cat?post=732800"},{"taxonomy":"product_tag","embeddable":true,"href":"https:\/\/roveyayinevi.com.tr\/index.php\/wp-json\/wp\/v2\/product_tag?post=732800"}],"curies":[{"name":"wp","href":"https:\/\/api.w.org\/{rel}","templated":true}]}}