{"id":732798,"date":"2025-08-27T21:57:38","date_gmt":"2025-08-27T18:57:38","guid":{"rendered":"https:\/\/roveyayinevi.com.tr\/index.php\/urun\/ekonomik-analiz\/"},"modified":"2026-04-16T02:40:43","modified_gmt":"2026-04-15T23:40:43","slug":"ekonomik-analiz","status":"publish","type":"product","link":"https:\/\/roveyayinevi.com.tr\/index.php\/urun\/ekonomik-analiz\/","title":{"rendered":"Ekonomik Analiz"},"content":{"rendered":"<p>Mabid Ali Al-Jarhi, bir disiplin olarak art\u0131k \u00fcniversitelerde okutulmaya ba\u015flanan \u0130slam iktisad\u0131n\u0131 konvansiyonel iktisad\u0131n de\u011fi\u015fkenleriyle analiz etmektedir. \u0130slam\u2019\u0131n iktisadi hayata bak\u0131\u015f\u0131 ile ilgili olarak ge\u00e7mi\u015ften g\u00fcn\u00fcm\u00fcze \u00f6nemli \u0130slam \u00e2limlerinin temel iktisadi meselelere ili\u015fkin g\u00f6r\u00fc\u015flerine de kitapta yer vermi\u015ftir.Al-Jarhi, eserinde \u00f6zellikle \u201cB\u00fcy\u00fck Durgunluk\u201d olarak adland\u0131r\u0131lan 2008 K\u00fcresel Finans Krizi ile birlikte konvansiyonel iktisat teorisine ili\u015fkin g\u00fcn y\u00fcz\u00fcne \u00e7\u0131kan iktisadi sorunlara odaklanarak geleneksel iktisat teorisinin a\u00e7mazlar\u0131n\u0131 ele almaktad\u0131r. Di\u011fer taraftan, \u0130slami finansta g\u00fcn\u00fcm\u00fczde kullan\u0131lan finansal ara\u00e7lar ve k\u00f6kenlerine ili\u015fkin bilgiler takdim etmekte ve \u0130slami finansta riskten korunma (hegging) konusunu ayr\u0131nt\u0131l\u0131 bir \u015fekilde ele alarak \u0130slami finans\u0131n iktisadi a\u00e7\u0131dan kapsaml\u0131 bir tahlilini yapmaktad\u0131r.Al-Jarhi\u2019ye g\u00f6re, mant\u0131ksal ve rasyonel bir temelde tesis edilecek olan \u0130slami ekonomik sistem; g\u00fc\u00e7l\u00fc bir yat\u0131r\u0131m y\u00f6nelimine, kapitalizmde eksik olan \u00f6z sermaye taraf\u0131n\u0131 zorunlu k\u0131lan \u00f6zelliklere sahip, kamu hizmetlerinin sa\u011flanmas\u0131nda hay\u0131r faaliyetlerini \u00f6n plana \u00e7\u0131karan ve \u00f6zellikle \u00f6zel sekt\u00f6re aktif bir rol veren bir piyasa ekonomisidir. Ayn\u0131 zamanda yazar M\u00fcsl\u00fcmanlar\u0131n, \u0130slam\u2019\u0131n en \u00f6nemli s\u00fctunlar\u0131ndan ikisi olan akl\u0131n kullan\u0131lmas\u0131 ve \u015fura konusunda yeterince zaman harcamad\u0131klar\u0131n\u0131 hatta bunlar\u0131 g\u00f6rmezden geldiklerini iddia etmektedir. Dolay\u0131s\u0131yla elinizdeki eser, h\u00e2kim geleneksel iktisat doktrininin metodolojik ve analitik bir temelde sa\u011flam bir ele\u015ftirisini yapmak isteyen, yazar\u0131n \u00fc\u00e7\u00fcnc\u00fc nesil \u0130slam iktisat\u00e7\u0131lar\u0131 olarak adland\u0131rd\u0131\u011f\u0131 ki\u015filere y\u00f6nelik bir rehber kitab\u0131 mahiyetindedir.<\/p>\n","protected":false},"excerpt":{"rendered":"<p>Mabid Ali Al-Jarhi, bir disiplin olarak art\u0131k \u00fcniversitelerde okutulmaya ba\u015flanan \u0130slam iktisad\u0131n\u0131 konvansiyonel iktisad\u0131n de\u011fi\u015fkenleriyle analiz etmektedir. \u0130slam\u2019\u0131n iktisadi hayata bak\u0131\u015f\u0131 ile ilgili olarak ge\u00e7mi\u015ften g\u00fcn\u00fcm\u00fcze<span class=\"excerpt-hellip\"> [\u2026]<\/span><\/p>\n","protected":false},"featured_media":0,"template":"","meta":{"_monsterinsights_skip_tracking":false,"_monsterinsights_sitenote_active":false,"_monsterinsights_sitenote_note":"","_monsterinsights_sitenote_category":0},"product_brand":[],"product_cat":[16789,12718,12719],"product_tag":[],"class_list":{"0":"post-732798","1":"product","2":"type-product","3":"status-publish","5":"product_cat-diger-islam","6":"product_cat-din","7":"product_cat-islam","8":"pa_cilt-ciltsiz","9":"pa_tur-kitap","10":"pa_yayinevi-albaraka-yayinlari","11":"pa_yazar-mabid-ali-al-jarhi","13":"first","14":"instock","15":"sale","16":"shipping-taxable","17":"purchasable","18":"product-type-simple"},"_links":{"self":[{"href":"https:\/\/roveyayinevi.com.tr\/index.php\/wp-json\/wp\/v2\/product\/732798","targetHints":{"allow":["GET"]}}],"collection":[{"href":"https:\/\/roveyayinevi.com.tr\/index.php\/wp-json\/wp\/v2\/product"}],"about":[{"href":"https:\/\/roveyayinevi.com.tr\/index.php\/wp-json\/wp\/v2\/types\/product"}],"wp:attachment":[{"href":"https:\/\/roveyayinevi.com.tr\/index.php\/wp-json\/wp\/v2\/media?parent=732798"}],"wp:term":[{"taxonomy":"product_brand","embeddable":true,"href":"https:\/\/roveyayinevi.com.tr\/index.php\/wp-json\/wp\/v2\/product_brand?post=732798"},{"taxonomy":"product_cat","embeddable":true,"href":"https:\/\/roveyayinevi.com.tr\/index.php\/wp-json\/wp\/v2\/product_cat?post=732798"},{"taxonomy":"product_tag","embeddable":true,"href":"https:\/\/roveyayinevi.com.tr\/index.php\/wp-json\/wp\/v2\/product_tag?post=732798"}],"curies":[{"name":"wp","href":"https:\/\/api.w.org\/{rel}","templated":true}]}}